{"id":13,"date":"2014-09-14T09:19:49","date_gmt":"2014-09-14T09:19:49","guid":{"rendered":"http:\/\/localhost\/final-leisure\/?page_id=13"},"modified":"2023-02-01T09:17:36","modified_gmt":"2023-02-01T08:17:36","slug":"kongresy-svadby","status":"publish","type":"page","link":"https:\/\/hotelvictoria.sk\/de\/kongresy-svadby\/","title":{"rendered":"Kongresszentrum"},"content":{"rendered":"<div class=\"wpb-content-wrapper\">[vc_row full_width=&#8220;stretch_row&#8220; position=&#8220;center center&#8220; parallax_layers=&#8220;yes&#8220; css=&#8220;.vc_custom_1517775488349{background-position: 0 0 !important;background-repeat: repeat !important;}&#8220; el_class=&#8220;bg-size&#8220; parallax_offset=&#8220;700&#8243;][vc_column width=&#8220;1\/2&#8243;][vc_images_carousel images=&#8220;3019,3020,3021,3022,6584,6536&#8243; wrap=&#8220;yes&#8220;][\/vc_column][vc_column width=&#8220;1\/2&#8243;][vc_column_text]\n<h2>Kongresszentrum<\/h2>\n<p>Im Hotel befindet sich ein modernes und ger\u00e4umiges Kongresszentrum mit kompletter Ausstattung, Audio- und Videotechnik, Internetzugang und nat\u00fcrlich Klimaanlage. F\u00fcr Ihre Konferenzen, Seminare, Schulungen und andere Firmenveranstaltungen bieten wir R\u00e4ume mit einer Kapazit\u00e4t von 20 bis 350 Personen. Sie k\u00f6nnen einen Tagungsraum, einen Lounge, 2 Kongressr\u00e4ume oder einen Biersalon mieten.<\/p>\n<p><strong>Hochzeit<\/strong><\/p>\n<p>Damit Ihr Hochzeitstag zu einem unvergesslichen Ereignis wird, feiern Sie ihn im Hotel Victoria.<\/p>\n<p>Die Trauung im Park hat eine einzigartige Atmosph\u00e4re. F\u00fcr das Hochzeitsfest bieten wir R\u00e4ume mit einer Kapazit\u00e4t von 350 Personen. Der Hochzeitsraum kann f\u00fcr jeden Hochzeitsstil mit Hochzeitsdekoration und Blumen feierlich versehen werden. Wir bieten auch klassische runde Tische, Chiavari und Konferenzst\u00fchle an.<\/p>\n<p>Kulinarische Spezialit\u00e4ten aus einheimischen Produkten geben dem Hochzeitsmenu einen leckeren Geschmack, der jeden Hochzeitsgast begeistern wird. Entscheidend sind Atmosph\u00e4re, Qualit\u00e4t von Speis und Trank und ein perfekter Service.<\/p>\n<p>Besuchen Sie unser Hotel, treffen Sie unser Personal, probieren Sie unsere Spezialit\u00e4ten und \u00fcberzeugen Sie sich, dass Hotel Victoria f\u00fcr Ihre Hochzeit eine perfekte Wahl ist.<\/p>\n<p>F\u00fcr weitere Informationen kontaktieren Sie uns per e-mail: <a href=\"mailto:recepcia@hotelvictoria.sk\">recepcia@hotelvictoria.sk<\/a>, oder unter der Telefonnummer: <a href=\"tel:+421434304836\">(+421) 43 43 04 836<\/a>, <a href=\"tel:+421911406407\">(+421) 911 406 407<\/a><\/p>\n<ul class=\"list-pointer\">\n<li>Komplette Ausstattung mit Klimaanlage, Audio- und Videotechnik, Internet<\/li>\n<li>Andere M\u00f6glichkeiten: Konferenzen, Seminare, Schulungen, Hochzeiten, Feiern, B\u00e4lle, Firmenveranstaltungen<\/li>\n<li>Kapazit\u00e4t: 20 &#8211; 350 Personen (Salon, Tagungsraum, Kongress I, Kongress II, Brauhaus)<\/li>\n<li>Mit der Hochzeitsvorbereitung haben wir viele guten Erfahrungen<\/li>\n<li>Wir bereiten Hochzeitsfest, die Trauung und alle wichtigen Details nach Ihren Vorstellungen vor<\/li>\n<\/ul>\n[\/vc_column_text][\/vc_column][\/vc_row][vc_row][vc_column width=&#8220;1\/6&#8243;][\/vc_column][vc_column width=&#8220;2\/3&#8243;][vc_accordion active_tab=&#8220;false&#8220;][vc_accordion_tab title=&#8220;Kongressr\u00e4ume&#8220;][vc_column_text]\n<table class=\"table table-responsive\" border=\"0\" width=\"100%\" cellspacing=\"0\" cellpadding=\"0\">\n<thead>\n<tr>\n<td class=\"first\" rowspan=\"2\"><span class=\"text-green\">Mies\u0165nos\u0165<\/span><\/td>\n<td rowspan=\"2\"><span class=\"text-green\">Rozmer<\/span><\/td>\n<td colspan=\"4\"><span class=\"text-green\">Kapacita (po\u010det os\u00f4b)<\/span><\/td>\n<td rowspan=\"2\"><span class=\"text-green\">Cena \/ de\u0148<br \/>\n(bez DPH)<\/span><\/td>\n<td rowspan=\"2\"><span class=\"text-green\">Okn\u00e1<\/span><\/td>\n<td class=\"last\" rowspan=\"2\"><span class=\"text-green\">Klimatiz\u00e1cia<\/span><\/td>\n<\/tr>\n<tr>\n<td><span class=\"text-green\">Stoly \/ banket<\/span><\/td>\n<td><span class=\"text-green\">\u0160kolsk\u00e9 sedenie<\/span><\/td>\n<td><span class=\"text-green\">Recepcia \/ kokteil<\/span><\/td>\n<td><span class=\"text-green\">Kino<\/span><\/td>\n<\/tr>\n<\/thead>\n<tbody>\n<tr>\n<td>Congres<\/td>\n<td>220 m<sup>2<\/sup><br \/>\n(18,5m x 12m)<\/td>\n<td>150<\/td>\n<td>170<\/td>\n<td>180<\/td>\n<td>220<\/td>\n<td>600 EUR<\/td>\n<td>\u00e1no<\/td>\n<td>\u00e1no<\/td>\n<\/tr>\n<tr>\n<td>Congres I.<\/td>\n<td>110 m<sup>2<\/sup><br \/>\n(9m x 12m)<\/td>\n<td>80<\/td>\n<td>90<\/td>\n<td>100<\/td>\n<td>110<\/td>\n<td>300 EUR<\/td>\n<td>\u00e1no<\/td>\n<td>\u00e1no<\/td>\n<\/tr>\n<tr>\n<td>Congres II.<\/td>\n<td>110 m<sup>2<\/sup><br \/>\n(9m x 12m)<\/td>\n<td>80<\/td>\n<td>90<\/td>\n<td>100<\/td>\n<td>110<\/td>\n<td>300 EUR<\/td>\n<td>\u00e1no<\/td>\n<td>\u00e1no<\/td>\n<\/tr>\n<tr>\n<td>Sal\u00f3nik<\/td>\n<td>45 m<sup>2<\/sup><br \/>\n(4,5m x 10m)<\/td>\n<td>25<\/td>\n<td>&#8211;<\/td>\n<td>&#8211;<\/td>\n<td>40<\/td>\n<td>100 EUR<\/td>\n<td>\u00e1no<\/td>\n<td>\u00e1no<\/td>\n<\/tr>\n<tr>\n<td>Meeting room<\/td>\n<td>33 m<sup>2<\/sup><br \/>\n(5,5m x 6m)<\/td>\n<td>25<\/td>\n<td>25<\/td>\n<td>&#8211;<\/td>\n<td>30<\/td>\n<td>80 EUR<\/td>\n<td>\u00e1no<\/td>\n<td>&#8211;<\/td>\n<\/tr>\n<\/tbody>\n<\/table>\n<p>Pren\u00e1jom kompletn\u00fdch hotelov\u00fdch priestorov (vr\u00e1tane parkov\u00edsk) za \u00fa\u010delom konania v\u00fdstav, firemn\u00fdch prezent\u00e1ci\u00ed, workshopov s maxim\u00e1lnou kapacitou 400 os\u00f4b. Cena 4000 EUR \/ de\u0148.[\/vc_column_text][\/vc_accordion_tab][vc_accordion_tab title=&#8220;Tagungsr\u00e4ume&#8220;][vc_column_text]\n<table class=\"table table-responsive\" border=\"0\" width=\"100%\" cellspacing=\"0\" cellpadding=\"0\">\n<thead>\n<tr>\n<td class=\"first\" rowspan=\"2\"><span class=\"text-green\">Mies\u0165nos\u0165<\/span><\/td>\n<td rowspan=\"2\"><span class=\"text-green\">Rozmer<\/span><\/td>\n<td colspan=\"4\"><span class=\"text-green\">Kapacita (po\u010det os\u00f4b)<\/span><\/td>\n<td rowspan=\"2\"><span class=\"text-green\">Cena \/ de\u0148<\/span><\/p>\n<p>(bez DPH)<\/td>\n<td rowspan=\"2\"><span class=\"text-green\">Okn\u00e1<\/span><\/td>\n<td class=\"last\" rowspan=\"2\"><span class=\"text-green\">Klimatiz\u00e1cia<\/span><\/td>\n<\/tr>\n<tr>\n<td><span class=\"text-green\">Stoly \/ banket<\/span><\/td>\n<td><span class=\"text-green\">\u0160kolsk\u00e9 sedenie<\/span><\/td>\n<td><span class=\"text-green\">Recepcia \/ kokteil<\/span><\/td>\n<td><span class=\"text-green\">Kino<\/span><\/td>\n<\/tr>\n<\/thead>\n<tbody>\n<tr>\n<td>Lobby bar<\/td>\n<td>450 m<sup>2<\/sup><\/td>\n<td>150<\/td>\n<td>&#8211;<\/td>\n<td>250<\/td>\n<td>&#8211;<\/td>\n<td>&#8211;<\/td>\n<td>\u00e1no<\/td>\n<td>\u00e1no<\/td>\n<\/tr>\n<tr>\n<td>Re\u0161taur\u00e1cia<\/td>\n<td>105 m<sup>2<\/sup><\/td>\n<td>80<\/td>\n<td>&#8211;<\/td>\n<td>&#8211;<\/td>\n<td>&#8211;<\/td>\n<td>&#8211;<\/td>\n<td>\u00e1no<\/td>\n<td>\u00e1no<\/td>\n<\/tr>\n<tr>\n<td>Sal\u00f3n \u201eEl Barco\u201c<\/td>\n<td>30 m<sup>2<\/sup><\/td>\n<td>&#8211;<\/td>\n<td>&#8211;<\/td>\n<td>20<\/td>\n<td>&#8211;<\/td>\n<td>&#8211;<\/td>\n<td>\u00e1no<\/td>\n<td>\u00e1no<\/td>\n<\/tr>\n<tr>\n<td>Vinot\u00e9ka<\/td>\n<td>25 m<sup>2<\/sup><\/td>\n<td>&#8211;<\/td>\n<td>&#8211;<\/td>\n<td>15<\/td>\n<td>&#8211;<\/td>\n<td>&#8211;<\/td>\n<td>&#8211;<\/td>\n<td>&#8211;<\/td>\n<\/tr>\n<tr>\n<td>Pivovarn\u00edcky sal\u00f3n<\/td>\n<td>70 m<sup>2<\/sup><\/td>\n<td>50 \u2013 70<\/td>\n<td>&#8211;<\/td>\n<td>&#8211;<\/td>\n<td>&#8211;<\/td>\n<td>150 EUR<\/td>\n<td>\u00e1no<\/td>\n<td>\u00e1no<\/td>\n<\/tr>\n<\/tbody>\n<\/table>\n[\/vc_column_text][\/vc_accordion_tab][vc_accordion_tab title=&#8220;Audiovizu\u00e1lne slu\u017eby&#8220;][vc_column_text]\n<table class=\"table table-responsive\" border=\"0\" width=\"100%\" cellspacing=\"0\" cellpadding=\"0\">\n<thead>\n<tr>\n<td class=\"first\" rowspan=\"2\"><span class=\"text-green\">Typ slu\u017eby<\/span><\/td>\n<td class=\"last\" rowspan=\"2\"><span class=\"text-green\">Opis slu\u017eby<\/span><\/td>\n<\/tr>\n<\/thead>\n<tbody>\n<tr>\n<td>Ozvu\u010denie<\/td>\n<td>\u0160tandardn\u00e9 kongresov\u00e9 ozvu\u010denie a osvetlenie \u2013 kongres, bankety, plesy\u2026 Dr\u00f4tov\u00fd a bezdr\u00f4tov\u00fd mikrof\u00f3n, re\u010dn\u00edcky pult<\/td>\n<\/tr>\n<tr>\n<td>Prezenta\u010dn\u00e1 technika<\/td>\n<td>3 x dataprojektor, 3 x premietacie pl\u00e1tno, TV plazma, flipchart<\/td>\n<\/tr>\n<tr>\n<td>Internet<\/td>\n<td>WI-fi a DSL pripojenie v celom objekte<\/td>\n<\/tr>\n<tr>\n<td>Kancel\u00e1rske slu\u017eby<\/td>\n<td>Blok, pero, fax, PC, tla\u010diare\u0148, kop\u00edrovanie, telef\u00f3n<\/td>\n<\/tr>\n<\/tbody>\n<\/table>\n[\/vc_column_text][\/vc_accordion_tab][\/vc_accordion][vc_column_text css=&#8220;.vc_custom_1517780327238{margin-top: 50px !important;}&#8220;]\n<h4>P\u00f4dorysy:<\/h4>\n[\/vc_column_text][vc_gallery images=&#8220;3032,3031,3030,3029,3028&#8243; columns=&#8220;5&#8243;][\/vc_column][vc_column width=&#8220;1\/6&#8243;][\/vc_column][\/vc_row][vc_row full_width=&#8220;stretch_row&#8220; css=&#8220;.vc_custom_1517777802803{padding-top: 80px !important;background-image: url(http:\/\/hotelvictoria.sk\/wp-content\/uploads\/2018\/02\/DJ0_9426-k\u00f3pia.jpg?id=3021) !important;background-position: center !important;background-repeat: no-repeat !important;background-size: cover !important;}&#8220;][vc_column width=&#8220;1\/2&#8243; offset=&#8220;vc_col-sm-offset-3&#8243; el_class=&#8220;white-box&#8220; css=&#8220;.vc_custom_1517777930955{padding-top: 30px !important;padding-right: 20px !important;padding-bottom: 30px !important;padding-left: 20px !important;}&#8220;][vc_column_text el_class=&#8220;text-center&#8220;]\n<h2 class=\"text-uppercase text-center\" style=\"text-align: center;\">Partneri:<\/h2>\n<p><strong>Hudobn\u00e1 produkcia:<\/strong><\/p>\n<p><a title=\"DJ Chvojka\" href=\"http:\/\/www.djchvojka.eu\/\">DJ Chvojka\u00a0<\/a>\u00a0\/\u00a0\u00a0<a title=\"Viedodisco party\" href=\"http:\/\/www.videodiscoparty.sk\/dj-starnu.html\">DJ Haliena<\/a>\u00a0 \/\u00a0\u00a0<a title=\"DJ Laky\" href=\"http:\/\/djlaky.webnode.sk\/\">DJ Laky<\/a><\/p>\n<p><strong>Fotografovanie:<\/strong><\/p>\n<p><a href=\"http:\/\/michalbuchta.cz\/#svatby\">Fotograf Michal Buchta<\/a><a title=\"Michal Pi\u0161n\u00fd\" href=\"http:\/\/www.michalpisny.sk\/\"> \/ Fotograf Michal Pi\u0161n\u00fd\u00a0<\/a> \/\u00a0\u00a0Fotograf Matej \u017dofaj \/\u00a0<a title=\"Guardo\" href=\"http:\/\/guardo.eu\/\">Fotograf Radovan \u201cGuardo\u201d Halu\u0161ka<\/a><\/p>\n<p><strong>V\u00fdzdoba, svadobn\u00e9 agent\u00fary:<\/strong><\/p>\n<p><a title=\"Adell Decor\" href=\"https:\/\/www.facebook.com\/Adelldecor\/\">Ad\u00e9ll Decor<\/a>\u00a0 \u00a0\/\u00a0\u00a0<a title=\"\u010carovn\u00fd de\u0148\" href=\"http:\/\/www.carovnyden.sk\/\">\u010carovn\u00fd de\u0148<\/a>\u00a0 \/\u00a0\u00a0<a title=\"Jedna rados\u0165\" href=\"http:\/\/www.jednaradost.sk\/\">Jedna rados\u0165<\/a><\/p>\n<p><strong>Svadbn\u00e9 l\u00ed\u010denie<\/strong><\/p>\n<p>Kozmetick\u00e9 poradenstvo a viz\u00e1\u017eistka Iveta Frk\u00e1\u0148ov\u00e1 \u2013 0948 894 496, iveta.frkanova@gmail.com[\/vc_column_text][\/vc_column][\/vc_row]\n<\/div>","protected":false},"excerpt":{"rendered":"<p>[vc_row full_width=&#8220;stretch_row&#8220; position=&#8220;center center&#8220; parallax_layers=&#8220;yes&#8220; css=&#8220;.vc_custom_1517775488349{background-position: 0 0 !important;background-repeat: repeat !important;}&#8220; el_class=&#8220;bg-size&#8220; parallax_offset=&#8220;700&#8243;][vc_column width=&#8220;1\/2&#8243;][vc_images_carousel images=&#8220;3019,3020,3021,3022,6584,6536&#8243; wrap=&#8220;yes&#8220;][\/vc_column][vc_column width=&#8220;1\/2&#8243;][vc_column_text] Kongresszentrum Im Hotel befindet sich ein modernes und ger\u00e4umiges Kongresszentrum mit kompletter Ausstattung, Audio- und Videotechnik, Internetzugang und nat\u00fcrlich Klimaanlage. F\u00fcr Ihre Konferenzen, Seminare, Schulungen und andere Firmenveranstaltungen bieten wir R\u00e4ume mit einer Kapazit\u00e4t von 20 bis 350 Personen. Sie k\u00f6nnen einen Tagungsraum, [&hellip;]<\/p>\n","protected":false},"author":1,"featured_media":0,"parent":0,"menu_order":0,"comment_status":"open","ping_status":"open","template":"","meta":{"footnotes":""},"class_list":["post-13","page","type-page","status-publish","hentry"],"_links":{"self":[{"href":"https:\/\/hotelvictoria.sk\/de\/wp-json\/wp\/v2\/pages\/13","targetHints":{"allow":["GET"]}}],"collection":[{"href":"https:\/\/hotelvictoria.sk\/de\/wp-json\/wp\/v2\/pages"}],"about":[{"href":"https:\/\/hotelvictoria.sk\/de\/wp-json\/wp\/v2\/types\/page"}],"author":[{"embeddable":true,"href":"https:\/\/hotelvictoria.sk\/de\/wp-json\/wp\/v2\/users\/1"}],"replies":[{"embeddable":true,"href":"https:\/\/hotelvictoria.sk\/de\/wp-json\/wp\/v2\/comments?post=13"}],"version-history":[{"count":2,"href":"https:\/\/hotelvictoria.sk\/de\/wp-json\/wp\/v2\/pages\/13\/revisions"}],"predecessor-version":[{"id":9176,"href":"https:\/\/hotelvictoria.sk\/de\/wp-json\/wp\/v2\/pages\/13\/revisions\/9176"}],"wp:attachment":[{"href":"https:\/\/hotelvictoria.sk\/de\/wp-json\/wp\/v2\/media?parent=13"}],"curies":[{"name":"wp","href":"https:\/\/api.w.org\/{rel}","templated":true}]}}