{"id":21,"date":"2014-09-14T09:20:42","date_gmt":"2014-09-14T09:20:42","guid":{"rendered":"http:\/\/localhost\/final-leisure\/?page_id=21"},"modified":"2025-11-03T17:00:38","modified_gmt":"2025-11-03T16:00:38","slug":"ubytovanie","status":"publish","type":"page","link":"https:\/\/hotelvictoria.sk\/de\/ubytovanie\/","title":{"rendered":"Unterkunft"},"content":{"rendered":"<div class=\"wpb-content-wrapper\">[vc_row position=&#8220;center right&#8220; css=&#8220;.vc_custom_1436463840612{background-position: center !important;background-repeat: no-repeat !important;background-size: contain !important;}&#8220;][vc_column width=&#8220;2\/3&#8243;][vc_column_text]\n<h3>Bei uns schl\u00e4ft man gut!<\/h3>\n<p>Hotel verf\u00fcgt \u00fcber 65 Zimmer mit 138 Betten mit der M\u00f6glichkeit der Aufbettungen. Zur Verf\u00fcgung stehen 4 Apartments und 3 Maisonette-Zimmer, die vor allem bei den Familien mit Kindern beliebt sind. Alle Zimmer sind mit der Badewanne oder Dusche ausgestattet. Die Zimmer sind mit dem Aufzug barrierefrei erreichbar. In allen Zimmern steht WLAN zur Verf\u00fcgung und Sie k\u00f6nnen kostenfrei Internet verwenden. Zur Zimmereinrichtung geh\u00f6rt ein Haartrockner, ein Safe, eine Minibar mit Kabel-TV, Badem\u00e4ntel, Handt\u00fccher und Hausschuhe. Einige Standard-Zimmer sind mit der Klimaanlage ausgestattet. In jedem Zimmer finden Sie alles, was f\u00fcr Ihren Komfort notwendig ist.<\/p>\n<p>&nbsp;<\/p>\n<blockquote style=\"text-transform: none;\"><p>Hotel Victoria bedeutet einen gesunden und hochwertigen Schlaf, wegen dem Sie nicht weit weg reisen m\u00fcssen. Frische, saubere Luft und die angenehme Umgebung der ruhigen Lokalit\u00e4t Str\u00e1ne unter dem Gebirge Martinsk\u00e9 Hole bilden alle richtigen Bedingungen f\u00fcr einen ruhigen und ungest\u00f6rten Schlaf.<\/p><\/blockquote>\n[\/vc_column_text][\/vc_column][vc_column width=&#8220;1\/4&#8243; offset=&#8220;vc_col-sm-offset-1&#8243;][vc_column_text]\n<div class=\"text-center well\">\n<span class='hotel-icon-241 hi-3x color-primary hi-boxed' ><\/span>\n<h3><small>\u00dcberpr\u00fcfen Sie die Verf\u00fcgbarkeit der Zimmer unter der Telefonnummer:<\/small> <a href=\"tel:+421911406407\">(+421) 911 406 407<\/a><\/h3>\n<\/div>\n[\/vc_column_text][\/vc_column][\/vc_row][vc_row full_width=&#8220;stretch_row&#8220; parallax=&#8220;content-moving&#8220; css=&#8220;.vc_custom_1517749057201{background-image: url(http:\/\/hotelvictoria.sk\/wp-content\/uploads\/2018\/02\/room-listing-1.jpg?id=2944) !important;background-position: center;background-repeat: no-repeat !important;background-size: cover !important;}&#8220;][vc_column width=&#8220;1\/2&#8243;][vc_column_text el_class=&#8220;white-box content-padding&#8220;]\n<h2 id=\"cove\" class=\"text-uppercase\">Zimmer<\/h2>\n<ul class=\"list-pointer\">\n<li>55x DR Standard \u2013 Double room mit zwei Betten<\/li>\n<li>3x FR- Family room \u2013 Maisonette mit vier Betten<\/li>\n<li>4x DR Standard \u201ePlus\u201c \u2013 Double room mit zwei Betten<\/li>\n<li>3x Apartment JS \u2013 zwei selbst\u00e4ndige R\u00e4ume mit zwei Betten und einer Aufbettung<\/li>\n<li>1x Apartment \u201eSuperior\u201c \u2013 Luxus -Apartment mit zwei Betten und zwei Aufbettungen<\/li>\n<\/ul>\n[\/vc_column_text][\/vc_column][vc_column width=&#8220;1\/2&#8243;][vc_images_carousel images=&#8220;6748,6756,6764,6775,6771,6864,6768&#8243; wrap=&#8220;yes&#8220;][\/vc_column][\/vc_row][vc_row el_id=&#8220;standard&#8220; css=&#8220;.vc_custom_1518375378845{margin-top: 40px !important;}&#8220;][vc_column width=&#8220;1\/2&#8243;][vc_single_image image=&#8220;6863&#8243; img_size=&#8220;full&#8220; onclick=&#8220;link_image&#8220;][\/vc_column][vc_column width=&#8220;1\/2&#8243;][vc_column_text]\n<h3>Standard<\/h3>\n<p>Hotel verf\u00fcgt \u00fcber Standardzimmer mit den Aufbettungen. Die Zimmer sind mit dem Aufzug barrierefrei erreichbar. \u00dcberall im Hotel und auch in den Zimmern steht Ihnen WLAN zur Verf\u00fcgung und Sie k\u00f6nnen Internet kostenfrei verwenden. Zur Zimmerausstattung geh\u00f6rt ein Haartrockner, ein Safe, eine Minibar und Kabel-TV. Einige Standard-Zimmer sind mit der Klimaanlage ausgestattet.<\/p>\n[\/vc_column_text][\/vc_column][\/vc_row][vc_row el_id=&#8220;standard-plus&#8220;][vc_column width=&#8220;1\/2&#8243;][vc_single_image image=&#8220;6774&#8243; img_size=&#8220;full&#8220; onclick=&#8220;link_image&#8220;][\/vc_column][vc_column width=&#8220;1\/2&#8243;][vc_column_text]\n<h3>Standard Plus<\/h3>\n<p>Unsere Neuigkeit, Zimmer der Kategorie Standard Plus, bieten eine bequeme Unterkunft mit einem Balkon, der einen wundersch\u00f6nen Blick auf die Panorama von Gebirge Gro\u00dfe Fatra erm\u00f6glicht. Diese Zimmer bieten neben der klassischen Zimmerausstattung auch die Klimaanlange und TV mit LCD- Bildschirm mit gro\u00dfer Auswahl von hochwertigen Satellitenprogrammen.[\/vc_column_text][\/vc_column][\/vc_row][vc_row el_id=&#8220;family-room&#8220;][vc_column width=&#8220;1\/2&#8243;][vc_single_image image=&#8220;6681&#8243; img_size=&#8220;full&#8220; onclick=&#8220;link_image&#8220;][\/vc_column][vc_column width=&#8220;1\/2&#8243;][vc_column_text]\n<h3>Family Room<\/h3>\n<p>Familienzimmer mit 4 Betten. Zweist\u00f6ckiges Maisonette-Zimmer mit den Dachfenstern und Klimaanlage. Zur Zimmerausstattung geh\u00f6rt eine Minibar, ein Haartrockner, ein Safe und Kabel-TV.[\/vc_column_text][\/vc_column][\/vc_row][vc_row el_id=&#8220;apartmany&#8220;][vc_column width=&#8220;1\/2&#8243;][vc_single_image image=&#8220;2976&#8243; img_size=&#8220;full&#8220; onclick=&#8220;link_image&#8220; title=&#8220;Apartm\u00e1n Superior&#8220;][\/vc_column][vc_column width=&#8220;1\/2&#8243;][vc_column_text]\n<h3>Apartments<\/h3>\n<p>Hotel verf\u00fcgt \u00fcber einen neuen <strong>Apartment Superior<\/strong> mit der ger\u00e4umigen Gesamtnutzfl\u00e4che von 70 m\u00b2. Zur Luxus-Zimmerausstattung dieses Apartments geh\u00f6ren zwei Balkonen, Klimaanlage und zwei LCD-TV, die die anspruchsvollen Komfortkriterien und Erwartungen der Hotelg\u00e4ste erf\u00fcllen.[\/vc_column_text][\/vc_column][\/vc_row][vc_row][vc_column width=&#8220;1\/2&#8243;][vc_single_image image=&#8220;7018&#8243; img_size=&#8220;full&#8220; onclick=&#8220;link_image&#8220; title=&#8220;Apartm\u00e1n JS&#8220;][\/vc_column][vc_column width=&#8220;1\/2&#8243;][vc_column_text]\n<p>Die Zimmer der Kategorie <strong>Apartment JS<\/strong> verf\u00fcgen \u00fcber die ger\u00e4umige Gesamtnutzfl\u00e4che von 50 m2. Apartment mit einem Wohnzimmer und Schlafzimmer bietet einen hohen Standard von Zimmerausstattung. Zur Verf\u00fcgung stehen Ihnen ein Badzimmer mit der Dusche, ein Balkon, eine Klimaanlage und ein LCD-TV mit gro\u00dfer Auswahl von hochwertigen Satellitenprogrammen.[\/vc_column_text][\/vc_column][\/vc_row][vc_row][vc_column width=&#8220;1\/2&#8243; offset=&#8220;vc_col-sm-offset-3&#8243;][vc_column_text el_class=&#8220;text-left&#8220;]\n<h2 style=\"text-align: center;\">Preisliste der Unterkunft<\/h2>\n<table class=\"table table-responsive\">\n<tbody>\n<tr>\n<td class=\"text-left\"><strong>1\/1 Standard<\/strong><\/td>\n<td class=\"text-right\">119 \u20ac<\/td>\n<\/tr>\n<tr>\n<td class=\"text-left\"><strong>1\/1 Standard mit Klimaanlage<\/strong><\/td>\n<td class=\"text-right\">129 \u20ac<\/td>\n<\/tr>\n<tr>\n<td class=\"text-left\"><strong>1\/2 Standard<\/strong><\/td>\n<td class=\"text-right\">139 \u20ac<\/td>\n<\/tr>\n<tr>\n<td class=\"text-left\"><strong>1\/2 Standard mit Klimaanlage<\/strong><\/td>\n<td class=\"text-right\">149 \u20ac<\/td>\n<\/tr>\n<tr>\n<td class=\"text-left\"><strong>1\/2 Standard &#8222;Plus&#8220;<\/strong><\/td>\n<td class=\"text-right\">159 \u20ac<\/td>\n<\/tr>\n<tr>\n<td class=\"text-left\"><strong>Family room<\/strong><\/td>\n<td class=\"text-right\">155 \u20ac<\/td>\n<\/tr>\n<tr>\n<td class=\"text-left\"><strong>Apartments JS<\/strong><\/td>\n<td class=\"text-right\">179 \u20ac<\/td>\n<\/tr>\n<tr>\n<td class=\"text-left\"><strong>Apartment &#8222;Superior&#8220;<\/strong><\/td>\n<td class=\"text-right\">199 \u20ac<\/td>\n<\/tr>\n<tr>\n<td class=\"text-left\"><strong>Aufbettung<\/strong><\/td>\n<td class=\"text-right\">+ 39 \u20ac<\/td>\n<\/tr>\n<\/tbody>\n<\/table>\n[\/vc_column_text][vc_column_text]Preis der Unterkunft beinhaltet keine Kurtaxe (1,0 \u20ac Person \/ Nacht).<\/p>\n<p>Preis der Unterkunft beinhaltet den Preis von hausgemachten Fr\u00fchst\u00fcck (10 EUR), Parkplatz, WLAN, Wellness (Schwimmbad, Saunas, Whirlpool) au\u00dfer Massagen.<\/p>\n<h4>Stornogeb\u00fchren<\/h4>\n<p>Bei der Absage von reserviertem Zimmer berechnen wir folgende Geb\u00fchren aus dem Preis der Unterkunft:<\/p>\n<ul class=\"list-pointer\">\n<li>von 15 bis 30 Tage vor dem Antritt &#8211; 30 % aus dem Preis der Unterkunft<\/li>\n<li>von 7 do 14 Tage vor dem Antritt &#8211; 50 % aus dem Preis der Unterkunft<\/li>\n<li>von 6 Tage vor dem Antritt &#8211; 100 % aus dem Preis der Unterkunft<\/li>\n<\/ul>\n[\/vc_column_text][\/vc_column][\/vc_row]\n<\/div>","protected":false},"excerpt":{"rendered":"<p>[vc_row position=&#8220;center right&#8220; css=&#8220;.vc_custom_1436463840612{background-position: center !important;background-repeat: no-repeat !important;background-size: contain !important;}&#8220;][vc_column width=&#8220;2\/3&#8243;][vc_column_text] Bei uns schl\u00e4ft man gut! Hotel verf\u00fcgt \u00fcber 65 Zimmer mit 138 Betten mit der M\u00f6glichkeit der Aufbettungen. Zur Verf\u00fcgung stehen 4 Apartments und 3 Maisonette-Zimmer, die vor allem bei den Familien mit Kindern beliebt sind. Alle Zimmer sind mit der Badewanne oder Dusche ausgestattet. Die Zimmer sind mit [&hellip;]<\/p>\n","protected":false},"author":1,"featured_media":0,"parent":0,"menu_order":0,"comment_status":"open","ping_status":"open","template":"","meta":{"footnotes":""},"class_list":["post-21","page","type-page","status-publish","hentry"],"_links":{"self":[{"href":"https:\/\/hotelvictoria.sk\/de\/wp-json\/wp\/v2\/pages\/21","targetHints":{"allow":["GET"]}}],"collection":[{"href":"https:\/\/hotelvictoria.sk\/de\/wp-json\/wp\/v2\/pages"}],"about":[{"href":"https:\/\/hotelvictoria.sk\/de\/wp-json\/wp\/v2\/types\/page"}],"author":[{"embeddable":true,"href":"https:\/\/hotelvictoria.sk\/de\/wp-json\/wp\/v2\/users\/1"}],"replies":[{"embeddable":true,"href":"https:\/\/hotelvictoria.sk\/de\/wp-json\/wp\/v2\/comments?post=21"}],"version-history":[{"count":18,"href":"https:\/\/hotelvictoria.sk\/de\/wp-json\/wp\/v2\/pages\/21\/revisions"}],"predecessor-version":[{"id":9569,"href":"https:\/\/hotelvictoria.sk\/de\/wp-json\/wp\/v2\/pages\/21\/revisions\/9569"}],"wp:attachment":[{"href":"https:\/\/hotelvictoria.sk\/de\/wp-json\/wp\/v2\/media?parent=21"}],"curies":[{"name":"wp","href":"https:\/\/api.w.org\/{rel}","templated":true}]}}