{"id":3012,"date":"2018-02-04T21:11:06","date_gmt":"2018-02-04T20:11:06","guid":{"rendered":"http:\/\/hotelvictoria.sk\/?page_id=3012"},"modified":"2026-03-13T11:59:04","modified_gmt":"2026-03-13T10:59:04","slug":"wellness","status":"publish","type":"page","link":"https:\/\/hotelvictoria.sk\/de\/wellness\/","title":{"rendered":"Wellness"},"content":{"rendered":"<div class=\"wpb-content-wrapper\">[vc_row][vc_column width=&#8220;1\/2&#8243;][vc_column_text]\n<h1><small>Entspannen Sie sich in unserem neuen, sch\u00f6nen und verbesserten<\/small>Wellness &amp; SPA Victoria<\/h1>\n<p>In Wellness &amp; SPA Victoria erleben Sie ideale Entspannung von K\u00f6rper und Seele. Lassen Sie sich von den H\u00e4nden der <strong>erfahrenen Masseuren<\/strong> verw\u00f6hnen. Lassen Sie ihren K\u00f6rper nach einem anstrengenden Tag in <strong>hei\u00dfen Saunas<\/strong> durchbluten. Bringen Sie ihre Muskeln im <strong>Schwimmbad <\/strong>in Bewegung oder genie\u00dfen sie ein s\u00fc\u00dfes Nichtstun in <strong>Whirlpool<\/strong>. Komplexe Entspannung beenden Sie in dem <strong>Relaxationsraum <\/strong>mit dem k\u00fchlen Bier in der Hand oder im <strong>Bierbad<\/strong>.<\/p>\n<p>Dank der Atmosph\u00e4re und R\u00e4umlichkeiten von unserem Wellness-Zentrum erreichen sie das Gef\u00fchl von <strong>Wohlstand und Ruhe<\/strong>. W\u00e4hrend der Entspannung vergessen Sie an Stress, die Zeit wird f\u00fcr eine Weile langsamer vergehen und so k\u00f6nnen Sie ungest\u00f6rt neue Energie und Kr\u00e4fte f\u00fcr n\u00e4chsten Tag sch\u00f6pfen.<\/p>\n<p>Sie m\u00fcssen nicht unbedingt ein Bierliebhaber sein um Wirkungen von <strong>Bierbad<\/strong> zu genie\u00dfen. Dank der Bierhefe und ihrem hohen Gehalt an Vitamin B und nat\u00fcrlichen Enzymen regeneriert das Bierbad die Haut des ganzen K\u00f6rpers und reinigt die Poren.[\/vc_column_text][\/vc_column][vc_column width=&#8220;1\/2&#8243;][vc_images_carousel images=&#8220;3041,6892,6891,6961,6963,6958,6957,6962,6959,8740,8739,8738,8737,8736,8735,8734&#8243; wrap=&#8220;yes&#8220; autoplay=&#8220;&#8220;][\/vc_column][\/vc_row][vc_row el_id=&#8220;bazen&#8220;][vc_column width=&#8220;1\/2&#8243;][vc_single_image image=&#8220;3035&#8243; img_size=&#8220;full&#8220; onclick=&#8220;link_image&#8220;][\/vc_column][vc_column width=&#8220;1\/2&#8243;][vc_column_text css=&#8220;.vc_custom_1525814229299{background-color: rgba(255,255,255,0.85) !important;*background-color: rgb(255,255,255) !important;}&#8220;]\n<h2>Schwimmbad<\/h2>\n<p>G\u00e4ste, die ihre Zeit mit aktiver Entspannung verbringen m\u00f6chten, k\u00f6nnen im unseren Wellness-Zentrum ein 15 Meter langes Schwimmbad mit der idealen Wassertemperatur von 26\u00b0C bis 27\u00b0C verwenden. Wassertiefe ist sowohl f\u00fcr die Schwimmer als auch f\u00fcr Nichtschwimmer geeignet. Nach der Entspannung im Schwimmbad k\u00f6nnen sich die G\u00e4ste mit den Getr\u00e4nken und Obst auf bequemen Liegest\u00fchlen am Schwimmbad erfrischen.[\/vc_column_text][\/vc_column][\/vc_row][vc_row][vc_column width=&#8220;1\/2&#8243;][vc_single_image image=&#8220;8789&#8243; img_size=&#8220;full&#8220; onclick=&#8220;link_image&#8220;][\/vc_column][vc_column width=&#8220;1\/2&#8243;][vc_column_text css=&#8220;.vc_custom_1593778562916{background-color: rgba(255,255,255,0.85) !important;*background-color: rgb(255,255,255) !important;}&#8220;]\n<h2>Whirlpool<\/h2>\n<p>Whirlpool mit der Kapazit\u00e4t von 12 bis 15 Personen und mit der Wassertemperatur von 36\u00b0C bis 38 \u00b0C bietet die kompletten Entspannung und Durchblutung von K\u00f6rper nach einem anstrengenden Tag, Schifahren oder Wandern. Der Aufenthalt im Whirlpool gibt Ihrem K\u00f6rper die gebrauchte W\u00e4rme, Massage und Kraft, die f\u00fcr die richtige Funktion der Muskeln und Gelenke notwendig ist.[\/vc_column_text][\/vc_column][\/vc_row][vc_row el_id=&#8220;sauny&#8220;][vc_column width=&#8220;1\/3&#8243;][vc_empty_space height=&#8220;120px&#8220;][vc_gallery images=&#8220;8791,3039,6958&#8243; img_size=&#8220;medium&#8220; columns=&#8220;1&#8243;][\/vc_column][vc_column width=&#8220;2\/3&#8243;][vc_column_text css=&#8220;.vc_custom_1525814363671{background-color: rgba(255,255,255,0.85) !important;*background-color: rgb(255,255,255) !important;}&#8220;]\n<h2>Saunen<\/h2>\n<p>Im Wellness &amp; SPA &#8211; Komplex befinden sich mehrere Typen von Saunas, deren wohltuende Wirkungen Sie genie\u00dfen k\u00f6nnen.<\/p>\n<p><strong>Finnische Sauna<\/strong><\/p>\n<p>Finnische Sauna wirkt auf das Immunsystem als Krankheitspr\u00e4vention und Erk\u00e4ltungsvorsorge. Aufgrund der hohen Temperatur und der niedrigen Luftfeuchtigkeit kommt es zur Durchblutung der Haut und zur Steigerung der K\u00f6rpertemperatur um 1-2\u00b0C. Durchblutung und \u00dcberhitzung des Gewebes verbessern die Elastizit\u00e4t und Beweglichkeit der Muskeln und Gelenke und so vorbeugen den Schmerzen des Bewegungsapparates. H\u00f6here Temperatur wirkt auf die Aktivit\u00e4t der Talgdr\u00fcsen, die zur Aussp\u00fclung der Verunreinigungen aus der Haut und Poren f\u00fchrt. Die empfohlene Zeit in dieser Sauna ist max. 15 Minuten. Saunatemperatur bewegt sich zwischen 90\u00b0C-100\u00b0C und die Kapazit\u00e4t der Sauna sind max. 8 Personen. Finnische Sauna wird nicht den Menschen, die an den Herzerkrankungen und an Problemen mit dem hohem Blutdruck leiden oder den Personen \u00fcber 70 Jahre empfohlen.<\/p>\n<p><strong>Infrarotsauna<\/strong><\/p>\n<p>Bei dieser modernen Sauna w\u00e4rmt die Infrarotstrahlung den ganzen K\u00f6rper von innen nach au\u00dfen und so f\u00fchrt sie zum effektiven Schwitzen bei den Temperaturen von 35\u00b0 &#8211; 55 \u00b0C. Infrarotstrahlung ist f\u00fcr die menschlichen Augen mit Wellenl\u00e4nge von 0,07-15 Mikron unsichtbar, weil sich diese unter dem roten Lichtspektrum befindet. Wirkung der Infrarotstrahlung kann man auf dem menschlichen K\u00f6rper als W\u00e4rmeenergie f\u00fchlen. Infrarotstrahlen dringen unter die Hautoberfl\u00e4che bis zur Tiefe von 3-4 cm (also tiefer als bei der Schwedischen Sauna) ein und l\u00f6sen eine Reihe von heilenden und gesundheitsf\u00f6rdernden Prozessen aus. Die Wirkung der Infrarotsauna k\u00f6nnen auch die Menschen mit Kreislaufproblemen und Problemen der Atemwege genie\u00dfen, weil Infrarotsauna die richtige Funktion von Blutkreislauf unterst\u00fctzt.<\/p>\n<p><strong>Dampf-Kr\u00e4utersauna mit dem Aroma von Eukalyptus und Alpenkr\u00e4utern<\/strong><\/p>\n<p>Kombination von Dampfsauna und Inhalation von Kr\u00e4uteraromen hat einen positiven Einfluss auf die Atemwege, Haut und Haare. Dampfsauna hilft dem Organismus mit der Aussp\u00fclung der Verunreinigungen und mit der Durchblutung des ganzen K\u00f6rpers. Ein gro\u00dfer Vorteil dieser Sauna ist vor allem die Saunatemperatur, die max. 60\u00b0C bei der 100% Luftfeuchtigkeit erreicht und somit die K\u00f6rperbelastung minimalisiert. Diese Sauna eignet sich auch f\u00fcr die Menschen mit den Gesundheitsproblemen (nach der Arztkonsultation), dank deren sie nicht die klassische Sauna besuchen k\u00f6nnen. Die Sauna wird auch als T\u00fcrkisches Dampfbad genannt. Die feuchte Luft unterst\u00fctzt die Durchblutung und Reinigung der Haut, die danach fein und samtweich bleibt. Dampfsauna wird vor allem bei der Atemwegserkrankung und bei den Problemen mit der Schw\u00e4chung der Gef\u00e4\u00dfw\u00e4nde empfohlen. Dank der \u00e4therischen Essenzen schafft die Dampfsauna ein angenehmes Klima, welches den K\u00f6rper nicht belastet, sondern auf angenehmer Weise entspannt und regeneriert. Empfohlene Aufenthaltsdauer: 15 Minuten bei der Temperatur von 40-55 \u00b0C mit der Luftfeuchtigkeit von 45 &#8211; 55\u00b0C.[\/vc_column_text][\/vc_column][\/vc_row][vc_row el_id=&#8220;pivne-kupele&#8220;][vc_column width=&#8220;1\/2&#8243;][vc_empty_space height=&#8220;140px&#8220;][vc_single_image image=&#8220;8790&#8243; img_size=&#8220;full&#8220; onclick=&#8220;link_image&#8220;][vc_empty_space height=&#8220;150px&#8220; el_class=&#8220;gone-class&#8220;][vc_single_image image=&#8220;6959&#8243; img_size=&#8220;full&#8220; onclick=&#8220;link_image&#8220;][\/vc_column][vc_column width=&#8220;1\/2&#8243;][vc_column_text css=&#8220;.vc_custom_1525814496199{background-color: rgba(255,255,255,0.85) !important;*background-color: rgb(255,255,255) !important;}&#8220;]\n<h2>Bierbad und Kr\u00e4uterbad<\/h2>\n<p>Wir haben ein einzigartiges SPA-Erlebnis f\u00fcr Sie vorbereitet, das sich in einem separaten Raum befindet, der exklusiv nur f\u00fcr den SPA-Besucher reserviert ist.<\/p>\n<p><strong>Bierbad<\/strong><\/p>\n<p>Bierbad ist eine wohltuende therapeutische Prozedur, die den K\u00f6rper und Geist besonders erfrischt. Es handelt sich um einen Regenerationsmechanismus, der seit der Antik bekannt ist. Schon im R\u00f6mischen Reich wurden die Wirkungen von Bier im Bereich der Kosmetik bekannt. Bei den Bierb\u00e4dern spielen gro\u00dfe Rolle vor allem die richtige Temperatur, Zusammensetzung von Badingredienzen und Aufenthaltsdauer. Die Wassertemperatur eines Bierbades sollte nicht \u00fcber 38\u00b0C betragen, nicht l\u00e4nger als 20 Minuten dauern und eine Massage hinterher steigert das Wohlbefinden um ein Vielfaches.<\/p>\n<p>Unsere Rezeptur besteht aus einer Kombination von hellem und dunklem Bier, welches direkt in unserer Brauerei Victoria mit Hopfen und Bierhefe hergestellt wird. Aminos\u00e4uren, B-Vitamin, nat\u00fcrliche Enzyme und eine ganze Reihe von Spurenelementen in Zusammenarbeit mit einem angenehmen Peeling von Hopfen-Teilchen beeinflussen positiv die Hautdurchblutung und beschleunigen die Hautregeneration. Besonders Frauen scheinen Bierb\u00e4der immer mehr zu lieben, da nicht nur die Haut samtig weich wird, sondern auch das Haar davon profitiert. Das Bad l\u00f6st die Hautprobleme, unterst\u00fctzt Metabolismus und Verdauung, beruhigt und entspannt K\u00f6rper und Seele. Tauchen Sie Ihre Probleme und Stress ins regenerierende Bierbad und genie\u00dfen Sie dabei ein Glas von unserem hausgemachten Bier. Vor dem Bierbad wird den Menschen, die an Problemen mit hohem Blutdruck oder an den Allergien (Proteine, Kohlenhydrate, Hefen, Hopfen) leiden eine Arztkonsultation empfohlen.<\/p>\n<p>&nbsp;<\/p>\n<p>&nbsp;<\/p>\n<p>&nbsp;<\/p>\n<p><strong>Kr\u00e4uterbad<\/strong><\/p>\n<p>F\u00fcr die ideale Entspannung von K\u00f6rper und Seele steht Ihnen in unserem Hotel Kr\u00e4uterbad oder Bad mit dem Toten Meer Badesalz zur Verf\u00fcgung. Bei einem Kr\u00e4uterbad werden Extrakte aus getrockneten Kr\u00e4utern in Verbindung mit \u00e4therischen \u00d6len dem Bad beigemengt. Je nach Kraut wirkt es belebend, anregend, aufmunternd oder erfrischend auf den K\u00f6rper und die Seele des Badenden. Die Bedeutung vom Bad im Totem Meer ist wegen seinem hohen Salzgehalt weltweit bekannt. Die Mineralien des Toten Meeres beweisen einen hohen Grad der entz\u00fcndungsnehmenden, Heil- und Regenerationswirkungen. Salz, Schlamm und \u00d6lbad aus dem Totem Meer helfen Ihrem Organismus mit der Regeneration und Beweglichkeit. F\u00fcr die SPA -Besucher, die schon mit Kr\u00e4uterbad Erfahrungen haben und ihr eigenes SPA-Rezept verwenden m\u00f6chten oder f\u00fcr die, die mit den Kr\u00e4uterrezepten gerne experimentieren, bereiten wir ein sauberes Bad vor, in das die G\u00e4ste selbst die Kr\u00e4uter nach ihrem Geschmack einmischen k\u00f6nnen.<\/p>\n<p>Exklusive R\u00e4umlichkeiten und Atmosph\u00e4re unserer B\u00e4der zusammen mit der ungest\u00f6rten Entspannung bringen Ihnen die notwendige Regeneration, bei der Sie Ihre Alltagsprobleme bestimmt vergessen.[\/vc_column_text][\/vc_column][\/vc_row][vc_row el_id=&#8220;relax&#8220;][vc_column width=&#8220;1\/2&#8243;][vc_single_image image=&#8220;3044&#8243; img_size=&#8220;full&#8220; onclick=&#8220;link_image&#8220;][\/vc_column][vc_column width=&#8220;1\/2&#8243;][vc_column_text css=&#8220;.vc_custom_1525814519911{background-color: rgba(255,255,255,0.85) !important;*background-color: rgb(255,255,255) !important;}&#8220;]\n<h2>Relaxationsraum und Sommerterrasse<\/h2>\n<p>Die Erholung zwischen den einzelnen Sauna-Zyklen und auch nach dem letztem Sauna-Zyklus ist besonders wichtig. Die wohltuenden Wirkungen der Saunas k\u00f6nnen Sie in unserem gem\u00fctlichen Relaxationsraum oder auf der Sommerterrasse mit einem erfrischenden Getr\u00e4nk genie\u00dfen.[\/vc_column_text][\/vc_column][\/vc_row][vc_row el_id=&#8220;masaze&#8220;][vc_column width=&#8220;1\/2&#8243;][vc_single_image image=&#8220;3068&#8243; img_size=&#8220;full&#8220; onclick=&#8220;link_image&#8220;][\/vc_column][vc_column width=&#8220;1\/2&#8243;][vc_column_text css=&#8220;.vc_custom_1624957112540{background-color: rgba(255,255,255,0.85) !important;*background-color: rgb(255,255,255) !important;}&#8220;]\n<h2>Massagen<\/h2>\n<p>Massage bringt bestimmt ihrem K\u00f6rper und Seele eine einzigartige Entspannung. In einer angenehmen Atmosph\u00e4re unter den H\u00e4nden eines erfahrenen Masseurs wird Ihr Organismus k\u00f6rperlich und geistig regeneriert. Massage revitalisiert den K\u00f6rper, reduziert Stress und Nervosit\u00e4t, hilft bei der Rekonvaleszenz der Verletzungen und heilt verschiedene Gesundheitsprobleme.<\/p>\n<p>Regelm\u00e4\u00dfige Massage ist mehr gesundheitsf\u00f6rdernd als ein seltener Besuch beim Masseur. Genie\u00dfen Sie die Massage nach den Sportaktivit\u00e4ten oder nach einem anstrengenden Arbeitstag. Sie k\u00f6nnen mit unseren Massagen auch Ihren Freunden oder Verwandten gro\u00dfe Freude machen, wenn Sie ihnen die Massage als Geschenk schenken.<\/p>\n<p>Neben den Massagen und Wickeln warten auf Sie im Wellness &amp; SPA die speziellen Relax-P\u00e4ckchen f\u00fcr Ihre ideale Entspannung.<\/p>\n<ul class=\"list-pointer\">\n<li><a href=\"https:\/\/hotelvictoria.sk\/wp-content\/uploads\/2021\/06\/Masaze-new-AJ.pdf\" target=\"_blank\" rel=\"noopener noreferrer\">Massagen &#8211; Preisliste<\/a><\/li>\n<\/ul>\n[\/vc_column_text][\/vc_column][\/vc_row][vc_row][vc_column width=&#8220;1\/6&#8243;][\/vc_column][vc_column width=&#8220;2\/3&#8243;][vc_column_text]\n<h3>\u00d6ffnungszeiten<\/h3>\n<table class=\"table table-responsive\" border=\"0\" width=\"100%\" cellspacing=\"0\" cellpadding=\"0\">\n<tbody>\n<tr>\n<td><strong>Montag- Sonntag<\/strong><\/td>\n<td>16:00 \u2013 22:00<\/td>\n<\/tr>\n<\/tbody>\n<\/table>\n<h3>Preisliste<\/h3>\n<table class=\"table table-responsive\" border=\"0\" width=\"100%\" cellspacing=\"0\" cellpadding=\"0\">\n<tbody>\n<tr>\n<td><strong>Wellness &amp; SPA<\/strong>\u00a0\/nach<em> 16:00 Uhr<\/em>\/<em>1 Person\/3 Stunden<\/em><\/p>\n<p>\/Schwimmbad, W<em>hirlpool, Sauna-Welt : Finnische Sauna, Dampf-Kr\u00e4utersauna, Infrarotsauna, Relaxationsraum, Sommerterrasse, Erfrischung, Handtuch, Betttuch<\/em><\/p>\n<p>F\u00fcr die Kinder unter 15 Jahre gilt die Erm\u00e4\u00dfigung 30 % von der gesamten Preis<\/td>\n<td width=\"15%\">\u00a022 EUR<\/td>\n<\/tr>\n<tr>\n<td><strong>Wellness &amp; SPA mit dem Zugang zu den B\u00e4dern<\/strong>\/nach<em> 16:00 Uhr<\/em>\/<em>3 Stunden<\/em><\/p>\n<p>\/Schwimmbad, W<em>hirlpool, Sauna-Welt : Finnische Sauna, Dampf-Kr\u00e4utersauna, Infrarotsauna, Relaxationsraum, Sommerterrasse, Erfrischung, Handtuch, Betttuch<\/em><\/p>\n<p><em>Der Eingang beinhaltet auch den Zugang zu den B\u00e4dern nach der bestimmten Wahl:<\/em><\/td>\n<td width=\"15%\"><\/td>\n<\/tr>\n<tr>\n<td>\u00a0<b>a.)\u00a0 <strong>Bierbad \/Kr\u00e4uterbad\/Bad mit dem Toten Meer Badesalz<\/strong><\/b><\/p>\n<p><em>1 Person\u00a0<\/em>\/<em>1 Badewanne\u00a0<\/em><\/p>\n<p><em>2 Personen \/ 2 Badewannen<\/em><\/td>\n<td width=\"15%\">&nbsp;<\/p>\n<p>39 EUR<\/p>\n<p>69 EUR<\/td>\n<\/tr>\n<tr>\n<td>\u00a0<b>b.)\u00a0 <strong>Bad nach eigenem SPA-Rezept<\/strong>\/ Bad-Basis<em> +eigene Badingredienzen, die Sie an der Rezeption kaufen k\u00f6nnen<\/em>\/<\/b><\/p>\n<p><em>1 Person\u00a0<\/em>\/<em>1 Badewanne<\/em><\/p>\n<p><em>2 Personen\u00a0<\/em>\/<em>2 Badewannen\u00a0<\/em><\/td>\n<td width=\"15%\">&nbsp;<\/p>\n<p>29 EUR<\/p>\n<p>39 EUR<\/td>\n<\/tr>\n<\/tbody>\n<\/table>\n<h3>Zum Herunterladen<\/h3>\n<ul class=\"list-pointer\">\n<li><a href=\"\/wp-content\/uploads\/2018\/02\/A4-Prev\u00e1dzkov\u00fd-poriadok-wellness.pdf\" target=\"_blank\" rel=\"noopener noreferrer\">Betriebsordnung<\/a><\/li>\n<li><a href=\"https:\/\/hotelvictoria.sk\/wp-content\/uploads\/2021\/06\/Masaze-new-AJ.pdf\" target=\"_blank\" rel=\"noopener noreferrer\">Massagen &#8211; Preisliste<\/a><\/li>\n<\/ul>\n[\/vc_column_text][\/vc_column][vc_column width=&#8220;1\/6&#8243;][\/vc_column][\/vc_row]\n<\/div>","protected":false},"excerpt":{"rendered":"<p>[vc_row][vc_column width=&#8220;1\/2&#8243;][vc_column_text] Entspannen Sie sich in unserem neuen, sch\u00f6nen und verbessertenWellness &amp; SPA Victoria In Wellness &amp; SPA Victoria erleben Sie ideale Entspannung von K\u00f6rper und Seele. Lassen Sie sich von den H\u00e4nden der erfahrenen Masseuren verw\u00f6hnen. Lassen Sie ihren K\u00f6rper nach einem anstrengenden Tag in hei\u00dfen Saunas durchbluten. Bringen Sie ihre Muskeln im Schwimmbad in Bewegung oder genie\u00dfen sie [&hellip;]<\/p>\n","protected":false},"author":1,"featured_media":0,"parent":0,"menu_order":0,"comment_status":"closed","ping_status":"closed","template":"","meta":{"footnotes":""},"class_list":["post-3012","page","type-page","status-publish","hentry"],"_links":{"self":[{"href":"https:\/\/hotelvictoria.sk\/de\/wp-json\/wp\/v2\/pages\/3012","targetHints":{"allow":["GET"]}}],"collection":[{"href":"https:\/\/hotelvictoria.sk\/de\/wp-json\/wp\/v2\/pages"}],"about":[{"href":"https:\/\/hotelvictoria.sk\/de\/wp-json\/wp\/v2\/types\/page"}],"author":[{"embeddable":true,"href":"https:\/\/hotelvictoria.sk\/de\/wp-json\/wp\/v2\/users\/1"}],"replies":[{"embeddable":true,"href":"https:\/\/hotelvictoria.sk\/de\/wp-json\/wp\/v2\/comments?post=3012"}],"version-history":[{"count":59,"href":"https:\/\/hotelvictoria.sk\/de\/wp-json\/wp\/v2\/pages\/3012\/revisions"}],"predecessor-version":[{"id":9678,"href":"https:\/\/hotelvictoria.sk\/de\/wp-json\/wp\/v2\/pages\/3012\/revisions\/9678"}],"wp:attachment":[{"href":"https:\/\/hotelvictoria.sk\/de\/wp-json\/wp\/v2\/media?parent=3012"}],"curies":[{"name":"wp","href":"https:\/\/api.w.org\/{rel}","templated":true}]}}