{"id":3117,"date":"2018-02-08T09:20:17","date_gmt":"2018-02-08T08:20:17","guid":{"rendered":"http:\/\/hotelvictoria.sk\/?page_id=3117"},"modified":"2023-01-03T10:57:14","modified_gmt":"2023-01-03T09:57:14","slug":"zazitkove-pobyty","status":"publish","type":"page","link":"https:\/\/hotelvictoria.sk\/de\/zazitkove-pobyty\/","title":{"rendered":"Z\u00e1\u017eitkov\u00e9 pobyty"},"content":{"rendered":"<div class=\"wpb-content-wrapper\">[vc_row][vc_column][vc_masonry_grid post_type=&#8220;post&#8220; max_items=&#8220;6&#8243; element_width=&#8220;6&#8243; item=&#8220;none&#8220; grid_id=&#8220;vc_gid:1518381953187-45c8fb2c-0509-10&#8243;][\/vc_column][\/vc_row][vc_row full_width=&#8220;stretch_row&#8220; css=&#8220;.vc_custom_1518077870912{padding-top: 80px !important;background-image: url(http:\/\/hotelvictoria.sk\/wp-content\/uploads\/2018\/02\/Panoramahotel-noc-1.jpg?id=2974) !important;background-position: center !important;background-repeat: no-repeat !important;background-size: cover !important;}&#8220;][vc_column width=&#8220;1\/2&#8243; offset=&#8220;vc_col-sm-offset-3&#8243; css=&#8220;.vc_custom_1518382030106{padding-top: 50px !important;padding-right: 20px !important;padding-bottom: 50px !important;padding-left: 20px !important;}&#8220;][\/vc_column][\/vc_row]\n<\/div>","protected":false},"excerpt":{"rendered":"<p>[vc_row][vc_column][vc_masonry_grid post_type=&#8220;post&#8220; max_items=&#8220;6&#8243; element_width=&#8220;6&#8243; item=&#8220;none&#8220; grid_id=&#8220;vc_gid:1518381953187-45c8fb2c-0509-10&#8243;][\/vc_column][\/vc_row][vc_row full_width=&#8220;stretch_row&#8220; css=&#8220;.vc_custom_1518077870912{padding-top: 80px !important;background-image: url(http:\/\/hotelvictoria.sk\/wp-content\/uploads\/2018\/02\/Panoramahotel-noc-1.jpg?id=2974) !important;background-position: center !important;background-repeat: no-repeat !important;background-size: cover !important;}&#8220;][vc_column width=&#8220;1\/2&#8243; offset=&#8220;vc_col-sm-offset-3&#8243; css=&#8220;.vc_custom_1518382030106{padding-top: 50px !important;padding-right: 20px !important;padding-bottom: 50px !important;padding-left: 20px !important;}&#8220;][\/vc_column][\/vc_row]<\/p>\n","protected":false},"author":1,"featured_media":0,"parent":0,"menu_order":0,"comment_status":"closed","ping_status":"closed","template":"","meta":{"footnotes":""},"class_list":["post-3117","page","type-page","status-publish","hentry"],"_links":{"self":[{"href":"https:\/\/hotelvictoria.sk\/de\/wp-json\/wp\/v2\/pages\/3117","targetHints":{"allow":["GET"]}}],"collection":[{"href":"https:\/\/hotelvictoria.sk\/de\/wp-json\/wp\/v2\/pages"}],"about":[{"href":"https:\/\/hotelvictoria.sk\/de\/wp-json\/wp\/v2\/types\/page"}],"author":[{"embeddable":true,"href":"https:\/\/hotelvictoria.sk\/de\/wp-json\/wp\/v2\/users\/1"}],"replies":[{"embeddable":true,"href":"https:\/\/hotelvictoria.sk\/de\/wp-json\/wp\/v2\/comments?post=3117"}],"version-history":[{"count":2,"href":"https:\/\/hotelvictoria.sk\/de\/wp-json\/wp\/v2\/pages\/3117\/revisions"}],"predecessor-version":[{"id":9128,"href":"https:\/\/hotelvictoria.sk\/de\/wp-json\/wp\/v2\/pages\/3117\/revisions\/9128"}],"wp:attachment":[{"href":"https:\/\/hotelvictoria.sk\/de\/wp-json\/wp\/v2\/media?parent=3117"}],"curies":[{"name":"wp","href":"https:\/\/api.w.org\/{rel}","templated":true}]}}