{"id":3193,"date":"2018-03-04T19:35:48","date_gmt":"2018-03-04T18:35:48","guid":{"rendered":"http:\/\/hotelvictoria.sk\/?page_id=3193"},"modified":"2025-01-15T11:43:25","modified_gmt":"2025-01-15T10:43:25","slug":"domaci-pivovar","status":"publish","type":"page","link":"https:\/\/hotelvictoria.sk\/de\/domaci-pivovar\/","title":{"rendered":"Hausbrauerei"},"content":{"rendered":"<div class=\"wpb-content-wrapper\">[vc_row][vc_column width=&#8220;1\/2&#8243;][vc_single_image image=&#8220;2980&#8243; img_size=&#8220;full&#8220; alignment=&#8220;center&#8220;][vc_video link=&#8220;https:\/\/www.youtube.com\/watch?v=UIgLVMoEyoQ&#8220; align=&#8220;center&#8220;][\/vc_column][vc_column width=&#8220;1\/2&#8243;][vc_column_text css=&#8220;.vc_custom_1525891128863{background-color: rgba(255,255,255,0.85) !important;*background-color: rgb(255,255,255) !important;}&#8220;]\n<h2>Hausbrauerei<\/h2>\n<p>Hausgemachtes Bier wird nach einem langj\u00e4hrigen traditionellen Rezept gebraut. Brauprozess basiert auf den sorgf\u00e4ltig gew\u00e4hlten Zutaten \u2013 Malz, Hopfen, Hefe und Wasser. Vor allem Wasser gibt dem Bier seine Einzigartigkeit. Das Gebirge Kleine Fatra ist reich an Mineralquellen und wegen seiner einzigartigen Qualit\u00e4t der Wasserquellen bekannt. Bierbrauerei ist am Freitag und am Samstag von 16:00 bis 23:00 ge\u00f6ffnet. (\u00c4nderung der \u00d6ffnungszeiten ist vorbehalten). Unser Bier wird selbstverst\u00e4ndlich auch im Hotelrestaurant angeboten.<\/p>\n<ul class=\"list-pointer\">\n<li><a href=\"\/wp-content\/uploads\/2018\/02\/pivovarnicke-menu-od-14-10-2013.pdf\" target=\"_blank\" rel=\"noopener\">Bierkarte<\/a><\/li>\n<\/ul>\n<h3>Unsere Auszeichnungen<\/h3>\n<div id='gallery-3' class='gallery galleryid-3193 gallery-columns-4 gallery-size-thumbnail'><figure class='gallery-item'>\n\t\t\t<div class='gallery-icon landscape'>\n\t\t\t\t<a href='https:\/\/hotelvictoria.sk\/wp-content\/uploads\/2018\/03\/1.jpg'><img loading=\"lazy\" decoding=\"async\" width=\"150\" height=\"150\" src=\"https:\/\/hotelvictoria.sk\/wp-content\/uploads\/2018\/03\/1-150x150.jpg\" class=\"attachment-thumbnail size-thumbnail\" alt=\"\" \/><\/a>\n\t\t\t<\/div><\/figure><figure class='gallery-item'>\n\t\t\t<div class='gallery-icon landscape'>\n\t\t\t\t<a href='https:\/\/hotelvictoria.sk\/wp-content\/uploads\/2018\/03\/2.jpg'><img loading=\"lazy\" decoding=\"async\" width=\"150\" height=\"150\" src=\"https:\/\/hotelvictoria.sk\/wp-content\/uploads\/2018\/03\/2-150x150.jpg\" class=\"attachment-thumbnail size-thumbnail\" alt=\"\" \/><\/a>\n\t\t\t<\/div><\/figure><figure class='gallery-item'>\n\t\t\t<div class='gallery-icon landscape'>\n\t\t\t\t<a href='https:\/\/hotelvictoria.sk\/wp-content\/uploads\/2018\/03\/3.jpg'><img loading=\"lazy\" decoding=\"async\" width=\"150\" height=\"150\" src=\"https:\/\/hotelvictoria.sk\/wp-content\/uploads\/2018\/03\/3-150x150.jpg\" class=\"attachment-thumbnail size-thumbnail\" alt=\"\" \/><\/a>\n\t\t\t<\/div><\/figure><figure class='gallery-item'>\n\t\t\t<div class='gallery-icon landscape'>\n\t\t\t\t<a href='https:\/\/hotelvictoria.sk\/wp-content\/uploads\/2018\/03\/4.jpg'><img loading=\"lazy\" decoding=\"async\" width=\"150\" height=\"150\" src=\"https:\/\/hotelvictoria.sk\/wp-content\/uploads\/2018\/03\/4-150x150.jpg\" class=\"attachment-thumbnail size-thumbnail\" alt=\"\" \/><\/a>\n\t\t\t<\/div><\/figure>\n\t\t<\/div>\n\n<p>&nbsp;<\/p>\n<h3>Unsere Biere<\/h3>\n<ul class=\"list-pointer\">\n<li>Victoria Pils 12\u00b0<\/li>\n<li>Victoria dunkel 13\u00b0<\/li>\n<li>Victoria Weizen 13\u00b0<\/li>\n<li>Victoria red Ale 14\u00b0<\/li>\n<li>Victoria Porter 18\u00b0<\/li>\n<li>Victoria Opat 20\u00b0<\/li>\n<\/ul>\n[\/vc_column_text][\/vc_column][\/vc_row]\n<\/div>","protected":false},"excerpt":{"rendered":"<p>[vc_row][vc_column width=&#8220;1\/2&#8243;][vc_single_image image=&#8220;2980&#8243; img_size=&#8220;full&#8220; alignment=&#8220;center&#8220;][vc_video link=&#8220;https:\/\/www.youtube.com\/watch?v=UIgLVMoEyoQ&#8220; align=&#8220;center&#8220;][\/vc_column][vc_column width=&#8220;1\/2&#8243;][vc_column_text css=&#8220;.vc_custom_1525891128863{background-color: rgba(255,255,255,0.85) !important;*background-color: rgb(255,255,255) !important;}&#8220;] Hausbrauerei Hausgemachtes Bier wird nach einem langj\u00e4hrigen traditionellen Rezept gebraut. Brauprozess basiert auf den sorgf\u00e4ltig gew\u00e4hlten Zutaten \u2013 Malz, Hopfen, Hefe und Wasser. Vor allem Wasser gibt dem Bier seine Einzigartigkeit. Das Gebirge Kleine Fatra ist reich an Mineralquellen und wegen seiner einzigartigen Qualit\u00e4t der Wasserquellen bekannt. [&hellip;]<\/p>\n","protected":false},"author":1,"featured_media":0,"parent":0,"menu_order":0,"comment_status":"closed","ping_status":"closed","template":"","meta":{"footnotes":""},"class_list":["post-3193","page","type-page","status-publish","hentry"],"_links":{"self":[{"href":"https:\/\/hotelvictoria.sk\/de\/wp-json\/wp\/v2\/pages\/3193","targetHints":{"allow":["GET"]}}],"collection":[{"href":"https:\/\/hotelvictoria.sk\/de\/wp-json\/wp\/v2\/pages"}],"about":[{"href":"https:\/\/hotelvictoria.sk\/de\/wp-json\/wp\/v2\/types\/page"}],"author":[{"embeddable":true,"href":"https:\/\/hotelvictoria.sk\/de\/wp-json\/wp\/v2\/users\/1"}],"replies":[{"embeddable":true,"href":"https:\/\/hotelvictoria.sk\/de\/wp-json\/wp\/v2\/comments?post=3193"}],"version-history":[{"count":3,"href":"https:\/\/hotelvictoria.sk\/de\/wp-json\/wp\/v2\/pages\/3193\/revisions"}],"predecessor-version":[{"id":9462,"href":"https:\/\/hotelvictoria.sk\/de\/wp-json\/wp\/v2\/pages\/3193\/revisions\/9462"}],"wp:attachment":[{"href":"https:\/\/hotelvictoria.sk\/de\/wp-json\/wp\/v2\/media?parent=3193"}],"curies":[{"name":"wp","href":"https:\/\/api.w.org\/{rel}","templated":true}]}}