{"id":47,"date":"2014-09-14T09:25:39","date_gmt":"2014-09-14T09:25:39","guid":{"rendered":"http:\/\/localhost\/final-leisure\/?page_id=47"},"modified":"2026-02-14T15:35:04","modified_gmt":"2026-02-14T14:35:04","slug":"cenniky","status":"publish","type":"page","link":"https:\/\/hotelvictoria.sk\/de\/cenniky\/","title":{"rendered":"Preisliste"},"content":{"rendered":"<div class=\"wpb-content-wrapper\">[vc_row][vc_column width=&#8220;2\/3&#8243;][vc_column_text css=&#8220;.vc_custom_1723530268708{padding-bottom: 2.8rem !important;}&#8220;]Preisliste ist vom <strong>1.1.2024<\/strong>\u00a0g\u00fcltig. Preise f\u00fcr Unterkunft und Kongressdienstleistungen finden Sie in den entsprechenden Rubriken.<\/p>\n<ul class=\"list-pointer\">\n<li><a href=\"https:\/\/hotelvictoria.sk\/wp-content\/uploads\/2023\/10\/A4_Cennik-ubytovania-accommodation-pricelist-2024.pdf\" target=\"_blank\" rel=\"noopener noreferrer\">Preise der Unterkunft<\/a><\/li>\n<li><a href=\"\/wp-content\/uploads\/2018\/03\/Cenn\u00edk-priestorov.pdf\" target=\"_blank\" rel=\"noopener noreferrer\">Preise der Kongressdienste<\/a><\/li>\n<li><a href=\"https:\/\/hotelvictoria.sk\/wp-content\/uploads\/2024\/06\/JEDALNY_LISTOK_2024.pdf\">Speisekarte<\/a><\/li>\n<li><a href=\"https:\/\/hotelvictoria.sk\/wp-content\/uploads\/2019\/07\/nov\u00e1-vinna-karta-tla\u010d-2019.pdf\" target=\"_blank\" rel=\"noopener noreferrer\">Weinkarte<\/a><\/li>\n<\/ul>\n[\/vc_column_text][vc_accordion active_tab=&#8220;false&#8220;][vc_accordion_tab title=&#8220;Bowling&#8220;][vc_column_text]\n<table class=\"table table-responsive\" border=\"0\" width=\"100%\" cellspacing=\"0\" cellpadding=\"0\">\n<thead>\n<tr>\n<td class=\"first\"><span class=\"text-green\">Otvoren\u00fd od 10:00 do 22:00 hod<\/span><\/td>\n<td class=\"last\"><span class=\"text-green\">Cena<\/span><\/td>\n<\/tr>\n<\/thead>\n<tbody>\n<tr>\n<td>jedna dr\u00e1ha \/ hod.<\/td>\n<td>15 EUR<\/td>\n<\/tr>\n<tr>\n<td>obe dr\u00e1hy \/ hod.<\/td>\n<td>26 EUR<\/td>\n<\/tr>\n<\/tbody>\n<\/table>\n[\/vc_column_text][\/vc_accordion_tab][vc_accordion_tab title=&#8220;Billard&#8220;][vc_column_text]\n<table class=\"table table-responsive\" border=\"0\" width=\"100%\" cellspacing=\"0\" cellpadding=\"0\">\n<thead>\n<tr>\n<td class=\"first\"><span class=\"text-green\">Otvoren\u00fd od 10:00 do 22:00 hod.<\/span><\/td>\n<td class=\"last\" rowspan=\"2\"><span class=\"text-green\">Cena<\/span><\/td>\n<\/tr>\n<\/thead>\n<tbody>\n<tr>\n<td width=\"63%\">1 st\u00f4l\/ 1 hod.<\/td>\n<td>4 EUR<\/td>\n<\/tr>\n<\/tbody>\n<\/table>\n[\/vc_column_text][\/vc_accordion_tab][vc_accordion_tab title=&#8220;Tennis&#8220;][vc_column_text]\n<div class=\"styled_table \">\n<table class=\"table table-responsive\" border=\"0\" width=\"100%\" cellspacing=\"0\" cellpadding=\"0\">\n<thead>\n<tr>\n<td class=\"first\"><span class=\"text-green\">\u00a0Otvoren\u00fd od 8:00 do 21:00 hod.<\/span><\/td>\n<td class=\"last\"><span class=\"text-green\">Cena<\/span><\/td>\n<\/tr>\n<\/thead>\n<tbody>\n<tr>\n<td rowspan=\"2\">1 hod.\/1 kurt<\/td>\n<td>leto \u2013 8 EUR<\/td>\n<\/tr>\n<tr>\n<td>zima \u2013 16 EUR<\/td>\n<\/tr>\n<\/tbody>\n<\/table>\n<p>zapo\u017ei\u010danie tenisovej rakety 1,5 EUR\/ Kus<\/p>\n<p>zapo\u017ei\u010danie tenisov\u00fdch lopti\u010diek 0,5 EUR\/ Kus<\/p>\n<\/div>\n[\/vc_column_text][\/vc_accordion_tab][vc_accordion_tab title=&#8220;Squash&#8220;][vc_column_text]\n<div class=\"styled_table \">\n<table class=\"table table-responsive\" border=\"0\" width=\"100%\" cellspacing=\"0\" cellpadding=\"0\">\n<thead>\n<tr>\n<td class=\"first\"><span class=\"text-green\">\u00a0Otvoren\u00fd od 8:00 do 21:00 hod.<br \/>\n<\/span><\/td>\n<td class=\"last\"><span class=\"text-green\">Cena<\/span><\/td>\n<\/tr>\n<\/thead>\n<tbody>\n<tr>\n<td rowspan=\"2\">1 hod.\/1 kurt<\/td>\n<td>leto \u2013 9,6 EUR<\/td>\n<\/tr>\n<tr>\n<td>zima \u2013 9,6 EUR<\/td>\n<\/tr>\n<\/tbody>\n<\/table>\n<p>zapo\u017ei\u010danie squashovej rakety 1,5 EUR\/ Kus<\/p>\n<p>zapo\u017ei\u010danie squashov\u00fdch lopti\u010diek 0,5 EUR\/ Kus<\/p>\n<\/div>\n[\/vc_column_text][\/vc_accordion_tab][vc_accordion_tab title=&#8220;Hunting- Jagdsimulator&#8220;][vc_column_text]\n<table class=\"table table-responsive\" border=\"0\" width=\"100%\" cellspacing=\"0\" cellpadding=\"0\">\n<thead>\n<tr>\n<td class=\"first\"><span class=\"text-green\">Otvoren\u00fd od 10:00 do 22:00 hod.<br \/>\n<\/span><\/td>\n<td class=\"last\"><span class=\"text-green\">Cena<\/span><\/td>\n<\/tr>\n<\/thead>\n<tbody>\n<tr>\n<td width=\"85%\">1 hod.<\/td>\n<td>15 EUR<\/td>\n<\/tr>\n<\/tbody>\n<\/table>\n[\/vc_column_text][\/vc_accordion_tab][vc_accordion_tab title=&#8220;Indoor Fitness&#8220;][vc_column_text]\n<table class=\"table table-responsive\" border=\"0\" width=\"100%\" cellspacing=\"0\" cellpadding=\"0\">\n<thead>\n<tr>\n<td><span class=\"text-green\">Otvoren\u00fd\u00a0 od 8:00 do 22:00 hod. \/<strong>pre ubytovan\u00fdch v cene pobytu<\/strong>\/<\/span><\/td>\n<td>Cena<\/td>\n<\/tr>\n<\/thead>\n<tbody>\n<tr>\n<td width=\"85%\">Vstup<\/td>\n<td>5 EUR<\/td>\n<\/tr>\n<\/tbody>\n<\/table>\n[\/vc_column_text][\/vc_accordion_tab][vc_accordion_tab title=&#8220;Oudoor Fitness Park&#8220;][vc_column_text]\n<table class=\"table table-responsive\" border=\"0\" width=\"100%\" cellspacing=\"0\" cellpadding=\"0\">\n<thead>\n<tr>\n<td><span class=\"text-green\">Otvoren\u00fd\u00a0 od 8:00 do 22:00 hod.<\/span><\/td>\n<td rowspan=\"2\"><\/td>\n<\/tr>\n<\/thead>\n<tbody>\n<tr>\n<td width=\"63%\">bezplatn\u00fd vstup<\/td>\n<td><\/td>\n<\/tr>\n<\/tbody>\n<\/table>\n[\/vc_column_text][\/vc_accordion_tab][vc_accordion_tab title=&#8220;P\u00e9tanque&#8220;][vc_column_text]\n<table class=\"table table-responsive\" border=\"0\" width=\"100%\" cellspacing=\"0\" cellpadding=\"0\">\n<thead>\n<tr>\n<td><span class=\"text-green\">Otvoren\u00fd\u00a0 od 8:00 do 22:00 hod.<\/span><\/td>\n<td rowspan=\"2\">Cena<\/td>\n<\/tr>\n<\/thead>\n<tbody>\n<tr>\n<td width=\"63%\">1 hod.\/1 sada<\/td>\n<td>5 EUR<\/td>\n<\/tr>\n<\/tbody>\n<\/table>\n[\/vc_column_text][\/vc_accordion_tab][vc_accordion_tab title=&#8220;Adventure golf&#8220;][vc_column_text]\n<div class=\"styled_table \">\n<table class=\"table table-responsive\" border=\"0\" width=\"100%\" cellspacing=\"0\" cellpadding=\"0\">\n<thead>\n<tr>\n<td><span class=\"text-green\">Otvoren\u00fd\u00a0 od 8:00 do 20:00 hod.<\/span><\/td>\n<td rowspan=\"2\">Cena<\/td>\n<\/tr>\n<\/thead>\n<tbody>\n<tr>\n<td width=\"63%\">1 hra\/ 1 hodina\/ 1 osoba<br \/>\nDeti do 12r.-1 hra\/1 hodina\/ 1 osoba<\/td>\n<td>5 EUR<br \/>\n3 EUR<\/td>\n<\/tr>\n<\/tbody>\n<\/table>\n<p>V cene je zapo\u017ei\u010danie golfov\u00e9ho puttera (palice), golfovej lopti\u010dky a score karty.<\/p>\n<p>V\u0161etky aktivity je potrebn\u00e9 si vopred rezervova\u0165 na recepcii hotela.<\/p>\n<p>Cenn\u00edk je platn\u00fd od 1.6.2017.<\/p>\n<p>Ceny s\u00fa vr\u00e1tane DPH<\/p>\n<\/div>\n[\/vc_column_text][\/vc_accordion_tab][vc_accordion_tab title=&#8220;Wellness&#8220;][vc_column_text]\n<table class=\"table table-responsive\" border=\"0\" width=\"100%\" cellspacing=\"0\" cellpadding=\"0\">\n<tbody>\n<tr>\n<td>\u00a0<b>Vstup do Wellness &amp; Spa<\/b>\u00a0\/<i>po 16:00 hod<\/i>\/<i>1 osoba<\/i>\/<i>3 hodiny<\/i><\/p>\n<p>\/<i>baz\u00e9n, whirlpool, saunov\u00fd svet \u2013 f\u00ednska sauna, bylinkov\u00e1 parn\u00e1 sauna,\u00a0<\/i><i>infra sauna, odpo\u010d\u00edvare\u0148, letn\u00e1 terasa, ob\u010derstvenie, osu\u0161ka, plachta<\/i>\/<\/p>\n<p>Pre deti do 15 rokov poskytujeme z\u013eavu 30 %<\/td>\n<td width=\"15%\">\u00a022 EUR<\/td>\n<\/tr>\n<tr>\n<td>\u00a0<b>Vstup do Wellness &amp; Spa so vstupom do k\u00fape\u013eov<\/b>\u00a0\/<i>po 16:00 hod<\/i>\/<i>3 hodiny<\/i><\/p>\n<p>\/<i>baz\u00e9n, whirlpool, saunov\u00fd svet \u2013 f\u00ednska sauna, bylinkov\u00e1 parn\u00e1 sauna,\u00a0<\/i><i>infra sauna, odpo\u010d\u00edvare\u0148, letn\u00e1 terasa, ob\u010derstvenie, osu\u0161ka, plachta<\/i>\/<\/p>\n<p><i>vstup zah\u0155\u0148a aj vstup do k\u00fape\u013eov pod\u013ea v\u00fdberu:<\/i><\/td>\n<td width=\"15%\"><\/td>\n<\/tr>\n<tr>\n<td>\u00a0<b>a.)\u00a0\u00a0<\/b><b>Pivn\u00fd k\u00fape\u013e \/Bylinkov\u00fd k\u00fape\u013e\/K\u00fape\u013e v\u00a0morskej soli<\/b><\/p>\n<p><i>1 osoba\u00a0<\/i>\/<i>1 va\u0148a<\/i><i><\/i><i>\u00a0<\/i><\/p>\n<p><i>2 osoby \/ 2 vane<\/i><\/td>\n<td width=\"15%\">\u00a039 EUR<\/p>\n<p>69 EUR<\/td>\n<\/tr>\n<tr>\n<td>\u00a0<b>b.)\u00a0\u00a0<\/b><b>K\u00fape\u013e pod\u013ea vlastnej recept\u00fary<\/b>\u00a0\/<i>k\u00fape\u013en\u00fd z\u00e1klad + vlastn\u00e9 pr\u00edsady do k\u00fape\u013ea<\/i>\/<\/p>\n<p><i>1 osoba\u00a0<\/i>\/<i>1 va\u0148a<\/i><\/p>\n<p><i>2 osoby\u00a0<\/i>\/<i>2 vane<\/i><i>\u00a0<\/i><\/td>\n<td width=\"15%\">\u00a029 EUR<\/p>\n<p>39 EUR<\/td>\n<\/tr>\n<\/tbody>\n<\/table>\n<p><i>v cene k\u00fape\u013ea je miestnos\u0165 vyhraden\u00e1 exkluz\u00edvne len pre n\u00e1v\u0161tevn\u00edka k\u00fape\u013ea na 1\u00a0<\/i><i>hodinu \u2013 20-25 min. k\u00fape\u013e, 25 min. oddych v\u00a0z\u00e1bale, dom\u00e1ce pivo 2\u00d70,5 l\u00a0<\/i>\/\u00a0<i>osoba<\/i><\/p>\n<p>Za zapo\u017ei\u010danie el. karty a\u00a0n\u00e1ramku \u00fa\u010dtujeme poplatok 5 EUR, ktor\u00fd pri odovzdan\u00ed vr\u00e1time.[\/vc_column_text][vc_column_text]\n<table class=\"table table-responsive\" border=\"0\" width=\"100%\" cellspacing=\"0\" cellpadding=\"0\">\n<tbody>\n<tr>\n<td>\u00a0<b>Vstup do Wellness &amp; Spa<\/b>\u00a0\/<i>po 16:00 hod<\/i>\/<i>1 osoba<\/i>\/<i>3 hodiny<\/i><\/p>\n<p>\/<i>baz\u00e9n, whirlpool, saunov\u00fd svet \u2013 f\u00ednska sauna, bylinkov\u00e1 parn\u00e1 sauna,\u00a0<\/i><i>infra sauna, odpo\u010d\u00edvare\u0148, letn\u00e1 terasa, ob\u010derstvenie, osu\u0161ka, plachta<\/i>\/<\/p>\n<p>Pre deti do 15 rokov poskytujeme z\u013eavu 30 %<\/td>\n<td width=\"15%\">\u00a022 EUR<\/td>\n<\/tr>\n<tr>\n<td>\u00a0<b>Vstup do Wellness &amp; Spa so vstupom do k\u00fape\u013eov<\/b>\u00a0\/<i>po 16:00 hod<\/i>\/<i>3 hodiny<\/i><\/p>\n<p>\/<i>baz\u00e9n, whirlpool, saunov\u00fd svet \u2013 f\u00ednska sauna, bylinkov\u00e1 parn\u00e1 sauna,\u00a0<\/i><i>infra sauna, odpo\u010d\u00edvare\u0148, letn\u00e1 terasa, ob\u010derstvenie, osu\u0161ka, plachta<\/i>\/<\/p>\n<p><i>vstup zah\u0155\u0148a aj vstup do k\u00fape\u013eov pod\u013ea v\u00fdberu:<\/i><\/td>\n<td width=\"15%\"><\/td>\n<\/tr>\n<tr>\n<td>\u00a0<b>a.)\u00a0\u00a0<\/b><b>Pivn\u00fd k\u00fape\u013e \/Bylinkov\u00fd k\u00fape\u013e\/K\u00fape\u013e v\u00a0morskej soli<\/b><\/p>\n<p><i>1 osoba\u00a0<\/i>\/<i>1 va\u0148a<\/i><i><\/i><i>\u00a0<\/i><\/p>\n<p><i>2 osoby \/ 2 vane<\/i><\/td>\n<td width=\"15%\">\u00a039 EUR<\/p>\n<p>69 EUR<\/td>\n<\/tr>\n<tr>\n<td>\u00a0<b>b.)\u00a0\u00a0<\/b><b>K\u00fape\u013e pod\u013ea vlastnej recept\u00fary<\/b>\u00a0\/<i>k\u00fape\u013en\u00fd z\u00e1klad + vlastn\u00e9 pr\u00edsady do k\u00fape\u013ea<\/i>\/<\/p>\n<p><i>1 osoba\u00a0<\/i>\/<i>1 va\u0148a<\/i><\/p>\n<p><i>2 osoby\u00a0<\/i>\/<i>2 vane<\/i><i>\u00a0<\/i><\/td>\n<td width=\"15%\">\u00a029 EUR<\/p>\n<p>39 EUR<\/td>\n<\/tr>\n<\/tbody>\n<\/table>\n<p><i>v cene k\u00fape\u013ea je miestnos\u0165 vyhraden\u00e1 exkluz\u00edvne len pre n\u00e1v\u0161tevn\u00edka k\u00fape\u013ea na 1\u00a0<\/i><i>hodinu \u2013 20-25 min. k\u00fape\u013e, 25 min. oddych v\u00a0z\u00e1bale, dom\u00e1ce pivo 2\u00d70,5 l\u00a0<\/i>\/\u00a0<i>osoba<\/i><\/p>\n<p>Za zapo\u017ei\u010danie el. karty a\u00a0n\u00e1ramku \u00fa\u010dtujeme poplatok 5 EUR, ktor\u00fd pri odovzdan\u00ed vr\u00e1time.[\/vc_column_text][\/vc_accordion_tab][vc_accordion_tab title=&#8220;Massagen&#8220;][vc_column_text]<a href=\"https:\/\/hotelvictoria.sk\/wp-content\/uploads\/2021\/06\/Masaze-new-AJ.pdf\">pricelist of massages<\/a>[\/vc_column_text][\/vc_accordion_tab][\/vc_accordion][\/vc_column][vc_column width=&#8220;1\/3&#8243;][\/vc_column][\/vc_row]\n<\/div>","protected":false},"excerpt":{"rendered":"<p>[vc_row][vc_column width=&#8220;2\/3&#8243;][vc_column_text css=&#8220;.vc_custom_1723530268708{padding-bottom: 2.8rem !important;}&#8220;]Preisliste ist vom 1.1.2024\u00a0g\u00fcltig. Preise f\u00fcr Unterkunft und Kongressdienstleistungen finden Sie in den entsprechenden Rubriken. Preise der Unterkunft Preise der Kongressdienste Speisekarte Weinkarte [\/vc_column_text][vc_accordion active_tab=&#8220;false&#8220;][vc_accordion_tab title=&#8220;Bowling&#8220;][vc_column_text] Otvoren\u00fd od 10:00 do 22:00 hod Cena jedna dr\u00e1ha \/ hod. 15 EUR obe dr\u00e1hy \/ hod. 26 EUR [\/vc_column_text][\/vc_accordion_tab][vc_accordion_tab title=&#8220;Billard&#8220;][vc_column_text] Otvoren\u00fd od 10:00 do 22:00 hod. Cena 1 st\u00f4l\/ [&hellip;]<\/p>\n","protected":false},"author":1,"featured_media":0,"parent":0,"menu_order":0,"comment_status":"open","ping_status":"open","template":"","meta":{"footnotes":""},"class_list":["post-47","page","type-page","status-publish","hentry"],"_links":{"self":[{"href":"https:\/\/hotelvictoria.sk\/de\/wp-json\/wp\/v2\/pages\/47","targetHints":{"allow":["GET"]}}],"collection":[{"href":"https:\/\/hotelvictoria.sk\/de\/wp-json\/wp\/v2\/pages"}],"about":[{"href":"https:\/\/hotelvictoria.sk\/de\/wp-json\/wp\/v2\/types\/page"}],"author":[{"embeddable":true,"href":"https:\/\/hotelvictoria.sk\/de\/wp-json\/wp\/v2\/users\/1"}],"replies":[{"embeddable":true,"href":"https:\/\/hotelvictoria.sk\/de\/wp-json\/wp\/v2\/comments?post=47"}],"version-history":[{"count":82,"href":"https:\/\/hotelvictoria.sk\/de\/wp-json\/wp\/v2\/pages\/47\/revisions"}],"predecessor-version":[{"id":9658,"href":"https:\/\/hotelvictoria.sk\/de\/wp-json\/wp\/v2\/pages\/47\/revisions\/9658"}],"wp:attachment":[{"href":"https:\/\/hotelvictoria.sk\/de\/wp-json\/wp\/v2\/media?parent=47"}],"curies":[{"name":"wp","href":"https:\/\/api.w.org\/{rel}","templated":true}]}}