{"id":11,"date":"2014-09-14T09:19:10","date_gmt":"2014-09-14T09:19:10","guid":{"rendered":"http:\/\/localhost\/final-leisure\/?page_id=11"},"modified":"2019-11-06T07:58:55","modified_gmt":"2019-11-06T06:58:55","slug":"o-nas","status":"publish","type":"page","link":"https:\/\/hotelvictoria.sk\/en\/o-nas\/","title":{"rendered":"About Us"},"content":{"rendered":"<div class=\"wpb-content-wrapper\">[vc_row][vc_column width=&#8221;1\/2&#8243;][vc_column_text]Hotel Victoria is a modern hotel with family atmosphere. The hotel is situated in a quiet locality of Str\u00e1ne under of Martinsk\u00e9 hole, the center of the town Martin is reachable on foot. The hotel was founded in 2005 and a new accommodation segment was built in 2008. The hotel disposes of 65 rooms with\u00a0138 beds. There is a wifi internet access available in the whole area of the hotel Victoria. The hotel interior is purposefully designed, a barrier-free access enables you to deliver bigger articles to a company event and it provides also a trouble-free access for families with baby carriages direct from parking place.<\/p>\n<p>The aesthetics emphasizes pure lines, the hotel is sensitively set into the beautiful surroundings of Mal\u00e1 Fatra and with its pleasant charisma the hotel offers you many nice experiences.<\/p>\n<h3>Rich offer of services<\/h3>\n<p>A part of the hotel Victoria is also its own brewery Victoria that through its originality completes the gastronomic experience of this 4-star hotel. The restaurant offering homemade specialties, Brewery Lounge or air-conditioned Congress Room Congres with its 200sqm provide a room for various company and social events. Tennis courts, squash, bowling, swimming pool, saunas and massages , adventure golf, petang, pivn\u00e9 a\u00a0bylinkov\u00e9 k\u00fapele beer and herbal spa complete the comfort needed for an active relaxation and harmonization.<\/p>\n<p>Hotel Victoria is a modern designed hotel suitable for both business and relaxation with family.[\/vc_column_text][\/vc_column][vc_column width=&#8221;1\/2&#8243;][vc_gallery images=&#8221;2924,2925,2927,2938&#8243; img_size=&#8221;medium&#8221; columns=&#8221;2&#8243; masonry=&#8221;fitRows&#8221;][\/vc_column][\/vc_row][vc_row full_width=&#8221;stretch_row&#8221; css=&#8221;.vc_custom_1517605412343{background-image: url(http:\/\/hotelvictoria.sk\/wp-content\/uploads\/2018\/01\/7-1.jpg?id=2838) !important;}&#8221;][vc_column width=&#8221;2\/3&#8243; offset=&#8221;vc_col-sm-offset-2&#8243; el_class=&#8221;text-center white-box content-padding&#8221;]<h2 class=\"text-center\"><small>U\u017eite si pr\u00edjemn\u00fd pobyt v Martine<\/small>NAV\u0160T\u00cdVILI N\u00c1S<\/h2><div class='testimonials-carousel  owl-with-navigation' data-owl='{&quot;items&quot;:3,&quot;nav&quot;:true,&quot;navText&quot;:[&quot;Prev&quot;,&quot;Next&quot;],&quot;loop&quot;:true,&quot;autoplay&quot;:true,&quot;autoplayTimeout&quot;:&quot;2000&quot;,&quot;autoplayHoverPause&quot;:true,&quot;responsive&quot;:{&quot;0&quot;:{&quot;items&quot;:1,&quot;dots&quot;:true,&quot;nav&quot;:true},&quot;767&quot;:{&quot;items&quot;:2,&quot;dots&quot;:true},&quot;992&quot;:{&quot;items&quot;:3,&quot;dots&quot;:true}}}'><div class='testimonial'>\n      <h4 class='testimonial-title'>\n      Romana              <small>\n          \u010cesk\u00e1 republika        <\/small>\n          <\/h4>\n        <p>\u201eP\u0159\u00edjemn\u00fd pokoj, hezk\u00e1, \u010dist\u00e1 a nov\u00e1 koupelna, mo\u017enost nav\u0161t\u00edvit welness, chutn\u00e1 sn\u00eddan\u011b a hezk\u00e1 restaurace\u201c<\/p>\n    <a href='' class='btn-inline btn' target=\"_self\"><\/a>\n<\/div>\n<div class='testimonial'>\n      <h4 class='testimonial-title'>\n      Juraj              <small>\n          Slovensko        <\/small>\n          <\/h4>\n        <p>\u201eV\u00fdborn\u00e1 kuchy\u0148a v re\u0161taur\u00e1cii, \u00fastretov\u00fd person\u00e1l, pr\u00edjemn\u00e9 wellness\u201c<\/p>\n    <a href='' class='btn-inline btn' target=\"_self\"><\/a>\n<\/div>\n<div class='testimonial'>\n      <h4 class='testimonial-title'>\n      Monika              <small>\n          Slovensko        <\/small>\n          <\/h4>\n        <p>\u201eRa\u0148ajky ve\u013emi pestr\u00e9 a chutn\u00e9,\u00fa\u017easn\u00fd dom\u00e1ci chlieb,\u010distota na izbe,mil\u00fd person\u00e1l,v\u00fdborn\u00e1 cena.\u201c<\/p>\n    <a href='' class='btn-inline btn' target=\"_self\"><\/a>\n<\/div>\n<div class='testimonial'>\n      <h4 class='testimonial-title'>\n      J\u00e1n              <small>\n          Slovensko        <\/small>\n          <\/h4>\n        <p>\u201eBezprobl\u00e9mov\u00e9 parkovanie, ve\u013emi ochotn\u00fd, \u00fastretov\u00fd a st\u00e1le usmiaty person\u00e1l na recepcii, ako aj v re\u0161taur\u00e1cii. V\u00fdborn\u00e1 kuchy\u0148a s unik\u00e1tnym pivom. Bohat\u00e9 ra\u0148ajkov\u00e9 menu s aktu\u00e1lnou dennou novinovou tla\u010dou\u201c<\/p>\n    <a href='' class='btn-inline btn' target=\"_self\"><\/a>\n<\/div>\n<\/div>[\/vc_column][\/vc_row][vc_row][vc_column]<h2 class=\"text-center\">ACTIVITY GALLERY<\/h2><div class='services-carousel  owl-with-navigation' data-owl='{&quot;items&quot;:4,&quot;nav&quot;:true,&quot;navText&quot;:[&quot;Previous&quot;,&quot;Next&quot;],&quot;loop&quot;:true,&quot;autoplay&quot;:true,&quot;autoplayTimeout&quot;:5000,&quot;autoplayHoverPause&quot;:false,&quot;responsive&quot;:{&quot;0&quot;:{&quot;items&quot;:1,&quot;dots&quot;:false,&quot;nav&quot;:true},&quot;767&quot;:{&quot;items&quot;:4,&quot;dots&quot;:false},&quot;992&quot;:{&quot;items&quot;:4,&quot;dots&quot;:false}}}'><div class=\"item\">\n  <a href=\"\/aktivity\/#outdoor\" target=\"_self\" class=\"link-image\" title=\"Tenis\"><img loading=\"lazy\" decoding=\"async\" width=\"750\" height=\"563\" src=\"https:\/\/hotelvictoria.sk\/wp-content\/uploads\/2018\/01\/DSCF9491-1024x768.jpg\" class=\"attachment-large size-large\" alt=\"\" srcset=\"https:\/\/hotelvictoria.sk\/wp-content\/uploads\/2018\/01\/DSCF9491.jpg 1024w, https:\/\/hotelvictoria.sk\/wp-content\/uploads\/2018\/01\/DSCF9491-300x225.jpg 300w, https:\/\/hotelvictoria.sk\/wp-content\/uploads\/2018\/01\/DSCF9491-768x576.jpg 768w\" sizes=\"auto, (max-width: 750px) 100vw, 750px\" \/><\/a>      <div class=\"item-content\">\n      <h4><a href=\"\/aktivity\/#outdoor\" target=\"_self\" >Tenis<\/a><\/h4>      <p>V hoteli s\u00fa tenisov\u00e9 dvorce s celoro\u010dnou prev\u00e1dzkou. Zlep\u0161i\u0165 hru V\u00e1m pom\u00f4\u017eu na\u0161i sk\u00fasen\u00ed tr\u00e9neri.<\/p>    <\/div>\n  <\/div>\n<div class=\"item\">\n  <a href=\"\/aktivity\/#indoor\" target=\"_self\" class=\"link-image\" title=\"Squash\"><img loading=\"lazy\" decoding=\"async\" width=\"750\" height=\"500\" src=\"https:\/\/hotelvictoria.sk\/wp-content\/uploads\/2018\/01\/KAJ_8454-1024x683.jpg\" class=\"attachment-large size-large\" alt=\"\" srcset=\"https:\/\/hotelvictoria.sk\/wp-content\/uploads\/2018\/01\/KAJ_8454.jpg 1024w, https:\/\/hotelvictoria.sk\/wp-content\/uploads\/2018\/01\/KAJ_8454-300x200.jpg 300w, https:\/\/hotelvictoria.sk\/wp-content\/uploads\/2018\/01\/KAJ_8454-768x512.jpg 768w\" sizes=\"auto, (max-width: 750px) 100vw, 750px\" \/><\/a>      <div class=\"item-content\">\n      <h4><a href=\"\/aktivity\/#indoor\" target=\"_self\" >Squash<\/a><\/h4>      <p>Pre nad\u0161encov squashu m\u00e1me k dispoz\u00edcii 2 squashov\u00e9 kurty a tr\u00e9nerov pre Va\u0161u dokonal\u00fa hru.<\/p>    <\/div>\n  <\/div>\n<div class=\"item\">\n  <a href=\"\/aktivity\/#outdoor\" target=\"_self\" class=\"link-image\" title=\"Adventure Golf\"><img loading=\"lazy\" decoding=\"async\" width=\"750\" height=\"312\" src=\"https:\/\/hotelvictoria.sk\/wp-content\/uploads\/2018\/01\/960x397.jpg\" class=\"attachment-large size-large\" alt=\"\" srcset=\"https:\/\/hotelvictoria.sk\/wp-content\/uploads\/2018\/01\/960x397.jpg 955w, https:\/\/hotelvictoria.sk\/wp-content\/uploads\/2018\/01\/960x397-300x125.jpg 300w, https:\/\/hotelvictoria.sk\/wp-content\/uploads\/2018\/01\/960x397-768x319.jpg 768w\" sizes=\"auto, (max-width: 750px) 100vw, 750px\" \/><\/a>      <div class=\"item-content\">\n      <h4><a href=\"\/aktivity\/#outdoor\" target=\"_self\" >Adventure Golf<\/a><\/h4>      <p>Zahrajte si golf zmen\u0161en\u00fd do minigolfov\u00fdch dr\u00e1h s prek\u00e1\u017ekami ako na skuto\u010dnom golfovom ihrisku.<\/p>    <\/div>\n  <\/div>\n<div class=\"item\">\n  <a href=\"\/aktivity\/#indoor\" target=\"_self\" class=\"link-image\" title=\"Bowling\"><img loading=\"lazy\" decoding=\"async\" width=\"750\" height=\"501\" src=\"https:\/\/hotelvictoria.sk\/wp-content\/uploads\/2018\/01\/KAJ_8280-1024x684.jpg\" class=\"attachment-large size-large\" alt=\"\" srcset=\"https:\/\/hotelvictoria.sk\/wp-content\/uploads\/2018\/01\/KAJ_8280.jpg 1024w, https:\/\/hotelvictoria.sk\/wp-content\/uploads\/2018\/01\/KAJ_8280-300x200.jpg 300w, https:\/\/hotelvictoria.sk\/wp-content\/uploads\/2018\/01\/KAJ_8280-768x513.jpg 768w\" sizes=\"auto, (max-width: 750px) 100vw, 750px\" \/><\/a>      <div class=\"item-content\">\n      <h4><a href=\"\/aktivity\/#indoor\" target=\"_self\" >Bowling<\/a><\/h4>      <p>Za\u017eite kopec z\u00e1bavy s Va\u0161imi priate\u013emi na 2 modern\u00fdch bowlingov\u00fdch dr\u00e1hach. <\/p>    <\/div>\n  <\/div>\n<div class=\"item\">\n  <a href=\"\/aktivity\/#indoor\" target=\"_self\" class=\"link-image\" title=\"3D Hunting\"><img loading=\"lazy\" decoding=\"async\" width=\"750\" height=\"500\" src=\"https:\/\/hotelvictoria.sk\/wp-content\/uploads\/2018\/01\/KAJ_8402-1024x683.jpg\" class=\"attachment-large size-large\" alt=\"\" srcset=\"https:\/\/hotelvictoria.sk\/wp-content\/uploads\/2018\/01\/KAJ_8402.jpg 1024w, https:\/\/hotelvictoria.sk\/wp-content\/uploads\/2018\/01\/KAJ_8402-300x200.jpg 300w, https:\/\/hotelvictoria.sk\/wp-content\/uploads\/2018\/01\/KAJ_8402-768x512.jpg 768w\" sizes=\"auto, (max-width: 750px) 100vw, 750px\" \/><\/a>      <div class=\"item-content\">\n      <h4><a href=\"\/aktivity\/#indoor\" target=\"_self\" >3D Hunting<\/a><\/h4>      <p>L\u00e1ka V\u00e1s po\u013eova\u010dka? Vysk\u00fa\u0161ajte na\u0161u digit\u00e1lnu simul\u00e1ciu po\u013eova\u010dky 3D Hunting. Z\u00e1bava pre v\u0161etk\u00fdch.<\/p>    <\/div>\n  <\/div>\n<div class=\"item\">\n  <a href=\"\/aktivity\/#indoor\" target=\"_self\" class=\"link-image\" title=\"Biliard\"><img loading=\"lazy\" decoding=\"async\" width=\"750\" height=\"500\" src=\"https:\/\/hotelvictoria.sk\/wp-content\/uploads\/2018\/01\/KAJ_8725-1024x683.jpg\" class=\"attachment-large size-large\" alt=\"\" srcset=\"https:\/\/hotelvictoria.sk\/wp-content\/uploads\/2018\/01\/KAJ_8725.jpg 1024w, https:\/\/hotelvictoria.sk\/wp-content\/uploads\/2018\/01\/KAJ_8725-300x200.jpg 300w, https:\/\/hotelvictoria.sk\/wp-content\/uploads\/2018\/01\/KAJ_8725-768x512.jpg 768w\" sizes=\"auto, (max-width: 750px) 100vw, 750px\" \/><\/a>      <div class=\"item-content\">\n      <h4><a href=\"\/aktivity\/#indoor\" target=\"_self\" >Biliard<\/a><\/h4>      <p>Odd\u00fdchnite si pri hran\u00ed biliardu a vychutnajte si pivo z n\u00e1\u0161ho pivovaru. <\/p>    <\/div>\n  <\/div>\n<div class=\"item\">\n  <a href=\"\/aktivity\/#outdoor\" target=\"_self\" class=\"link-image\" title=\"Petang\"><img loading=\"lazy\" decoding=\"async\" width=\"750\" height=\"495\" src=\"https:\/\/hotelvictoria.sk\/wp-content\/uploads\/2018\/02\/petanque.jpg\" class=\"attachment-large size-large\" alt=\"\" srcset=\"https:\/\/hotelvictoria.sk\/wp-content\/uploads\/2018\/02\/petanque.jpg 800w, https:\/\/hotelvictoria.sk\/wp-content\/uploads\/2018\/02\/petanque-300x198.jpg 300w, https:\/\/hotelvictoria.sk\/wp-content\/uploads\/2018\/02\/petanque-768x507.jpg 768w\" sizes=\"auto, (max-width: 750px) 100vw, 750px\" \/><\/a>      <div class=\"item-content\">\n      <h4><a href=\"\/aktivity\/#outdoor\" target=\"_self\" >Petang<\/a><\/h4>      <p>Lorem ipsum dolor sit amet, an probo ipsum delicata his. Eu quem solum interesset mei.<\/p>    <\/div>\n  <\/div>\n<div class=\"item\">\n  <a href=\"\/wellness\/\" target=\"_self\" class=\"link-image\" title=\"Wellness\"><img loading=\"lazy\" decoding=\"async\" width=\"750\" height=\"500\" src=\"https:\/\/hotelvictoria.sk\/wp-content\/uploads\/2018\/02\/sauna1.jpg\" class=\"attachment-large size-large\" alt=\"\" srcset=\"https:\/\/hotelvictoria.sk\/wp-content\/uploads\/2018\/02\/sauna1.jpg 800w, https:\/\/hotelvictoria.sk\/wp-content\/uploads\/2018\/02\/sauna1-300x200.jpg 300w, https:\/\/hotelvictoria.sk\/wp-content\/uploads\/2018\/02\/sauna1-768x512.jpg 768w\" sizes=\"auto, (max-width: 750px) 100vw, 750px\" \/><\/a>      <div class=\"item-content\">\n      <h4><a href=\"\/wellness\/\" target=\"_self\" >Wellness<\/a><\/h4>      <p>Lorem ipsum dolor sit amet, an probo ipsum delicata his. Eu quem solum interesset mei.<\/p>    <\/div>\n  <\/div>\n<div class=\"item\">\n  <a href=\"\/ubytovanie\/\" target=\"_self\" class=\"link-image\" title=\"Ubytovanie\"><img loading=\"lazy\" decoding=\"async\" width=\"750\" height=\"563\" src=\"https:\/\/hotelvictoria.sk\/wp-content\/uploads\/2015\/07\/P9091140-1024x768.jpg\" class=\"attachment-large size-large\" alt=\"\" srcset=\"https:\/\/hotelvictoria.sk\/wp-content\/uploads\/2015\/07\/P9091140-1024x768.jpg 1024w, https:\/\/hotelvictoria.sk\/wp-content\/uploads\/2015\/07\/P9091140-300x225.jpg 300w, https:\/\/hotelvictoria.sk\/wp-content\/uploads\/2015\/07\/P9091140-768x576.jpg 768w, https:\/\/hotelvictoria.sk\/wp-content\/uploads\/2015\/07\/P9091140.jpg 1200w\" sizes=\"auto, (max-width: 750px) 100vw, 750px\" \/><\/a>      <div class=\"item-content\">\n      <h4><a href=\"\/ubytovanie\/\" target=\"_self\" >Ubytovanie<\/a><\/h4>      <p>Lorem ipsum dolor sit amet, an probo ipsum delicata his. Eu quem solum interesset mei.<\/p>    <\/div>\n  <\/div>\n<div class=\"item\">\n  <a href=\"\/gastronomia\/#pivovar\" target=\"_self\" class=\"link-image\" title=\"Pivovar\"><img loading=\"lazy\" decoding=\"async\" width=\"750\" height=\"501\" src=\"https:\/\/hotelvictoria.sk\/wp-content\/uploads\/2018\/02\/5-1024x684.jpg\" class=\"attachment-large size-large\" alt=\"\" srcset=\"https:\/\/hotelvictoria.sk\/wp-content\/uploads\/2018\/02\/5-1024x684.jpg 1024w, https:\/\/hotelvictoria.sk\/wp-content\/uploads\/2018\/02\/5-300x200.jpg 300w, https:\/\/hotelvictoria.sk\/wp-content\/uploads\/2018\/02\/5-768x513.jpg 768w, https:\/\/hotelvictoria.sk\/wp-content\/uploads\/2018\/02\/5.jpg 1200w\" sizes=\"auto, (max-width: 750px) 100vw, 750px\" \/><\/a>      <div class=\"item-content\">\n      <h4><a href=\"\/gastronomia\/#pivovar\" target=\"_self\" >Pivovar<\/a><\/h4>      <p>Lorem ipsum dolor sit amet, an probo ipsum delicata his. Eu quem solum interesset mei.<\/p>    <\/div>\n  <\/div>\n<div class=\"item\">\n  <a href=\"\/gastronomia\/\" target=\"_self\" class=\"link-image\" title=\"Gastron\u00f3mia\"><img loading=\"lazy\" decoding=\"async\" width=\"750\" height=\"422\" src=\"https:\/\/hotelvictoria.sk\/wp-content\/uploads\/2018\/02\/prosciotto-det-1024x576.jpg\" class=\"attachment-large size-large\" alt=\"\" srcset=\"https:\/\/hotelvictoria.sk\/wp-content\/uploads\/2018\/02\/prosciotto-det-1024x576.jpg 1024w, https:\/\/hotelvictoria.sk\/wp-content\/uploads\/2018\/02\/prosciotto-det-300x169.jpg 300w, https:\/\/hotelvictoria.sk\/wp-content\/uploads\/2018\/02\/prosciotto-det-768x432.jpg 768w, https:\/\/hotelvictoria.sk\/wp-content\/uploads\/2018\/02\/prosciotto-det.jpg 1200w\" sizes=\"auto, (max-width: 750px) 100vw, 750px\" \/><\/a>      <div class=\"item-content\">\n      <h4><a href=\"\/gastronomia\/\" target=\"_self\" >Gastron\u00f3mia<\/a><\/h4>      <p>Lorem ipsum dolor sit amet, an probo ipsum delicata his. Eu quem solum interesset mei.<\/p>    <\/div>\n  <\/div>\n<div class=\"item\">\n  <a href=\"\/kongresy-svadby\/\" target=\"_self\" class=\"link-image\" title=\"Svadba\"><img loading=\"lazy\" decoding=\"async\" width=\"750\" height=\"500\" src=\"https:\/\/hotelvictoria.sk\/wp-content\/uploads\/2018\/02\/988597_1144128672279421_4986738076036379611_n.jpg\" class=\"attachment-large size-large\" alt=\"\" srcset=\"https:\/\/hotelvictoria.sk\/wp-content\/uploads\/2018\/02\/988597_1144128672279421_4986738076036379611_n.jpg 960w, https:\/\/hotelvictoria.sk\/wp-content\/uploads\/2018\/02\/988597_1144128672279421_4986738076036379611_n-300x200.jpg 300w, https:\/\/hotelvictoria.sk\/wp-content\/uploads\/2018\/02\/988597_1144128672279421_4986738076036379611_n-768x512.jpg 768w\" sizes=\"auto, (max-width: 750px) 100vw, 750px\" \/><\/a>      <div class=\"item-content\">\n      <h4><a href=\"\/kongresy-svadby\/\" target=\"_self\" >Svadba<\/a><\/h4>      <p>Lorem ipsum dolor sit amet, an probo ipsum delicata his. Eu quem solum interesset mei.<\/p>    <\/div>\n  <\/div>\n<div class=\"item\">\n  <a href=\"\/kongresy-svadby\/\" target=\"_self\" class=\"link-image\" title=\"Kongres\"><img loading=\"lazy\" decoding=\"async\" width=\"750\" height=\"557\" src=\"https:\/\/hotelvictoria.sk\/wp-content\/uploads\/2018\/02\/Panorama31-1024x761.jpg\" class=\"attachment-large size-large\" alt=\"\" srcset=\"https:\/\/hotelvictoria.sk\/wp-content\/uploads\/2018\/02\/Panorama31-1024x761.jpg 1024w, https:\/\/hotelvictoria.sk\/wp-content\/uploads\/2018\/02\/Panorama31-300x223.jpg 300w, https:\/\/hotelvictoria.sk\/wp-content\/uploads\/2018\/02\/Panorama31-768x571.jpg 768w, https:\/\/hotelvictoria.sk\/wp-content\/uploads\/2018\/02\/Panorama31.jpg 1200w\" sizes=\"auto, (max-width: 750px) 100vw, 750px\" \/><\/a>      <div class=\"item-content\">\n      <h4><a href=\"\/kongresy-svadby\/\" target=\"_self\" >Kongres<\/a><\/h4>      <p>Lorem ipsum dolor sit amet, an probo ipsum delicata his. Eu quem solum interesset mei.<\/p>    <\/div>\n  <\/div>\n<div class=\"item\">\n  <a href=\"\/aktivity\/#turiec\" target=\"_self\" class=\"link-image\" title=\"Ly\u017eovanie\"><img loading=\"lazy\" decoding=\"async\" width=\"743\" height=\"372\" src=\"https:\/\/hotelvictoria.sk\/wp-content\/uploads\/2018\/02\/gallery_snowland-valcianska-dolina_12.jpg\" class=\"attachment-large size-large\" alt=\"\" srcset=\"https:\/\/hotelvictoria.sk\/wp-content\/uploads\/2018\/02\/gallery_snowland-valcianska-dolina_12.jpg 743w, https:\/\/hotelvictoria.sk\/wp-content\/uploads\/2018\/02\/gallery_snowland-valcianska-dolina_12-300x150.jpg 300w\" sizes=\"auto, (max-width: 743px) 100vw, 743px\" \/><\/a>      <div class=\"item-content\">\n      <h4><a href=\"\/aktivity\/#turiec\" target=\"_self\" >Ly\u017eovanie<\/a><\/h4>      <p>Lorem ipsum dolor sit amet, an probo ipsum delicata his. Eu quem solum interesset mei.<\/p>    <\/div>\n  <\/div>\n<div class=\"item\">\n  <a href=\"\/aktivity\/#turiec\" target=\"_self\" class=\"link-image\" title=\"Cykloturistika\"><img loading=\"lazy\" decoding=\"async\" width=\"546\" height=\"397\" src=\"https:\/\/hotelvictoria.sk\/wp-content\/uploads\/2018\/02\/leto-slide-960x397.jpg\" class=\"attachment-large size-large\" alt=\"\" srcset=\"https:\/\/hotelvictoria.sk\/wp-content\/uploads\/2018\/02\/leto-slide-960x397.jpg 546w, https:\/\/hotelvictoria.sk\/wp-content\/uploads\/2018\/02\/leto-slide-960x397-300x218.jpg 300w\" sizes=\"auto, (max-width: 546px) 100vw, 546px\" \/><\/a>      <div class=\"item-content\">\n      <h4><a href=\"\/aktivity\/#turiec\" target=\"_self\" >Cykloturistika<\/a><\/h4>      <p>Lorem ipsum dolor sit amet, an probo ipsum delicata his. Eu quem solum interesset mei.<\/p>    <\/div>\n  <\/div>\n<\/div>[\/vc_column][\/vc_row]\n<\/div>","protected":false},"excerpt":{"rendered":"<p>[vc_row][vc_column width=&#8221;1\/2&#8243;][vc_column_text]Hotel Victoria is a modern hotel with family atmosphere. The hotel is situated in a quiet locality of Str\u00e1ne under of Martinsk\u00e9 hole, the center of the town Martin is reachable on foot. The hotel was founded in 2005 and a new accommodation segment was built in 2008. The hotel disposes of 65 rooms with\u00a0138 beds. There is a [&hellip;]<\/p>\n","protected":false},"author":1,"featured_media":0,"parent":0,"menu_order":0,"comment_status":"open","ping_status":"open","template":"","meta":{"footnotes":""},"class_list":["post-11","page","type-page","status-publish","hentry"],"_links":{"self":[{"href":"https:\/\/hotelvictoria.sk\/en\/wp-json\/wp\/v2\/pages\/11","targetHints":{"allow":["GET"]}}],"collection":[{"href":"https:\/\/hotelvictoria.sk\/en\/wp-json\/wp\/v2\/pages"}],"about":[{"href":"https:\/\/hotelvictoria.sk\/en\/wp-json\/wp\/v2\/types\/page"}],"author":[{"embeddable":true,"href":"https:\/\/hotelvictoria.sk\/en\/wp-json\/wp\/v2\/users\/1"}],"replies":[{"embeddable":true,"href":"https:\/\/hotelvictoria.sk\/en\/wp-json\/wp\/v2\/comments?post=11"}],"version-history":[{"count":0,"href":"https:\/\/hotelvictoria.sk\/en\/wp-json\/wp\/v2\/pages\/11\/revisions"}],"wp:attachment":[{"href":"https:\/\/hotelvictoria.sk\/en\/wp-json\/wp\/v2\/media?parent=11"}],"curies":[{"name":"wp","href":"https:\/\/api.w.org\/{rel}","templated":true}]}}