{"id":13,"date":"2014-09-14T09:19:49","date_gmt":"2014-09-14T09:19:49","guid":{"rendered":"http:\/\/localhost\/final-leisure\/?page_id=13"},"modified":"2023-02-01T09:17:36","modified_gmt":"2023-02-01T08:17:36","slug":"kongresy-svadby","status":"publish","type":"page","link":"https:\/\/hotelvictoria.sk\/en\/kongresy-svadby\/","title":{"rendered":"Congress centre"},"content":{"rendered":"<div class=\"wpb-content-wrapper\">[vc_row full_width=&#8221;stretch_row&#8221; position=&#8221;center center&#8221; parallax_layers=&#8221;yes&#8221; css=&#8221;.vc_custom_1517775488349{background-position: 0 0 !important;background-repeat: repeat !important;}&#8221; el_class=&#8221;bg-size&#8221; parallax_offset=&#8221;700&#8243;][vc_column width=&#8221;1\/2&#8243;][vc_images_carousel images=&#8221;3019,3020,3021,3022,6584,6536&#8243; wrap=&#8221;yes&#8221;][\/vc_column][vc_column width=&#8221;1\/2&#8243;][vc_column_text]<strong>Congress centre <\/strong><\/p>\n<p>Modern and spacious conference room completely equipped with audio and video technology, internet connection and of course air contitioning, suitable for conferences, seminars, or other company meetings. We offer rooms with capacity from 20-350 people. You can rent a meeting room, a saloon, 2 conference rooms or a beer saloon.<\/p>\n<p><strong>Weddings<\/strong><\/p>\n<p>Celebrate your wedding in Hotel Victoria in an unforgetable way.<\/p>\n<p>Wedding ceremony in a park has a unique atmosphere. For wedding celebration we provide venues with capacity up to 350 persons. Wedding room can be decorated in various styles, we offer classic or round tables, chiavari or conference chairs. On top of that we will create menu that will give the wedding a sense of great culinary experience.<\/p>\n<p>Visit us to see the wedding premises, meet the personnel, or taste our meals to make sure your wedding in Hotel Victoria will be exceptional.<\/p>\n<p>For more information please contact: <a style=\"font-size: 1.7rem;\" href=\"mailto:recepcia@hotelvictoria.sk\">recepcia@hotelvictoria.sk<\/a><span style=\"font-size: 1.7rem;\">, Phone: <\/span><a style=\"font-size: 1.7rem;\" href=\"tel:+421434304836\">(+421) 43 43 04 836<\/a><span style=\"font-size: 1.7rem;\">, <\/span><a style=\"font-size: 1.7rem;\" href=\"tel:+421911406407\">(+421) 911 406 407<\/a><\/p>\n<ul class=\"list-pointer\">\n<li>Fully equipped with air conditioning and audio and video technology<\/li>\n<li>Suitable for conferences, meetings, seminars, company events, weddings, celebrations<\/li>\n<li>Capacity 20-350 persons (saloon, meeting room, conf. room I, conf. room II, beer saloon)<\/li>\n<li>Tie the knot? We will prepare an unforgattable wedding ceremony.<\/li>\n<li>Wedding ceremony, menu, decorations, we will take care of everything in combination with your desires and our life long experience.<\/li>\n<\/ul>\n[\/vc_column_text][\/vc_column][\/vc_row][vc_row][vc_column width=&#8221;1\/6&#8243;][\/vc_column][vc_column width=&#8221;2\/3&#8243;][vc_accordion active_tab=&#8221;false&#8221;][vc_accordion_tab title=&#8221;Congress&#8221;][vc_column_text]\n<table class=\"table table-responsive\" border=\"0\" width=\"100%\" cellspacing=\"0\" cellpadding=\"0\">\n<thead>\n<tr>\n<td class=\"first\" rowspan=\"2\"><span class=\"text-green\">Room<\/span><\/td>\n<td rowspan=\"2\"><span class=\"text-green\">Size<\/span><\/td>\n<td colspan=\"4\">Capacity (persons)<\/td>\n<td rowspan=\"2\">Price \/ day<\/td>\n<td rowspan=\"2\">Window<\/td>\n<td class=\"last\" rowspan=\"2\"><span class=\"text-green\">Air condition<\/span><\/td>\n<\/tr>\n<tr>\n<td>Tables \/ banket<\/td>\n<td>School sitting<\/td>\n<td>Reception \/ kokteil<\/td>\n<td>Cinema<\/td>\n<\/tr>\n<\/thead>\n<tbody>\n<tr>\n<td>Congres<\/td>\n<td>220 m<sup>2<\/sup><br \/>\n(18,5m x 12m)<\/td>\n<td>150<\/td>\n<td>170<\/td>\n<td>180<\/td>\n<td>220<\/td>\n<td>1000 EUR<\/td>\n<td>yes<\/td>\n<td>yes<\/td>\n<\/tr>\n<tr>\n<td>Congres I.<\/td>\n<td>110 m<sup>2<\/sup><br \/>\n(9m x 12m)<\/td>\n<td>80<\/td>\n<td>90<\/td>\n<td>100<\/td>\n<td>110<\/td>\n<td>500 EUR<\/td>\n<td>yes<\/td>\n<td>yes<\/td>\n<\/tr>\n<tr>\n<td>Congres II.<\/td>\n<td>110 m<sup>2<\/sup><br \/>\n(9m x 12m)<\/td>\n<td>80<\/td>\n<td>90<\/td>\n<td>100<\/td>\n<td>110<\/td>\n<td>500 EUR<\/td>\n<td>yes<\/td>\n<td>yes<\/td>\n<\/tr>\n<tr>\n<td>Saloon<\/td>\n<td>45 m<sup>2<\/sup><br \/>\n(4,5m x 10m)<\/td>\n<td>25<\/td>\n<td>&#8211;<\/td>\n<td>&#8211;<\/td>\n<td>40<\/td>\n<td>150 EUR<\/td>\n<td>yes<\/td>\n<td>yes<\/td>\n<\/tr>\n<tr>\n<td>Meeting room<\/td>\n<td>33 m<sup>2<\/sup><br \/>\n(5,5m x 6m)<\/td>\n<td>25<\/td>\n<td>25<\/td>\n<td>&#8211;<\/td>\n<td>30<\/td>\n<td>150 EUR<\/td>\n<td>yes<\/td>\n<td>&#8211;<\/td>\n<\/tr>\n<\/tbody>\n<\/table>\n<p>The hotel interior is purposefully designed, a barrier-free access enables you to deliver bigger articles to a company event.[\/vc_column_text][\/vc_accordion_tab][vc_accordion_tab title=&#8221;Conference rooms&#8221;][vc_column_text]\n<table class=\"table table-responsive\" border=\"0\" width=\"100%\" cellspacing=\"0\" cellpadding=\"0\">\n<thead>\n<tr>\n<td class=\"first\" rowspan=\"2\">Room<\/td>\n<td rowspan=\"2\">Size<\/td>\n<td colspan=\"4\">Capacity (persons)<\/td>\n<td rowspan=\"2\">Price \/ day<\/td>\n<td rowspan=\"2\">Window<\/td>\n<td class=\"last\" rowspan=\"2\">Air condition<\/td>\n<\/tr>\n<tr>\n<td><span class=\"text-green\">Tables \/ banket<\/span><\/td>\n<td>School sitting<\/td>\n<td>Reception \/ kokteil<\/td>\n<td>Cinema<\/td>\n<\/tr>\n<\/thead>\n<tbody>\n<tr>\n<td>Lobby bar<\/td>\n<td>450 m<sup>2<\/sup><\/td>\n<td>150<\/td>\n<td>&#8211;<\/td>\n<td>250<\/td>\n<td>&#8211;<\/td>\n<td>&#8211;<\/td>\n<td>yes<\/td>\n<td>yes<\/td>\n<\/tr>\n<tr>\n<td>Restaurant<\/td>\n<td>105 m<sup>2<\/sup><\/td>\n<td>80<\/td>\n<td>&#8211;<\/td>\n<td>&#8211;<\/td>\n<td>&#8211;<\/td>\n<td>&#8211;<\/td>\n<td>yes<\/td>\n<td>yes<\/td>\n<\/tr>\n<tr>\n<td>Saloon \u201eEl Barco\u201c<\/td>\n<td>30 m<sup>2<\/sup><\/td>\n<td>&#8211;<\/td>\n<td>&#8211;<\/td>\n<td>20<\/td>\n<td>&#8211;<\/td>\n<td>&#8211;<\/td>\n<td>yes<\/td>\n<td>yes<\/td>\n<\/tr>\n<tr>\n<td>Vine celar<\/td>\n<td>25 m<sup>2<\/sup><\/td>\n<td>&#8211;<\/td>\n<td>&#8211;<\/td>\n<td>15<\/td>\n<td>&#8211;<\/td>\n<td>&#8211;<\/td>\n<td>&#8211;<\/td>\n<td>&#8211;<\/td>\n<\/tr>\n<tr>\n<td>Brewery<\/td>\n<td>70 m<sup>2<\/sup><\/td>\n<td>50 \u2013 70<\/td>\n<td>&#8211;<\/td>\n<td>&#8211;<\/td>\n<td>&#8211;<\/td>\n<td>150 EUR<\/td>\n<td>yes<\/td>\n<td>yes<\/td>\n<\/tr>\n<\/tbody>\n<\/table>\n[\/vc_column_text][\/vc_accordion_tab][vc_accordion_tab title=&#8221;Audio technic&#8221;][vc_column_text]\n<table class=\"table table-responsive\" border=\"0\" width=\"100%\" cellspacing=\"0\" cellpadding=\"0\">\n<thead>\n<tr>\n<td class=\"first\" rowspan=\"2\">Type<\/td>\n<td class=\"last\" rowspan=\"2\">Service<\/td>\n<\/tr>\n<\/thead>\n<tbody>\n<tr>\n<td>Sound<\/td>\n<td>congress sound and video<\/td>\n<\/tr>\n<tr>\n<td>Technique<\/td>\n<td>3 x dataprojector, 3 x screen, TV, flipchart<\/td>\n<\/tr>\n<tr>\n<td>Internet<\/td>\n<td>WI-fi and DSL in rooms<\/td>\n<\/tr>\n<tr>\n<td>Office services<\/td>\n<td>fax, PC, print, copy, telephone<\/td>\n<\/tr>\n<\/tbody>\n<\/table>\n[\/vc_column_text][\/vc_accordion_tab][\/vc_accordion][vc_column_text css=&#8221;.vc_custom_1525560654507{margin-top: 50px !important;}&#8221;]\n<h4>Groundplan:<\/h4>\n[\/vc_column_text][vc_gallery images=&#8221;3032,3031,3030,3029,3028&#8243; columns=&#8221;5&#8243;][\/vc_column][vc_column width=&#8221;1\/6&#8243;][\/vc_column][\/vc_row][vc_row full_width=&#8221;stretch_row&#8221; css=&#8221;.vc_custom_1517777802803{padding-top: 80px !important;background-image: url(http:\/\/hotelvictoria.sk\/wp-content\/uploads\/2018\/02\/DJ0_9426-k\u00f3pia.jpg?id=3021) !important;background-position: center !important;background-repeat: no-repeat !important;background-size: cover !important;}&#8221;][vc_column width=&#8221;1\/2&#8243; offset=&#8221;vc_col-sm-offset-3&#8243; el_class=&#8221;white-box&#8221; css=&#8221;.vc_custom_1517777930955{padding-top: 30px !important;padding-right: 20px !important;padding-bottom: 30px !important;padding-left: 20px !important;}&#8221;][vc_column_text el_class=&#8221;text-center&#8221;]\n<h2 class=\"text-uppercase text-center\" style=\"text-align: center;\">Partners:<\/h2>\n<p><strong>Music production:<\/strong><\/p>\n<p><a title=\"DJ Chvojka\" href=\"http:\/\/www.djchvojka.eu\/\">DJ Chvojka\u00a0<\/a>\u00a0\/\u00a0\u00a0<a title=\"Viedodisco party\" href=\"http:\/\/www.videodiscoparty.sk\/dj-starnu.html\">DJ Haliena<\/a>\u00a0 \/\u00a0\u00a0<a title=\"DJ Laky\" href=\"http:\/\/djlaky.webnode.sk\/\">DJ Laky<\/a><\/p>\n<p><strong>Photography:<\/strong><\/p>\n<p><a href=\"http:\/\/michalbuchta.cz\/#svatby\">Fotograf Michal Buchta<\/a><a title=\"Michal Pi\u0161n\u00fd\" href=\"http:\/\/www.michalpisny.sk\/\"> \/ Fotograf Michal Pi\u0161n\u00fd\u00a0<\/a> \/\u00a0\u00a0Fotograf Matej \u017dofaj \/\u00a0<a title=\"Guardo\" href=\"http:\/\/guardo.eu\/\">Fotograf Radovan \u201cGuardo\u201d Halu\u0161ka<\/a><\/p>\n<p><strong>Decorations\/Wedding agencies:<\/strong><\/p>\n<p><a title=\"Adell Decor\" href=\"https:\/\/www.facebook.com\/Adelldecor\/\">Ad\u00e9ll Decor<\/a>\u00a0 \u00a0\/\u00a0\u00a0<a title=\"\u010carovn\u00fd de\u0148\" href=\"http:\/\/www.carovnyden.sk\/\">\u010carovn\u00fd de\u0148<\/a>\u00a0 \/\u00a0\u00a0<a title=\"Jedna rados\u0165\" href=\"http:\/\/www.jednaradost.sk\/\">Jedna rados\u0165<\/a><\/p>\n<p><strong>Wedding stylist<\/strong><\/p>\n<p>Kozmetick\u00e9 poradenstvo a viz\u00e1\u017eistka Iveta Frk\u00e1\u0148ov\u00e1 \u2013 0948 894 496, iveta.frkanova@gmail.com[\/vc_column_text][\/vc_column][\/vc_row]\n<\/div>","protected":false},"excerpt":{"rendered":"<p>[vc_row full_width=&#8221;stretch_row&#8221; position=&#8221;center center&#8221; parallax_layers=&#8221;yes&#8221; css=&#8221;.vc_custom_1517775488349{background-position: 0 0 !important;background-repeat: repeat !important;}&#8221; el_class=&#8221;bg-size&#8221; parallax_offset=&#8221;700&#8243;][vc_column width=&#8221;1\/2&#8243;][vc_images_carousel images=&#8221;3019,3020,3021,3022,6584,6536&#8243; wrap=&#8221;yes&#8221;][\/vc_column][vc_column width=&#8221;1\/2&#8243;][vc_column_text]Congress centre Modern and spacious conference room completely equipped with audio and video technology, internet connection and of course air contitioning, suitable for conferences, seminars, or other company meetings. We offer rooms with capacity from 20-350 people. You can rent a meeting room, a [&hellip;]<\/p>\n","protected":false},"author":1,"featured_media":0,"parent":0,"menu_order":0,"comment_status":"open","ping_status":"open","template":"","meta":{"footnotes":""},"class_list":["post-13","page","type-page","status-publish","hentry"],"_links":{"self":[{"href":"https:\/\/hotelvictoria.sk\/en\/wp-json\/wp\/v2\/pages\/13","targetHints":{"allow":["GET"]}}],"collection":[{"href":"https:\/\/hotelvictoria.sk\/en\/wp-json\/wp\/v2\/pages"}],"about":[{"href":"https:\/\/hotelvictoria.sk\/en\/wp-json\/wp\/v2\/types\/page"}],"author":[{"embeddable":true,"href":"https:\/\/hotelvictoria.sk\/en\/wp-json\/wp\/v2\/users\/1"}],"replies":[{"embeddable":true,"href":"https:\/\/hotelvictoria.sk\/en\/wp-json\/wp\/v2\/comments?post=13"}],"version-history":[{"count":2,"href":"https:\/\/hotelvictoria.sk\/en\/wp-json\/wp\/v2\/pages\/13\/revisions"}],"predecessor-version":[{"id":9176,"href":"https:\/\/hotelvictoria.sk\/en\/wp-json\/wp\/v2\/pages\/13\/revisions\/9176"}],"wp:attachment":[{"href":"https:\/\/hotelvictoria.sk\/en\/wp-json\/wp\/v2\/media?parent=13"}],"curies":[{"name":"wp","href":"https:\/\/api.w.org\/{rel}","templated":true}]}}