{"id":21,"date":"2014-09-14T09:20:42","date_gmt":"2014-09-14T09:20:42","guid":{"rendered":"http:\/\/localhost\/final-leisure\/?page_id=21"},"modified":"2025-11-03T17:00:38","modified_gmt":"2025-11-03T16:00:38","slug":"ubytovanie","status":"publish","type":"page","link":"https:\/\/hotelvictoria.sk\/en\/ubytovanie\/","title":{"rendered":"Accommodation"},"content":{"rendered":"<div class=\"wpb-content-wrapper\">[vc_row position=&#8221;center right&#8221; css=&#8221;.vc_custom_1436463840612{background-position: center !important;background-repeat: no-repeat !important;background-size: contain !important;}&#8221;][vc_column width=&#8221;2\/3&#8243;][vc_column_text]\n<h3>You will sleep well at our hotel!<\/h3>\n<p>The hotel disposes of 65 rooms with 138 beds with extra beds. The hotel offers 4 suites and 3 maisonette suites, loved especially by children. Rooms are equipped with a bathtub or shower enclosure. All rooms offer a barrier-free access with a lift! You can enjoy a free wifi internet access everywhere. A part of the equipment is a hairdryer, a safe, a mini-bar and cable television, \u017eupany, uter\u00e1ky, papu\u010de bathrobes, towels, slippers. On the room you will find everything you need for your comfort.<\/p>\n<p>&nbsp;<\/p>\n<blockquote style=\"text-transform: none;\"><p>Hotel Victoria represents a healthy and quality sleep, for which you do not have to travel long distances. Fresh, clean air and pleasant surroundings of a quiet locality of Str\u00e1ne at the foot of Martinsk\u00e9 hole are the basis for your peaceful and undisturbed sleep.<\/p><\/blockquote>\n[\/vc_column_text][\/vc_column][vc_column width=&#8221;1\/4&#8243; offset=&#8221;vc_col-sm-offset-1&#8243;][vc_column_text]\n<div class=\"text-center well\">\n<span class='hotel-icon-241 hi-3x color-primary hi-boxed' ><\/span>\n<h3><small>Please call us to confirm the availability of your room.<\/small> <a href=\"tel:+421911406407\">(+421) 911 406 407<\/a><\/h3>\n<\/div>\n[\/vc_column_text][\/vc_column][\/vc_row][vc_row full_width=&#8221;stretch_row&#8221; parallax=&#8221;content-moving&#8221; css=&#8221;.vc_custom_1517749057201{background-image: url(http:\/\/hotelvictoria.sk\/wp-content\/uploads\/2018\/02\/room-listing-1.jpg?id=2944) !important;background-position: center;background-repeat: no-repeat !important;background-size: cover !important;}&#8221;][vc_column width=&#8221;1\/2&#8243;][vc_column_text el_class=&#8221;white-box content-padding&#8221;]\n<h2 id=\"cove\" class=\"text-uppercase\">Rooms<\/h2>\n<ul class=\"list-pointer\">\n<li>55x DR standard room \u2013 double room with one double\/twin bed<\/li>\n<li>3x FR \u2013 family room \u2013 with two double\/twin beds<\/li>\n<li>4x DR Standard &#8220;Plus&#8221; \u2013 double room with two double\/twin beds<\/li>\n<li>3x apartments JS &#8211; two separate rooms with two double\/twin beds each, and an optional extra bed<\/li>\n<li>1x apartment &#8220;Superior&#8221; \u2013 luxury apartment with two double\/twin beds and two optional extra beds<\/li>\n<\/ul>\n[\/vc_column_text][\/vc_column][vc_column width=&#8221;1\/2&#8243;][vc_single_image image=&#8221;2943&#8243; img_size=&#8221;large&#8221;][\/vc_column][\/vc_row][vc_row el_id=&#8221;standard&#8221; css=&#8221;.vc_custom_1518375378845{margin-top: 40px !important;}&#8221;][vc_column width=&#8221;1\/2&#8243;][vc_single_image image=&#8221;2943&#8243; img_size=&#8221;full&#8221; onclick=&#8221;link_image&#8221;][\/vc_column][vc_column width=&#8221;1\/2&#8243;][vc_column_text]\n<p>The hotel offers rooms \u2018Standard\u2019 with optional extra beds. Rooms are also equipped with hairdryers, minibars, cable TV and a room safe lock. Barrier-free access by lift to all rooms! You can connect to WiFi from any place in the hotel for free.[\/vc_column_text][\/vc_column][\/vc_row][vc_row el_id=&#8221;standard-plus&#8221;][vc_column width=&#8221;1\/2&#8243;][vc_single_image image=&#8221;2976&#8243; img_size=&#8221;full&#8221; onclick=&#8221;link_image&#8221;][\/vc_column][vc_column width=&#8221;1\/2&#8243;][vc_column_text]The news is a new category of <strong>Standard Plus rooms<\/strong> that provide comfortable accommodation with a balcony with spectacular panoramic view of the Great mountains. In addition to the conventional standard equipment includes air conditioning and large-screen TV with a wide range of high quality satellite programs.[\/vc_column_text][\/vc_column][\/vc_row][vc_row el_id=&#8221;family-room&#8221;][vc_column width=&#8221;1\/2&#8243;][vc_single_image image=&#8221;2943&#8243; img_size=&#8221;full&#8221; onclick=&#8221;link_image&#8221;][\/vc_column][vc_column width=&#8221;1\/2&#8243;][vc_column_text]Another room type we offer is a \u2018Family\u2019 room which sleeps 4 persons. It is a loft apartment with two floors, roof windows and air conditioning. Equipped with minibar, hairdryer, room safe lock and cable TV.[\/vc_column_text][\/vc_column][\/vc_row][vc_row el_id=&#8221;apartmany&#8221;][vc_column width=&#8221;1\/2&#8243;][vc_single_image image=&#8221;2990&#8243; img_size=&#8221;full&#8221; onclick=&#8221;link_image&#8221; title=&#8221;Apartment Superior&#8221;][\/vc_column][vc_column width=&#8221;1\/2&#8243;][vc_column_text]\n<h3>Apartments<\/h3>\n<p>There is also a new <strong>apartment Superior<\/strong>,\u00a0 who, with a floor area of up to 70 m2, including two balconies, luxurious amenities with air conditioning and two large screens, and meets the most demanding criteria for the convenience and comfort of hotel guests.[\/vc_column_text][\/vc_column][\/vc_row][vc_row][vc_column width=&#8221;1\/2&#8243;][vc_single_image image=&#8221;7018&#8243; img_size=&#8221;full&#8221; onclick=&#8221;link_image&#8221; title=&#8221;Apartment JS&#8221;][\/vc_column][vc_column width=&#8221;1\/2&#8243;][vc_column_text]Another new type of rooms is \u2018Apartmant JS\u2019 with square footage of 50 m2. Apartment is furnished in a high standard with a living room and bedroom. The bathroom is equipped with a shower stall, balcony, air conditioning and wide screen TV with a great selection of channels.[\/vc_column_text][\/vc_column][\/vc_row][vc_row][vc_column width=&#8221;1\/2&#8243; offset=&#8221;vc_col-sm-offset-3&#8243;][vc_column_text el_class=&#8221;text-left&#8221;]\n<h2 style=\"text-align: center;\">Price list (valid from 01.01.2024)<\/h2>\n<table class=\"table table-responsive\">\n<tbody>\n<tr>\n<td class=\"text-left\"><strong>1\/1 Standard<\/strong><\/td>\n<td class=\"text-right\">119 \u20ac<\/td>\n<\/tr>\n<tr>\n<td class=\"text-left\"><strong>1\/1 Standard with air condition<\/strong><\/td>\n<td class=\"text-right\">129 \u20ac<\/td>\n<\/tr>\n<tr>\n<td class=\"text-left\"><strong>1\/2 Standard<\/strong><\/td>\n<td class=\"text-right\">139 \u20ac<\/td>\n<\/tr>\n<tr>\n<td class=\"text-left\"><strong>1\/2 Standard with air condition<\/strong><\/td>\n<td class=\"text-right\">149 \u20ac<\/td>\n<\/tr>\n<tr>\n<td class=\"text-left\"><strong>1\/2 Standard &#8220;Plus&#8221;<\/strong><\/td>\n<td class=\"text-right\">159 \u20ac<\/td>\n<\/tr>\n<tr>\n<td class=\"text-left\"><strong>Family room<\/strong><\/td>\n<td class=\"text-right\">155 \u20ac<\/td>\n<\/tr>\n<tr>\n<td class=\"text-left\"><strong>Apartments JS<\/strong><\/td>\n<td class=\"text-right\">179 \u20ac<\/td>\n<\/tr>\n<tr>\n<td class=\"text-left\"><strong>Apartment &#8220;Superior&#8221;<\/strong><\/td>\n<td class=\"text-right\">199 \u20ac<\/td>\n<\/tr>\n<tr>\n<td class=\"text-left\"><strong>Extra bed<\/strong><\/td>\n<td class=\"text-right\">+ 39 \u20ac<\/td>\n<\/tr>\n<\/tbody>\n<\/table>\n[\/vc_column_text][vc_column_text]The price does not include the local charge 1,0.- EUR for one person and day.<\/p>\n<p>The accommodation price includes 10 EUR breakfast with hotel homemade products, parking, wifi,wellness (swimming pool, saunas, whirlpool) except of massages.<\/p>\n<h4>Cancellation fee<\/h4>\n<p>In case that the booked room is not occupied, we will charge from the accommodation price the following cancellation fees:<\/p>\n<ul class=\"list-pointer\">\n<li>15 \u2013 30 days before arrival 30 %<\/li>\n<li>7 \u2013 14 days before arrival 50 %<\/li>\n<li>up to 6 days before arrival 100 %<\/li>\n<\/ul>\n<p>Prices are for room per 1 night. The price of the extra bed is per person per night.<br \/>\nThe price includes breakfast with our homemade products, parking, Wi-Fi, fitness,<br \/>\nwellness (swimming pool, 3 sorts of sauna, whirlpool), exclude massages and beer<br \/>\nbath.<\/p>\n<p>Late check out<\/p>\n<p>In case, you would like to stay in the room longer, please inform us about the late checkout on the reception.<br \/>\nIn this case the following price list is valid:<br \/>\nLate checkout \/after 12:00 am\/ 30 EUR<br \/>\nLate checkout \/after 18:00 pm\/ room price\/night[\/vc_column_text][\/vc_column][\/vc_row]\n<\/div>","protected":false},"excerpt":{"rendered":"<p>[vc_row position=&#8221;center right&#8221; css=&#8221;.vc_custom_1436463840612{background-position: center !important;background-repeat: no-repeat !important;background-size: contain !important;}&#8221;][vc_column width=&#8221;2\/3&#8243;][vc_column_text] You will sleep well at our hotel! The hotel disposes of 65 rooms with 138 beds with extra beds. The hotel offers 4 suites and 3 maisonette suites, loved especially by children. Rooms are equipped with a bathtub or shower enclosure. All rooms offer a barrier-free access with a [&hellip;]<\/p>\n","protected":false},"author":1,"featured_media":0,"parent":0,"menu_order":0,"comment_status":"open","ping_status":"open","template":"","meta":{"footnotes":""},"class_list":["post-21","page","type-page","status-publish","hentry"],"_links":{"self":[{"href":"https:\/\/hotelvictoria.sk\/en\/wp-json\/wp\/v2\/pages\/21","targetHints":{"allow":["GET"]}}],"collection":[{"href":"https:\/\/hotelvictoria.sk\/en\/wp-json\/wp\/v2\/pages"}],"about":[{"href":"https:\/\/hotelvictoria.sk\/en\/wp-json\/wp\/v2\/types\/page"}],"author":[{"embeddable":true,"href":"https:\/\/hotelvictoria.sk\/en\/wp-json\/wp\/v2\/users\/1"}],"replies":[{"embeddable":true,"href":"https:\/\/hotelvictoria.sk\/en\/wp-json\/wp\/v2\/comments?post=21"}],"version-history":[{"count":18,"href":"https:\/\/hotelvictoria.sk\/en\/wp-json\/wp\/v2\/pages\/21\/revisions"}],"predecessor-version":[{"id":9569,"href":"https:\/\/hotelvictoria.sk\/en\/wp-json\/wp\/v2\/pages\/21\/revisions\/9569"}],"wp:attachment":[{"href":"https:\/\/hotelvictoria.sk\/en\/wp-json\/wp\/v2\/media?parent=21"}],"curies":[{"name":"wp","href":"https:\/\/api.w.org\/{rel}","templated":true}]}}