{"id":25,"date":"2014-09-14T09:21:09","date_gmt":"2014-09-14T09:21:09","guid":{"rendered":"http:\/\/localhost\/final-leisure\/?page_id=25"},"modified":"2026-02-14T15:39:29","modified_gmt":"2026-02-14T14:39:29","slug":"gastronomia","status":"publish","type":"page","link":"https:\/\/hotelvictoria.sk\/en\/gastronomia\/","title":{"rendered":"Gastronomy"},"content":{"rendered":"<div class=\"wpb-content-wrapper\">[vc_row][vc_column width=&#8221;1\/2&#8243;][vc_column_text]\n<h1><small>Homebrewery and farm specialities<\/small>Quality food<\/h1>\n<p>In Hotel Victoria we prepare only food made of high quality ingredients. We try to take the advantage of local farm products. Our meals and products are made in traditional natural ways, without using any artificial preservatives, they are always fresh, tasty and healthy.<\/p>\n<p><strong>Breakfast<\/strong><br \/>\nRich breakfast buffet including home-made specialities is available for all our guests:<\/p>\n<ul>\n<li>farm dairy products (yoghurt, cheese, ricotta)<\/li>\n<li>farm meat products (sausages, bacon, hams)<\/li>\n<li>home-made groceries and pastries<\/li>\n<li>free range chicken eggs (omelettes, fried, boiled, \u2026)<\/li>\n<\/ul>\n[\/vc_column_text][\/vc_column][vc_column width=&#8221;1\/2&#8243;][vc_images_carousel images=&#8221;2994,2998,2999,3001,3002,6926,6884,6883,2927,6952,7014,7013,7056,7055,7054,7053,7050,7180&#8243; speed=&#8221;4000&#8243; wrap=&#8221;yes&#8221; autoplay=&#8221;&#8221;][\/vc_column][\/vc_row][vc_row el_id=&#8221;restauracia&#8221;][vc_column width=&#8221;1\/2&#8243;][vc_single_image image=&#8221;6882&#8243; img_size=&#8221;full&#8221; onclick=&#8221;link_image&#8221;][\/vc_column][vc_column width=&#8221;1\/2&#8243;][vc_column_text css=&#8221;.vc_custom_1723530415701{background-color: rgba(255,255,255,0.85) !important;*background-color: rgb(255,255,255) !important;}&#8221;]\n<h2>Restaurant<\/h2>\n<p>Hotel restaurant for up to 60 people is a dining center of the whole accommodation facility. A pleasant get-together, homemade beer, meat selected from home stead, carefully chosen selection of wines and qualified staff that can advise you when needed, what you could like. Our staff is a part of our hotel family. They will take care of you in a very skillful and friendly way, so that you are satisfied and a get-together in the restaurant is a pleasant gourmet and social experience.<\/p>\n<ul class=\"list-pointer\">\n<li><a href=\"https:\/\/hotelvictoria.sk\/wp-content\/uploads\/2018\/04\/A5-RE\u0160TAUR\u00c1CIA-otv\u00e1racie-hodiny-SVK_ENG.pdf\" target=\"_blank\" rel=\"noopener noreferrer\">Opening hours<\/a><\/li>\n<li><a href=\"https:\/\/hotelvictoria.sk\/wp-content\/uploads\/2024\/06\/JEDALNY_LISTOK_2024.pdf\">Restaurant menu<\/a><\/li>\n<\/ul>\n[\/vc_column_text][\/vc_column][\/vc_row][vc_row el_id=&#8221;pivovar&#8221;][vc_column width=&#8221;1\/2&#8243;][vc_single_image image=&#8221;2980&#8243; img_size=&#8221;full&#8221; onclick=&#8221;link_image&#8221;][vc_video link=&#8221;https:\/\/www.youtube.com\/watch?v=UIgLVMoEyoQ&#8221;][\/vc_column][vc_column width=&#8221;1\/2&#8243;][vc_column_text css=&#8221;.vc_custom_1675239321027{background-color: rgba(255,255,255,0.85) !important;*background-color: rgb(255,255,255) !important;}&#8221;]\n<h2>Brewery<\/h2>\n<p>We prepare home brew beer according to traditional recipes with procedures based on natural substances only. We brew beer from hundred-percent ingredients \u2013 grain malt, hop and water. It is water that is important, because it gives the beer its uniqueness. Fatra is an area rich in mineral springs, and is famous for its unique quality of water streams. The brewery is usually open Friday and Saturday since 16:00 until 23:00 (Change of opening hours may occur). Outside these hours you can get our selection of draft beer in the hotel restaurant.<\/p>\n<ul class=\"list-pointer\">\n<li><a href=\"https:\/\/hotelvictoria.sk\/wp-content\/uploads\/2023\/02\/Pivovarnicke-menu-2023-nove.pdf\" target=\"_blank\" rel=\"noopener noreferrer\">Brewery menu<\/a><\/li>\n<li><a href=\"https:\/\/hotelvictoria.sk\/wp-content\/uploads\/2022\/12\/FARMARSKY_LISTOK_2023.pdf\">Farm specialities<\/a><\/li>\n<\/ul>\n[\/vc_column_text][vc_custom_heading text=&#8221;Our awards&#8221; font_container=&#8221;tag:h3|text_align:left&#8221; use_theme_fonts=&#8221;yes&#8221;][vc_gallery images=&#8221;6900,6901,6902,6903&#8243; columns=&#8221;4&#8243;][vc_custom_heading text=&#8221;Our beers&#8221; font_container=&#8221;tag:h3|text_align:left&#8221; use_theme_fonts=&#8221;yes&#8221;][vc_row_inner][vc_column_inner width=&#8221;1\/3&#8243;][vc_column_text css=&#8221;.vc_custom_1524764131567{background-color: rgba(255,255,255,0.85) !important;*background-color: rgb(255,255,255) !important;}&#8221;]\n<ul class=\"list-pointer\">\n<li>Victoria Pils 12\u00b0<\/li>\n<li>Victoria Dark 13\u00b0<\/li>\n<\/ul>\n[\/vc_column_text][\/vc_column_inner][vc_column_inner width=&#8221;1\/3&#8243;][vc_column_text css=&#8221;.vc_custom_1521485867002{background-color: rgba(255,255,255,0.85) !important;*background-color: rgb(255,255,255) !important;}&#8221;]\n<ul class=\"list-pointer\">\n<li>Victoria Weizen 13\u00b0<\/li>\n<li>Victoria red Ale 14\u00b0<\/li>\n<\/ul>\n[\/vc_column_text][\/vc_column_inner][vc_column_inner width=&#8221;1\/3&#8243;][vc_column_text css=&#8221;.vc_custom_1524764121063{background-color: rgba(255,255,255,0.85) !important;*background-color: rgb(255,255,255) !important;}&#8221;]\n<ul class=\"list-pointer\">\n<li>Victoria Porter 18\u00b0<\/li>\n<li>Victoria Opat 20\u00b0<\/li>\n<\/ul>\n[\/vc_column_text][\/vc_column_inner][\/vc_row_inner][\/vc_column][\/vc_row][vc_row el_id=&#8221;vinoteka&#8221;][vc_column width=&#8221;1\/2&#8243;][vc_single_image image=&#8221;3007&#8243; img_size=&#8221;full&#8221; onclick=&#8221;link_image&#8221;][\/vc_column][vc_column width=&#8221;1\/2&#8243;][vc_column_text css=&#8221;.vc_custom_1651646803031{background-color: rgba(255,255,255,0.85) !important;*background-color: rgb(255,255,255) !important;}&#8221;]\n<h2>Wine cellar<\/h2>\n<p>A friendly get-together with wine or an instructed wine tasting of Slovak and foreign wines? Our wine cellar enables you to experience at an oak table a feeling of discovering new tastes, getting to know the varieties and types of wine or pleasantly spent time with your friends.<\/p>\n<ul class=\"list-pointer\">\n<li><a href=\"https:\/\/hotelvictoria.sk\/wp-content\/uploads\/2022\/03\/nova-vinna-karta-tlac-2022-final.pdf\" target=\"_blank\" rel=\"noopener noreferrer\">Wine card<\/a><\/li>\n<\/ul>\n[\/vc_column_text][\/vc_column][\/vc_row][vc_row el_id=&#8221;el-barco&#8221;][vc_column width=&#8221;1\/2&#8243;][vc_single_image image=&#8221;3002&#8243; img_size=&#8221;full&#8221; onclick=&#8221;link_image&#8221;][\/vc_column][vc_column width=&#8221;1\/2&#8243;][vc_column_text css=&#8221;.vc_custom_1651646839367{background-color: rgba(255,255,255,0.85) !important;*background-color: rgb(255,255,255) !important;}&#8221;]\n<h2>Lounge &#8220;El Barco&#8221;<\/h2>\n<p>A get-together with your business partner after a successful business meeting in a stylish lounge with the possibility to taste good cognac, whiskey and cigars opens new possibilities for your business.<\/p>\n<ul class=\"list-pointer\">\n<li><a href=\"https:\/\/hotelvictoria.sk\/wp-content\/uploads\/2021\/11\/Napojovy-listok-web-2022.pdf\" target=\"_blank\" rel=\"noopener noreferrer\">Drink list<\/a><\/li>\n<\/ul>\n[\/vc_column_text][\/vc_column][\/vc_row]\n<\/div>","protected":false},"excerpt":{"rendered":"<p>[vc_row][vc_column width=&#8221;1\/2&#8243;][vc_column_text] Homebrewery and farm specialitiesQuality food In Hotel Victoria we prepare only food made of high quality ingredients. We try to take the advantage of local farm products. Our meals and products are made in traditional natural ways, without using any artificial preservatives, they are always fresh, tasty and healthy. Breakfast Rich breakfast buffet including home-made specialities is available [&hellip;]<\/p>\n","protected":false},"author":1,"featured_media":0,"parent":0,"menu_order":0,"comment_status":"open","ping_status":"open","template":"","meta":{"footnotes":""},"class_list":["post-25","page","type-page","status-publish","hentry"],"_links":{"self":[{"href":"https:\/\/hotelvictoria.sk\/en\/wp-json\/wp\/v2\/pages\/25","targetHints":{"allow":["GET"]}}],"collection":[{"href":"https:\/\/hotelvictoria.sk\/en\/wp-json\/wp\/v2\/pages"}],"about":[{"href":"https:\/\/hotelvictoria.sk\/en\/wp-json\/wp\/v2\/types\/page"}],"author":[{"embeddable":true,"href":"https:\/\/hotelvictoria.sk\/en\/wp-json\/wp\/v2\/users\/1"}],"replies":[{"embeddable":true,"href":"https:\/\/hotelvictoria.sk\/en\/wp-json\/wp\/v2\/comments?post=25"}],"version-history":[{"count":42,"href":"https:\/\/hotelvictoria.sk\/en\/wp-json\/wp\/v2\/pages\/25\/revisions"}],"predecessor-version":[{"id":9659,"href":"https:\/\/hotelvictoria.sk\/en\/wp-json\/wp\/v2\/pages\/25\/revisions\/9659"}],"wp:attachment":[{"href":"https:\/\/hotelvictoria.sk\/en\/wp-json\/wp\/v2\/media?parent=25"}],"curies":[{"name":"wp","href":"https:\/\/api.w.org\/{rel}","templated":true}]}}