{"id":3073,"date":"2018-02-07T21:42:34","date_gmt":"2018-02-07T20:42:34","guid":{"rendered":"http:\/\/hotelvictoria.sk\/?page_id=3073"},"modified":"2022-06-11T08:57:52","modified_gmt":"2022-06-11T06:57:52","slug":"aktivity","status":"publish","type":"page","link":"https:\/\/hotelvictoria.sk\/en\/aktivity\/","title":{"rendered":"Activities"},"content":{"rendered":"<div class=\"wpb-content-wrapper\">\n[vc_row][vc_column width=&#8221;1\/2&#8243;][vc_column_text]\n<h1>Active rest<\/h1>\n<p>Hotel Victoria offers great selection of sport and social activities directly on the premises or in its immediate surroundings to make your free time count.<\/p>\n<p>The Turiec Region and Martin city are generous when it comes to various sport activities. The winters guarantee enough snow for all winter sports enthusiasts and in the summer you can enjoy numerous cultural or touristic activities.<\/p>\n<p>For more information about any of the above mentioned activities please reach out to our reception desk or e-mail <a href=\"mailto:recepcia@hotelvictoria.sk\">recepcia@hotelvictoria.sk<\/a>.[\/vc_column_text][\/vc_column][vc_column width=&#8221;1\/2&#8243;][vc_images_carousel images=&#8221;3078,3079,3080,3081,3082,3083,3084,3085,3086&#8243; wrap=&#8221;yes&#8221; autoplay=&#8221;&#8221;][\/vc_column][\/vc_row][vc_row full_width=&#8221;stretch_row&#8221; parallax=&#8221;content-moving&#8221; position=&#8221;right top&#8221; css=&#8221;.vc_custom_1518377697658{background-image: url(http:\/\/hotelvictoria.sk\/wp-content\/uploads\/2018\/02\/aktivity1.jpg?id=3087) !important;background-position: 0 0;background-repeat: no-repeat !important;}&#8221; el_class=&#8221;content-padding-xxl&#8221; el_id=&#8221;indoor&#8221;][vc_column width=&#8221;1\/2&#8243; el_class=&#8221;content-padding&#8221;][vc_column_text el_class=&#8221;white-box content-padding&#8221; css=&#8221;.vc_custom_1525558898950{background-color: rgba(255,255,255,0.85) !important;*background-color: rgb(255,255,255) !important;}&#8221;]\n<h2>Indoor activities<\/h2>\n<p>For your evening relax or on a bad weather day you can enjoy the following indoor activities:<\/p>\n<ul class=\"list-pointer\">\n<li>Bowling<\/li>\n<li>Pool table<\/li>\n<li>3D Hunting<\/li>\n<li>Squash<\/li>\n<li>Fitness<\/li>\n<\/ul>\n[\/vc_column_text][\/vc_column][\/vc_row][vc_row full_width=&#8221;stretch_row&#8221; position=&#8221;center center&#8221; parallax_layers=&#8221;yes&#8221; css=&#8221;.vc_custom_1517775488349{background-position: 0 0 !important;background-repeat: repeat !important;}&#8221; el_class=&#8221;bg-size&#8221; parallax_offset=&#8221;700&#8243;][vc_column width=&#8221;2\/3&#8243;][vc_column_text]\n<h2>Bowling<\/h2>\n<p>There are 2 automatic bowling alleys that may be reserved even individually for at least one hour. Bowling alleys can be also used as a part of a company teambuilding. For your refreshment during the game there is a nice bar with our bartenders at your disposal.<\/p>\n<p>Bowling alleys must be reserved in advance at the reception desk or by calling our phone lines.[\/vc_column_text][\/vc_column][vc_column width=&#8221;1\/3&#8243;][vc_single_image image=&#8221;3086&#8243; img_size=&#8221;full&#8221; onclick=&#8221;link_image&#8221;][\/vc_column][\/vc_row][vc_row full_width=&#8221;stretch_row&#8221; position=&#8221;center center&#8221; parallax_layers=&#8221;yes&#8221; css=&#8221;.vc_custom_1517775488349{background-position: 0 0 !important;background-repeat: repeat !important;}&#8221; el_class=&#8221;bg-size&#8221; parallax_offset=&#8221;700&#8243;][vc_column width=&#8221;1\/3&#8243;][vc_single_image image=&#8221;3080&#8243; img_size=&#8221;full&#8221; onclick=&#8221;link_image&#8221;][\/vc_column][vc_column width=&#8221;2\/3&#8243;][vc_column_text]\n<h2>3D Hunting<\/h2>\n<p>For those who are keen on any digital entertainment we have a hunting game simulator in 3D. Have fun hunting in warm and cosy environment of our hotel, or just watch your friends playing while enjoying our beer specialities.[\/vc_column_text][\/vc_column][\/vc_row][vc_row full_width=&#8221;stretch_row&#8221; position=&#8221;center center&#8221; parallax_layers=&#8221;yes&#8221; css=&#8221;.vc_custom_1517775488349{background-position: 0 0 !important;background-repeat: repeat !important;}&#8221; el_class=&#8221;bg-size&#8221; parallax_offset=&#8221;700&#8243;][vc_column width=&#8221;2\/3&#8243;][vc_column_text]\n<h2>Fitness<\/h2>\n<p>Our Fitness centre is equipped well for beginners as well as for more demanding customers. Fitness centre includes stationary bicycle, treadmill, bodybuilding tower and various dumb-bells.[\/vc_column_text][\/vc_column][vc_column width=&#8221;1\/3&#8243;][vc_single_image image=&#8221;3099&#8243; img_size=&#8221;full&#8221; onclick=&#8221;link_image&#8221;][\/vc_column][\/vc_row][vc_row full_width=&#8221;stretch_row&#8221; parallax=&#8221;content-moving&#8221; position=&#8221;left top&#8221; el_class=&#8221;content-padding-xxl&#8221; css=&#8221;.vc_custom_1518377711623{background-image: url(http:\/\/hotelvictoria.sk\/wp-content\/uploads\/2018\/02\/2.jpg?id=2978) !important;}&#8221; el_id=&#8221;outdoor&#8221;][vc_column width=&#8221;1\/2&#8243; offset=&#8221;vc_col-sm-offset-6&#8243;][vc_column_text el_class=&#8221;white-box content-padding&#8221; css=&#8221;.vc_custom_1525559102191{background-color: rgba(255,255,255,0.85) !important;*background-color: rgb(255,255,255) !important;}&#8221;]\n<h2>Outdoor activities<\/h2>\n<p>Directly on the premises you can take advantage of these activities:<\/p>\n<ul>\n<li>Tennis and squash<\/li>\n<li>Adventure golf<\/li>\n<li>Petanque<\/li>\n<li>Fitness park<\/li>\n<\/ul>\n[\/vc_column_text][\/vc_column][\/vc_row][vc_row full_width=&#8221;stretch_row&#8221; position=&#8221;center center&#8221; parallax_layers=&#8221;yes&#8221; css=&#8221;.vc_custom_1517775488349{background-position: 0 0 !important;background-repeat: repeat !important;}&#8221; el_class=&#8221;bg-size&#8221; parallax_offset=&#8221;700&#8243;][vc_column width=&#8221;2\/3&#8243;][vc_column_text]\n<h2>Tenis and Squash<\/h2>\n<p>For tennis enthusiasts there are 4 clay tennis courts, 2 of them at your disposal year-round covered with tennis \u2018bubble\u2019 roof for the winter. We also offer services of our skilled tennis coaches.<\/p>\n<p>For people more keen on faster games, we also have 2 squash courts available in a building next to the tennis courts. All squash fans are welcome![\/vc_column_text][\/vc_column][vc_column width=&#8221;1\/3&#8243;][vc_images_carousel images=&#8221;3083,3084,3081&#8243;][\/vc_column][\/vc_row][vc_row full_width=&#8221;stretch_row&#8221; position=&#8221;center center&#8221; parallax_layers=&#8221;yes&#8221; css=&#8221;.vc_custom_1517775488349{background-position: 0 0 !important;background-repeat: repeat !important;}&#8221; el_class=&#8221;bg-size&#8221; parallax_offset=&#8221;700&#8243;][vc_column width=&#8221;1\/3&#8243;][vc_images_carousel images=&#8221;3103,3104,3105,3106&#8243;][\/vc_column][vc_column width=&#8221;2\/3&#8243;][vc_column_text]\n<h2>Adventure golf<\/h2>\n<p>Adventure golf is a recreational sport and great fun for both kids and adults. It is basically a classic golf played on\u00a0 a miniature golf courses that do not contain the classic mini golf obstacles, but they imitate real golf obstacles such as uneven surface, water traps, and other.<\/p>\n<p>Adventure golf is played on artificial grass which players walk on. The equipment used is usually putting clubs, or minigolf \u2018hammers\u2019, and a golf ball. Our Adventure golf course has 9 holes and can be played by individuals or in teams. Maximum adviseable number of people on one hole is 4.<\/p>\n<p>Entrance is allowed only in clean and dry shoes.[\/vc_column_text][\/vc_column][\/vc_row][vc_row full_width=&#8221;stretch_row&#8221; position=&#8221;center center&#8221; parallax_layers=&#8221;yes&#8221; css=&#8221;.vc_custom_1517775488349{background-position: 0 0 !important;background-repeat: repeat !important;}&#8221; el_class=&#8221;bg-size&#8221; parallax_offset=&#8221;700&#8243;][vc_column width=&#8221;2\/3&#8243;][vc_column_text]\n<h2>Petanque<\/h2>\n<p>Petanque is a French game often played in social circles. With 1-3 members in a team, you try to toss the ball as close to the target as possible, target being a small wooden ball.<\/p>\n<p><span style=\"text-decoration: underline;\"><a href=\"http:\/\/www.playaboule.com\/Simple_petanque_rules.aspx\" target=\"_blank\" rel=\"noopener noreferrer\">Simple petanque rules<\/a><\/span>[\/vc_column_text][\/vc_column][vc_column width=&#8221;1\/3&#8243;][vc_single_image image=&#8221;3082&#8243; img_size=&#8221;full&#8221; onclick=&#8221;link_image&#8221;][\/vc_column][\/vc_row][vc_row full_width=&#8221;stretch_row&#8221; position=&#8221;center center&#8221; parallax_layers=&#8221;yes&#8221; css=&#8221;.vc_custom_1517775488349{background-position: 0 0 !important;background-repeat: repeat !important;}&#8221; el_class=&#8221;bg-size&#8221; parallax_offset=&#8221;700&#8243;][vc_column width=&#8221;1\/3&#8243;][vc_single_image image=&#8221;3079&#8243; img_size=&#8221;full&#8221; onclick=&#8221;link_image&#8221;][\/vc_column][vc_column width=&#8221;2\/3&#8243;][vc_column_text]\n<h2>Fitness park<\/h2>\n<p>There is an outdoor fitness park available for kids and adults. The outside exercise machines are a great option for your workout when you do not feel like being locked in the gym on a sunny day and you want to enjoy fresh air.<\/p>\n<p>In case you are interested in this activity, please get informed about the policy of use at the reception desk.[\/vc_column_text][\/vc_column][\/vc_row][vc_row full_width=&#8221;stretch_row&#8221; parallax=&#8221;content-moving&#8221; position=&#8221;right center&#8221; css=&#8221;.vc_custom_1518377732276{background-image: url(http:\/\/hotelvictoria.sk\/wp-content\/uploads\/2018\/02\/turiec.jpg?id=3089) !important;background-position: center;background-repeat: no-repeat !important;background-size: cover !important;}&#8221; el_class=&#8221;content-padding-xxl&#8221; el_id=&#8221;turiec&#8221;][vc_column width=&#8221;1\/2&#8243; el_class=&#8221;content-padding&#8221;][vc_column_text el_class=&#8221;white-box content-padding&#8221; css=&#8221;.vc_custom_1525559336255{background-color: rgba(255,255,255,0.85) !important;*background-color: rgb(255,255,255) !important;}&#8221;]\n<h2>Martin and area<\/h2>\n<p>The city of Martin is located in proximity of the mountain ranges Velka and Mala Fatra which determines it to be a perfect place for sport activities such as hiking, mountain cycling, and winter sports. The hiking and cycling trails vary in difficulty from family-friendly walks in nature to demanding all-day hikes.<\/p>\n<p>For history lovers, the Martin city centre has a long cultural history, moreover there is several castles in the vicinity &#8211; Sklabina, Blatnica, and Zniev. There is a few archeological sights and medieval cultural monuments in the region.[\/vc_column_text][\/vc_column][\/vc_row][vc_row full_width=&#8221;stretch_row&#8221; position=&#8221;center center&#8221; parallax_layers=&#8221;yes&#8221; css=&#8221;.vc_custom_1517775488349{background-position: 0 0 !important;background-repeat: repeat !important;}&#8221; el_class=&#8221;bg-size&#8221; parallax_offset=&#8221;700&#8243;][vc_column width=&#8221;2\/3&#8243;][vc_column_text]\n<h2>Summer activities<\/h2>\n<p>Martin is a parf of Turiec region and is located in so-called \u2018Turiec garden\u2019. This name defines the surrounding nature, embraced by the Velka and Mala Fatra mountain range. It is especially nature that charms all our visitors. In the summer time, a number of mountain cycling tracks and hiking trails can be discovered. The visitors may also take advantage of natural spas and aquaparks nearby, as well as visiting local ranches or sheepfarms.[\/vc_column_text][\/vc_column][vc_column width=&#8221;1\/3&#8243;][vc_single_image image=&#8221;3108&#8243; img_size=&#8221;full&#8221; onclick=&#8221;link_image&#8221;][\/vc_column][\/vc_row][vc_row full_width=&#8221;stretch_row&#8221; position=&#8221;center center&#8221; parallax_layers=&#8221;yes&#8221; css=&#8221;.vc_custom_1517775488349{background-position: 0 0 !important;background-repeat: repeat !important;}&#8221; el_class=&#8221;bg-size&#8221; parallax_offset=&#8221;700&#8243;][vc_column width=&#8221;1\/3&#8243;][vc_single_image image=&#8221;3109&#8243; img_size=&#8221;full&#8221; onclick=&#8221;link_image&#8221;][\/vc_column][vc_column width=&#8221;2\/3&#8243;][vc_column_text]\n<h2>Winter activities<\/h2>\n<p>Thanks to the surrounding ranges of Mala and Velka Fatra and great snow conditions in winter, there are several ski resorts &#8211; Valcianska valley, Jasenska valley, Martinske hole, that offer plenty of ways to enjoy the winter wonderland, such as skiing, snowboarding, cross-country skiing, sledging. Well-deserved rest after a day in the mountains is waiting for you in already mentioned spas or aquaparks with year-round operation.[\/vc_column_text][\/vc_column][\/vc_row][vc_row][vc_column][vc_separator][\/vc_column][\/vc_row][vc_row full_width=&#8221;stretch_row&#8221; position=&#8221;center center&#8221; parallax_layers=&#8221;yes&#8221; css=&#8221;.vc_custom_1517775488349{background-position: 0 0 !important;background-repeat: repeat !important;}&#8221; el_class=&#8221;bg-size&#8221; parallax_offset=&#8221;700&#8243;][vc_column][vc_column_text]\n<h3>Tour around the city centre<\/h3>\n<p><img loading=\"lazy\" decoding=\"async\" class=\"size-medium wp-image-3176 alignleft\" src=\"http:\/\/hotelvictoria.sk\/wp-content\/uploads\/2018\/02\/MT_0002-300x190.jpg\" alt=\"\" width=\"300\" height=\"190\" srcset=\"https:\/\/hotelvictoria.sk\/wp-content\/uploads\/2018\/02\/MT_0002-300x190.jpg 300w, https:\/\/hotelvictoria.sk\/wp-content\/uploads\/2018\/02\/MT_0002-768x488.jpg 768w, https:\/\/hotelvictoria.sk\/wp-content\/uploads\/2018\/02\/MT_0002-1024x650.jpg 1024w, https:\/\/hotelvictoria.sk\/wp-content\/uploads\/2018\/02\/MT_0002.jpg 1200w\" sizes=\"auto, (max-width: 300px) 100vw, 300px\" \/><b><\/b><\/p>\n<p>Our hotel is located 2.8 km from the Martin city centre. The heart of the town is a \u2018Millenium\u2019 building, which became a building of the year 2003. It is positioned on the historical Theatre square (\u2018Divadelne Namestie\u2019) which holds a lot of cultural events in the summer, for example the biggest outdoor theatre festival at the beginning of summer &#8211; \u2018Dotyky a spojenia\u2019.<\/p>\n<p>Other cultural heritage is visible in historical buildings such as the National House, Slovak Chamber Theatre, Turiec Gallery, or Catholic church of St. Martin.<\/p>\n<p>A picturesque sight over the whole city is offered from the area of Slovak National Museum.<\/p>\n<p><b>For more information: <\/b><a href=\"http:\/\/www.tikmartin.sk\/\">www.tikmartin.sk<\/a>[\/vc_column_text][vc_separator color=&#8221;white&#8221; css=&#8221;.vc_custom_1518071486425{margin-top: 20px !important;}&#8221;][vc_column_text]\n<h3>Museum of the Slovak Village<\/h3>\n<p><img loading=\"lazy\" decoding=\"async\" class=\"size-medium wp-image-3177 alignleft\" src=\"http:\/\/hotelvictoria.sk\/wp-content\/uploads\/2018\/02\/DSCF4941-300x225.jpg\" alt=\"\" width=\"300\" height=\"225\" srcset=\"https:\/\/hotelvictoria.sk\/wp-content\/uploads\/2018\/02\/DSCF4941-300x225.jpg 300w, https:\/\/hotelvictoria.sk\/wp-content\/uploads\/2018\/02\/DSCF4941-768x576.jpg 768w, https:\/\/hotelvictoria.sk\/wp-content\/uploads\/2018\/02\/DSCF4941-1024x768.jpg 1024w, https:\/\/hotelvictoria.sk\/wp-content\/uploads\/2018\/02\/DSCF4941.jpg 1200w\" sizes=\"auto, (max-width: 300px) 100vw, 300px\" \/><\/p>\n<p>The Museum of the Slovak village, also called skanzen, is the biggest open-air museum of this type in Slovakia.<\/p>\n<p>The museum presents northwest Slovak traditional folk architecture, typical in its habitation and lifestyle of traditional rural communities in Slovakia from the 19th to the early 20th century. In an area of 15,5 hectares there are 129 dwelling, farm, technical, social, and religious buildings. In this open-air museum, visitors can see interesting technical objects \u2013 such as vegetable oil production, worsted production and weaving cloth.<\/p>\n<p>More information:\u00a0<a title=\"www.skanzenmartin.sk\" href=\"http:\/\/www.skanzenmartin.sk\/\">www.skanzenmartin.sk<\/a>[\/vc_column_text][vc_separator color=&#8221;white&#8221; css=&#8221;.vc_custom_1518071486425{margin-top: 20px !important;}&#8221;][vc_column_text]\n<h3>Strecno Castle<\/h3>\n<p><img loading=\"lazy\" decoding=\"async\" class=\"size-medium wp-image-3178 alignleft\" src=\"http:\/\/hotelvictoria.sk\/wp-content\/uploads\/2018\/02\/HPIM0108-300x225.jpg\" alt=\"\" width=\"300\" height=\"225\" srcset=\"https:\/\/hotelvictoria.sk\/wp-content\/uploads\/2018\/02\/HPIM0108-300x225.jpg 300w, https:\/\/hotelvictoria.sk\/wp-content\/uploads\/2018\/02\/HPIM0108-768x576.jpg 768w, https:\/\/hotelvictoria.sk\/wp-content\/uploads\/2018\/02\/HPIM0108-1024x768.jpg 1024w, https:\/\/hotelvictoria.sk\/wp-content\/uploads\/2018\/02\/HPIM0108.jpg 1200w\" sizes=\"auto, (max-width: 300px) 100vw, 300px\" \/><\/p>\n<p>The Strecno Castle is a reconstructed ruin of a medieval castle of an irregular plan located in northern Slovakia. The castle stands on a 103-metre-high (338 ft) calcite cliff above the international road E50 and village Stre\u010dno. Along with the Old castle constitutes a significant landscape landmark of the Upper V\u00e1h region. Nowadays, after reconstruction, there are expositions of the Vah region regional museum.<\/p>\n<p>More information: <a href=\"http:\/\/www.hradstrecno.sk\/\">www.hradstrecno.sk<\/a>[\/vc_column_text][vc_separator color=&#8221;white&#8221; css=&#8221;.vc_custom_1518071486425{margin-top: 20px !important;}&#8221;][vc_column_text]\n<h3>Sutovsky waterfall<\/h3>\n<p><img loading=\"lazy\" decoding=\"async\" class=\"size-medium wp-image-3179 alignleft\" src=\"http:\/\/hotelvictoria.sk\/wp-content\/uploads\/2018\/02\/DSC_4690-e1466414831737-200x300.jpg\" alt=\"\" width=\"200\" height=\"300\" srcset=\"https:\/\/hotelvictoria.sk\/wp-content\/uploads\/2018\/02\/DSC_4690-e1466414831737-200x300.jpg 200w, https:\/\/hotelvictoria.sk\/wp-content\/uploads\/2018\/02\/DSC_4690-e1466414831737-768x1152.jpg 768w, https:\/\/hotelvictoria.sk\/wp-content\/uploads\/2018\/02\/DSC_4690-e1466414831737-683x1024.jpg 683w, https:\/\/hotelvictoria.sk\/wp-content\/uploads\/2018\/02\/DSC_4690-e1466414831737.jpg 800w\" sizes=\"auto, (max-width: 200px) 100vw, 200px\" \/><\/p>\n<p><strong>\u0160\u00fatovsk\u00fd vodop\u00e1d<\/strong> is a waterfall in Slovakia located in the Mal\u00e1 Fatra mountains, 4 kilometres (2.5 mi) north of the town of \u0160\u00fatovo in the height of 830 m, which is 19 km from the hotel. You can acccess the waterfall from the village following the blue hike trail. There is a big parking range at the beginning of trail. The difficulty of the trail is medium, starting at a concrete road, elevating to the forest track. The duration is approx. 1,5 hours and is suitable for families with children.<\/p>\n<p>More information: <a href=\"http:\/\/www.regionmalafatra.sk\/\">www.regionmalafatra.sk<\/a>[\/vc_column_text][vc_separator color=&#8221;white&#8221; css=&#8221;.vc_custom_1518071486425{margin-top: 20px !important;}&#8221;][vc_column_text]\n<h3>Hiking<\/h3>\n<p><img loading=\"lazy\" decoding=\"async\" class=\"size-medium wp-image-3180 alignleft\" src=\"http:\/\/hotelvictoria.sk\/wp-content\/uploads\/2018\/02\/DSCF7119-e1466416683304-225x300.jpg\" alt=\"\" width=\"225\" height=\"300\" srcset=\"https:\/\/hotelvictoria.sk\/wp-content\/uploads\/2018\/02\/DSCF7119-e1466416683304-225x300.jpg 225w, https:\/\/hotelvictoria.sk\/wp-content\/uploads\/2018\/02\/DSCF7119-e1466416683304-768x1024.jpg 768w, https:\/\/hotelvictoria.sk\/wp-content\/uploads\/2018\/02\/DSCF7119-e1466416683304.jpg 900w\" sizes=\"auto, (max-width: 225px) 100vw, 225px\" \/><\/p>\n<p>Hiking trail Ferrata HZS &#8211; one-way hiking trail to Martinske hole, lasting approximately 4 hours with different levels of difficulty; it involves water cascades, ladders, bridges.<\/p>\n<p>Distance from the hotel: 2,3 km.<\/p>\n<p>More information: <a href=\"http:\/\/www.turiec.com\/\">www.turiec.com<\/a><\/p>\n<p>Hiking trail in Gaderska dolina &#8211; this valley attracts visitors to take a walk in a beautiful nature of Velka Fatra. For hiking is ideal a non-demanding hike to Blatnica castle, for cycling follow the route to Certova brana.<\/p>\n<p>Distance from the hotel: 23 km<\/p>\n<p>More information: <a href=\"http:\/\/www.gaderskadolina.sk\/\">www.gaderskadolina.sk<\/a><\/p>\n<p align=\"left\">\n[\/vc_column_text][vc_separator color=&#8221;white&#8221; css=&#8221;.vc_custom_1518071486425{margin-top: 20px !important;}&#8221;][vc_column_text]\n<h3>Spa and Aquaparks:<\/h3>\n<p>Spa and Aquapark Tur\u010dianske Teplice<strong> &#8211; <\/strong>favorite slovak natural water aquapark in a spa town Turcianske teplice. Thermal outdoor and indoor swimming pools, vital world, water slides, children\u2019s activities.<\/p>\n<p>Distance from the hotel: 24 km<\/p>\n<p>More information: <a href=\"http:\/\/www.aquapark.therme.sk\/\">www.aquapark.therme.sk<\/a><\/p>\n<p>Spa Aphrodite in Rajecke Teplice &#8211; located on north-west of Slovakia, near Zilina. Relaxation pool, swimming pool, water world, and sauna world, it all can be found in Spa Aphrodite.<\/p>\n<p>Distance from the hotel: 44 km<\/p>\n<p>More information: <a href=\"http:\/\/www.spa.sk\/\">www.spa.sk<\/a><\/p>\n<p>Gino Paradise Aquapark Besenova &#8211; is located in the region Liptov in spa village Besenova, 12 km from Ruzomberok. There is a number of swimming pools, jacuzzis, water slides and a wellness centre.<\/p>\n<p>Distance from the hotel: 51 km<\/p>\n<p>More information: <a href=\"http:\/\/www.ginoparadise.sk\/\">www.ginoparadise.sk<\/a><\/p>\n<h3>Other activities:<\/h3>\n<p>Orava Castle<strong> &#8211;<\/strong> is situated on a high rock above Orava river in the village of Oravsk\u00fd Podz\u00e1mok, Slovakia. It is considered to be one of the most beautiful castles in Slovakia. The castle was built in the Kingdom of Hungary in the thirteenth century.<\/p>\n<p>Distance from the hotel: 31.6 km<\/p>\n<p>More information: <a href=\"http:\/\/www.pmza.sk\/\">www.pmza.sk<\/a><\/p>\n<p>Rafting on wooden rafts in Strecno &#8211; The revival of traditional transport allows visitors to get to know the extraordinary number of cultural, historical, natural and technical curiosities that are all concentrated on this 7 km long stretch of the river.<\/p>\n<p>Distance from the hotel: 32 km<\/p>\n<p>More information: <a href=\"http:\/\/www.plte-strecno.sk\/\">www.plte-strecno.sk\u00a0<\/a>[\/vc_column_text][\/vc_column][\/vc_row]\n\n<\/div>","protected":false},"excerpt":{"rendered":"<p>[vc_row][vc_column width=&#8221;1\/2&#8243;][vc_column_text] Active rest Hotel Victoria offers great selection of sport and social activities directly on the premises or in its immediate surroundings to make your free time count. The Turiec Region and Martin city are generous when it comes to various sport activities. The winters guarantee enough snow for all winter sports enthusiasts and in the summer you can [&hellip;]<\/p>\n","protected":false},"author":1,"featured_media":0,"parent":0,"menu_order":0,"comment_status":"closed","ping_status":"closed","template":"","meta":{"footnotes":""},"class_list":["post-3073","page","type-page","status-publish","hentry"],"_links":{"self":[{"href":"https:\/\/hotelvictoria.sk\/en\/wp-json\/wp\/v2\/pages\/3073","targetHints":{"allow":["GET"]}}],"collection":[{"href":"https:\/\/hotelvictoria.sk\/en\/wp-json\/wp\/v2\/pages"}],"about":[{"href":"https:\/\/hotelvictoria.sk\/en\/wp-json\/wp\/v2\/types\/page"}],"author":[{"embeddable":true,"href":"https:\/\/hotelvictoria.sk\/en\/wp-json\/wp\/v2\/users\/1"}],"replies":[{"embeddable":true,"href":"https:\/\/hotelvictoria.sk\/en\/wp-json\/wp\/v2\/comments?post=3073"}],"version-history":[{"count":1,"href":"https:\/\/hotelvictoria.sk\/en\/wp-json\/wp\/v2\/pages\/3073\/revisions"}],"predecessor-version":[{"id":9053,"href":"https:\/\/hotelvictoria.sk\/en\/wp-json\/wp\/v2\/pages\/3073\/revisions\/9053"}],"wp:attachment":[{"href":"https:\/\/hotelvictoria.sk\/en\/wp-json\/wp\/v2\/media?parent=3073"}],"curies":[{"name":"wp","href":"https:\/\/api.w.org\/{rel}","templated":true}]}}