{"id":8,"date":"2014-09-14T08:54:12","date_gmt":"2014-09-14T08:54:12","guid":{"rendered":"http:\/\/localhost\/final-leisure\/?page_id=2"},"modified":"2026-01-22T09:46:08","modified_gmt":"2026-01-22T08:46:08","slug":"sample-page-2-2","status":"publish","type":"page","link":"https:\/\/hotelvictoria.sk\/en\/","title":{"rendered":"Home"},"content":{"rendered":"<div class=\"wpb-content-wrapper\">[vc_row][vc_column width=&#8221;2\/3&#8243; offset=&#8221;vc_col-sm-offset-2&#8243;][vc_column_text]\n<h1 style=\"text-align: center;\"><small>\u010cas na pr\u00edjemn\u00e9 chv\u00edle!<\/small>HOTEL VICTORIA<\/h1>\n<p class=\"lead\" style=\"text-align: center;\">U\u017eite si pr\u00edjemn\u00fd pobyt v hoteli Victoria**** a vysk\u00fa\u0161ajte \u0161peciality na\u0161ej re\u0161taur\u00e1cie, farm\u00e1rske\u00a0 m\u00e4sov\u00e9 a mlie\u010dne v\u00fdrobky, v\u00fdborn\u00e9 pivo z vlastn\u00e9ho pivovaru, relaxa\u010dn\u00e9 mas\u00e1\u017ee, baz\u00e9n, sauny a unik\u00e1tne pivn\u00e9 k\u00fapele.<\/p>\n<p class=\"lead\" style=\"text-align: center;\">Vychutnajte si neprekonate\u013en\u00e9 kr\u00e1sy Turca a okolitej pr\u00edrody ne\u010faleko Martinsk\u00fdch hol\u00ed, Val\u010dianskej, Jasenskej doliny v in\u0161piruj\u00facom prostred\u00ed mesta Martin.<\/p>\n[\/vc_column_text][vc_row_inner equal_height=&#8221;yes&#8221;][vc_column_inner width=&#8221;1\/3&#8243;][vc_hoverbox image=&#8221;2817&#8243; primary_title=&#8221;Z\u00e1\u017eitkov\u00e9 pobyty&#8221; hover_title=&#8221;Z\u00e1\u017eitkov\u00e9 pobyty&#8221; shape=&#8221;square&#8221; hover_background_color=&#8221;mulled-wine&#8221;]Nechcete dovolenku str\u00e1vi\u0165 le\u0148o\u0161en\u00edm? M\u00e1te rados\u0165 ke\u010f si z pobytu odn\u00e1\u0161ate mno\u017estvo z\u00e1\u017eitkov? Z na\u0161ej \u0161irokej ponuky z\u00e1\u017eitkov\u00fdch pobytov si ur\u010dite vyberiete.<br \/>\n<span style=\"color: #ffffff;\"><a class=\"btn btn-link\" style=\"color: #ffffff;\" href=\"\/zazitkove-pobyty\/\">Viac<\/a><\/span>[\/vc_hoverbox][\/vc_column_inner][vc_column_inner width=&#8221;1\/3&#8243;][vc_hoverbox image=&#8221;2980&#8243; primary_title=&#8221;Dom\u00e1ci pivovar&#8221; hover_title=&#8221;Dom\u00e1ci pivovar&#8221; shape=&#8221;square&#8221; hover_background_color=&#8221;mulled-wine&#8221;]Dom\u00e1ci pivovar a produkty z farm\u00e1rskeho chovu s\u00fa na\u0161ou v\u00fdnimo\u010dnos\u0165ou, ktorou tvor\u00edme gastronomick\u00fa cestu v znamen\u00ed kvality a jedine\u010dnej chuti.<br \/>\n<span style=\"color: #ffffff;\"><a class=\"btn btn-link\" style=\"color: #ffffff;\" href=\"\/domaci-pivovar\/\">Viac<\/a><\/span>[\/vc_hoverbox][\/vc_column_inner][vc_column_inner width=&#8221;1\/3&#8243;][vc_hoverbox image=&#8221;3041&#8243; primary_title=&#8221;Wellness &amp; SPA&#8221; hover_title=&#8221;Wellness &amp; SPA&#8221; shape=&#8221;square&#8221; hover_background_color=&#8221;mulled-wine&#8221;]Rozmaznajte svoje zmysly, zrelaxujte telo aj ducha a spoznajte dokonal\u00fd oddych v SPA &amp; Wellness Victoria. Sauny, mas\u00e1\u017ee, pivn\u00e9 k\u00fapele a mnoho in\u00e9ho n\u00e1jdete v hoteli Victoria.<br \/>\n<span style=\"color: #ffffff;\"><a class=\"btn btn-link\" style=\"color: #ffffff;\" href=\"\/wellness\/\">Viac<\/a><\/span>[\/vc_hoverbox][\/vc_column_inner][\/vc_row_inner][\/vc_column][\/vc_row][vc_row full_width=&#8221;stretch_row&#8221; parallax_layers=&#8221;yes&#8221; style_images=&#8221;yes&#8221; css=&#8221;.vc_custom_1518375902993{background-image: url(http:\/\/hotelvictoria.sk\/wp-content\/uploads\/2018\/01\/bg-blede-1.jpg?id=2917) !important;background-position: center !important;background-repeat: no-repeat !important;background-size: cover !important;}&#8221; layer_1=&#8221;3043&#8243; layer_2=&#8221;3170&#8243; layer_3=&#8221;2982&#8243; layer_1_ratio=&#8221;0.75&#8243; layer_2_ratio=&#8221;0.94456456&#8243; layer_3_ratio=&#8221;1.25123&#8243; layer_1_vertical=&#8221;top: -30%&#8221; layer_1_horizontal=&#8221;left: 17%&#8221; layer_2_vertical=&#8221;top: 25%&#8221; layer_2_horizontal=&#8221;left: 24%&#8221; layer_3_vertical=&#8221;top: 90%&#8221; layer_3_horizontal=&#8221;left: 12%&#8221; layer_1_z=&#8221;1&#8243; layer_2_z=&#8221;0&#8243; layer_3_z=&#8221;1&#8243; el_class=&#8221;content-padding-xxl&#8221; parallax_offset=&#8221;800&#8243;][vc_column width=&#8221;1\/2&#8243; offset=&#8221;vc_col-sm-offset-6&#8243;][vc_column_text]\n<h2><small><strong>Hotel Victoria<\/strong><br \/>\n<\/small>Miesto pre V\u00e1\u0161 oddych, miesto skuto\u010dn\u00fdch z\u00e1\u017eitkov<\/h2>\n<p>Turisticky zn\u00e1ma oblas\u0165<strong> Martinsk\u00e9 Hole<\/strong> je pokojn\u00e1 a kr\u00e1sna \u010das\u0165 <strong>Malej Fatry<\/strong>, v ktorej nestretnete davy turistov ako na in\u00fdch miestach pohoria, v\u010faka \u010domu za\u017eijete pokoj a \u010daro jedine\u010dn\u00fdch Slovensk\u00fdch h\u00f4r. Hotel Victoria m\u00e1 v\u0161etko pre V\u00e1\u0161 dokonal\u00fd relax. Wellness, fitness, z\u00e1bavn\u00e9 a \u0161portov\u00e9 aktivity, turistick\u00e9 mo\u017enosti a v jeho bl\u00edzkosti sa nach\u00e1dza ly\u017eiarske stredisko Martinky.<\/p>\n<p>Hotel Victoria vynik\u00e1 svojou jedine\u010dnou gastron\u00f3miou, zalo\u017eenou na vyu\u017eit\u00ed lok\u00e1lnych a farm\u00e1rskych surov\u00edn. Na\u0161e jedl\u00e1 a produkty vyr\u00e1bame len tradi\u010dn\u00fdm prirodzen\u00fdm sp\u00f4sobom, bez pou\u017eitia ak\u00fdchko\u013evek umel\u00fdch pr\u00edsad, farb\u00edv a konzervatntov, s\u00fa v\u017edy \u010derstv\u00e9, chutn\u00e9 a zdrav\u00e9.[\/vc_column_text][\/vc_column][\/vc_row][vc_row][vc_column]<h2 class=\"text-center\">GAL\u00c9RIA AKTIV\u00cdT<\/h2><div class='services-carousel  owl-with-navigation' data-owl='{&quot;items&quot;:4,&quot;nav&quot;:true,&quot;navText&quot;:[&quot;Previous&quot;,&quot;Next&quot;],&quot;loop&quot;:true,&quot;autoplay&quot;:true,&quot;autoplayTimeout&quot;:5000,&quot;autoplayHoverPause&quot;:false,&quot;responsive&quot;:{&quot;0&quot;:{&quot;items&quot;:1,&quot;dots&quot;:false,&quot;nav&quot;:true},&quot;767&quot;:{&quot;items&quot;:4,&quot;dots&quot;:false},&quot;992&quot;:{&quot;items&quot;:4,&quot;dots&quot;:false}}}'><div class=\"item\">\n  <a href=\"\/aktivity\/#outdoor\" target=\"_self\" class=\"link-image\" title=\"Tenis\"><img loading=\"lazy\" decoding=\"async\" width=\"750\" height=\"563\" src=\"https:\/\/hotelvictoria.sk\/wp-content\/uploads\/2018\/01\/DSCF9491-1024x768.jpg\" class=\"attachment-large size-large\" alt=\"\" srcset=\"https:\/\/hotelvictoria.sk\/wp-content\/uploads\/2018\/01\/DSCF9491.jpg 1024w, https:\/\/hotelvictoria.sk\/wp-content\/uploads\/2018\/01\/DSCF9491-300x225.jpg 300w, https:\/\/hotelvictoria.sk\/wp-content\/uploads\/2018\/01\/DSCF9491-768x576.jpg 768w\" sizes=\"auto, (max-width: 750px) 100vw, 750px\" \/><\/a>      <div class=\"item-content\">\n      <h4><a href=\"\/aktivity\/#outdoor\" target=\"_self\" >Tenis<\/a><\/h4>      <p>V hoteli s\u00fa tenisov\u00e9 dvorce s celoro\u010dnou prev\u00e1dzkou. Zlep\u0161i\u0165 hru V\u00e1m pom\u00f4\u017eu na\u0161i sk\u00fasen\u00ed tr\u00e9neri.<\/p>    <\/div>\n  <\/div>\n<div class=\"item\">\n  <a href=\"\/aktivity\/#indoor\" target=\"_self\" class=\"link-image\" title=\"Squash\"><img loading=\"lazy\" decoding=\"async\" width=\"750\" height=\"500\" src=\"https:\/\/hotelvictoria.sk\/wp-content\/uploads\/2018\/01\/KAJ_8454-1024x683.jpg\" class=\"attachment-large size-large\" alt=\"\" srcset=\"https:\/\/hotelvictoria.sk\/wp-content\/uploads\/2018\/01\/KAJ_8454.jpg 1024w, https:\/\/hotelvictoria.sk\/wp-content\/uploads\/2018\/01\/KAJ_8454-300x200.jpg 300w, https:\/\/hotelvictoria.sk\/wp-content\/uploads\/2018\/01\/KAJ_8454-768x512.jpg 768w\" sizes=\"auto, (max-width: 750px) 100vw, 750px\" \/><\/a>      <div class=\"item-content\">\n      <h4><a href=\"\/aktivity\/#indoor\" target=\"_self\" >Squash<\/a><\/h4>      <p>Pre nad\u0161encov squashu m\u00e1me k dispoz\u00edcii 2 squashov\u00e9 kurty a tr\u00e9nerov pre Va\u0161u dokonal\u00fa hru.<\/p>    <\/div>\n  <\/div>\n<div class=\"item\">\n  <a href=\"\/aktivity\/#outdoor\" target=\"_self\" class=\"link-image\" title=\"Adventure Golf\"><img loading=\"lazy\" decoding=\"async\" width=\"750\" height=\"312\" src=\"https:\/\/hotelvictoria.sk\/wp-content\/uploads\/2018\/01\/960x397.jpg\" class=\"attachment-large size-large\" alt=\"\" srcset=\"https:\/\/hotelvictoria.sk\/wp-content\/uploads\/2018\/01\/960x397.jpg 955w, https:\/\/hotelvictoria.sk\/wp-content\/uploads\/2018\/01\/960x397-300x125.jpg 300w, https:\/\/hotelvictoria.sk\/wp-content\/uploads\/2018\/01\/960x397-768x319.jpg 768w\" sizes=\"auto, (max-width: 750px) 100vw, 750px\" \/><\/a>      <div class=\"item-content\">\n      <h4><a href=\"\/aktivity\/#outdoor\" target=\"_self\" >Adventure Golf<\/a><\/h4>      <p>Zahrajte si golf zmen\u0161en\u00fd do minigolfov\u00fdch dr\u00e1h s prek\u00e1\u017ekami ako na skuto\u010dnom golfovom ihrisku.<\/p>    <\/div>\n  <\/div>\n<div class=\"item\">\n  <a href=\"\/aktivity\/#indoor\" target=\"_self\" class=\"link-image\" title=\"Bowling\"><img loading=\"lazy\" decoding=\"async\" width=\"750\" height=\"501\" src=\"https:\/\/hotelvictoria.sk\/wp-content\/uploads\/2018\/01\/KAJ_8280-1024x684.jpg\" class=\"attachment-large size-large\" alt=\"\" srcset=\"https:\/\/hotelvictoria.sk\/wp-content\/uploads\/2018\/01\/KAJ_8280.jpg 1024w, https:\/\/hotelvictoria.sk\/wp-content\/uploads\/2018\/01\/KAJ_8280-300x200.jpg 300w, https:\/\/hotelvictoria.sk\/wp-content\/uploads\/2018\/01\/KAJ_8280-768x513.jpg 768w\" sizes=\"auto, (max-width: 750px) 100vw, 750px\" \/><\/a>      <div class=\"item-content\">\n      <h4><a href=\"\/aktivity\/#indoor\" target=\"_self\" >Bowling<\/a><\/h4>      <p>Za\u017eite kopec z\u00e1bavy s Va\u0161imi priate\u013emi na 2 modern\u00fdch bowlingov\u00fdch dr\u00e1hach.<\/p>    <\/div>\n  <\/div>\n<div class=\"item\">\n  <a href=\"\/aktivity\/#indoor\" target=\"_self\" class=\"link-image\" title=\"3D Hunting\"><img loading=\"lazy\" decoding=\"async\" width=\"750\" height=\"500\" src=\"https:\/\/hotelvictoria.sk\/wp-content\/uploads\/2018\/01\/KAJ_8402-1024x683.jpg\" class=\"attachment-large size-large\" alt=\"\" srcset=\"https:\/\/hotelvictoria.sk\/wp-content\/uploads\/2018\/01\/KAJ_8402.jpg 1024w, https:\/\/hotelvictoria.sk\/wp-content\/uploads\/2018\/01\/KAJ_8402-300x200.jpg 300w, https:\/\/hotelvictoria.sk\/wp-content\/uploads\/2018\/01\/KAJ_8402-768x512.jpg 768w\" sizes=\"auto, (max-width: 750px) 100vw, 750px\" \/><\/a>      <div class=\"item-content\">\n      <h4><a href=\"\/aktivity\/#indoor\" target=\"_self\" >3D Hunting<\/a><\/h4>      <p>L\u00e1ka V\u00e1s po\u013eova\u010dka? Vysk\u00fa\u0161ajte na\u0161u digit\u00e1lnu simul\u00e1ciu po\u013eova\u010dky 3D Hunting. Z\u00e1bava pre v\u0161etk\u00fdch.<\/p>    <\/div>\n  <\/div>\n<div class=\"item\">\n  <a href=\"\/aktivity\/#indoor\" target=\"_self\" class=\"link-image\" title=\"Biliard\"><img loading=\"lazy\" decoding=\"async\" width=\"750\" height=\"500\" src=\"https:\/\/hotelvictoria.sk\/wp-content\/uploads\/2018\/01\/KAJ_8725-1024x683.jpg\" class=\"attachment-large size-large\" alt=\"\" srcset=\"https:\/\/hotelvictoria.sk\/wp-content\/uploads\/2018\/01\/KAJ_8725.jpg 1024w, https:\/\/hotelvictoria.sk\/wp-content\/uploads\/2018\/01\/KAJ_8725-300x200.jpg 300w, https:\/\/hotelvictoria.sk\/wp-content\/uploads\/2018\/01\/KAJ_8725-768x512.jpg 768w\" sizes=\"auto, (max-width: 750px) 100vw, 750px\" \/><\/a>      <div class=\"item-content\">\n      <h4><a href=\"\/aktivity\/#indoor\" target=\"_self\" >Biliard<\/a><\/h4>      <p>Odd\u00fdchnite si pri hran\u00ed biliardu a vychutnajte si pivo z n\u00e1\u0161ho pivovaru.<\/p>    <\/div>\n  <\/div>\n<div class=\"item\">\n  <a href=\"\/aktivity\/#outdoor\" target=\"_self\" class=\"link-image\" title=\"Petang\"><img loading=\"lazy\" decoding=\"async\" width=\"750\" height=\"495\" src=\"https:\/\/hotelvictoria.sk\/wp-content\/uploads\/2018\/02\/petanque.jpg\" class=\"attachment-large size-large\" alt=\"\" srcset=\"https:\/\/hotelvictoria.sk\/wp-content\/uploads\/2018\/02\/petanque.jpg 800w, https:\/\/hotelvictoria.sk\/wp-content\/uploads\/2018\/02\/petanque-300x198.jpg 300w, https:\/\/hotelvictoria.sk\/wp-content\/uploads\/2018\/02\/petanque-768x507.jpg 768w\" sizes=\"auto, (max-width: 750px) 100vw, 750px\" \/><\/a>      <div class=\"item-content\">\n      <h4><a href=\"\/aktivity\/#outdoor\" target=\"_self\" >Petang<\/a><\/h4>      <p>Zahrajte si t\u00fato ob\u013e\u00faben\u00fa spolo\u010densk\u00fa hru, spoj\u00edte pobyt na \u010derstvom vzduchu s pr\u00edjemnou z\u00e1bavou<\/p>    <\/div>\n  <\/div>\n<div class=\"item\">\n  <a href=\"\/wellness\/\" target=\"_self\" class=\"link-image\" title=\"Wellness\"><img loading=\"lazy\" decoding=\"async\" width=\"750\" height=\"500\" src=\"https:\/\/hotelvictoria.sk\/wp-content\/uploads\/2018\/02\/sauna1.jpg\" class=\"attachment-large size-large\" alt=\"\" srcset=\"https:\/\/hotelvictoria.sk\/wp-content\/uploads\/2018\/02\/sauna1.jpg 800w, https:\/\/hotelvictoria.sk\/wp-content\/uploads\/2018\/02\/sauna1-300x200.jpg 300w, https:\/\/hotelvictoria.sk\/wp-content\/uploads\/2018\/02\/sauna1-768x512.jpg 768w\" sizes=\"auto, (max-width: 750px) 100vw, 750px\" \/><\/a>      <div class=\"item-content\">\n      <h4><a href=\"\/wellness\/\" target=\"_self\" >Wellness<\/a><\/h4>      <p>Oddychujte v novom a kraj\u0161om Wellness \u00a7 Spa Victoria<\/p>    <\/div>\n  <\/div>\n<div class=\"item\">\n  <a href=\"\/ubytovanie\/\" target=\"_self\" class=\"link-image\" title=\"Ubytovanie\"><img loading=\"lazy\" decoding=\"async\" width=\"750\" height=\"563\" src=\"https:\/\/hotelvictoria.sk\/wp-content\/uploads\/2015\/07\/P9091140-1024x768.jpg\" class=\"attachment-large size-large\" alt=\"\" srcset=\"https:\/\/hotelvictoria.sk\/wp-content\/uploads\/2015\/07\/P9091140-1024x768.jpg 1024w, https:\/\/hotelvictoria.sk\/wp-content\/uploads\/2015\/07\/P9091140-300x225.jpg 300w, https:\/\/hotelvictoria.sk\/wp-content\/uploads\/2015\/07\/P9091140-768x576.jpg 768w, https:\/\/hotelvictoria.sk\/wp-content\/uploads\/2015\/07\/P9091140.jpg 1200w\" sizes=\"auto, (max-width: 750px) 100vw, 750px\" \/><\/a>      <div class=\"item-content\">\n      <h4><a href=\"\/ubytovanie\/\" target=\"_self\" >Ubytovanie<\/a><\/h4>      <p>Zdrav\u00fd a kvalitn\u00fd sp\u00e1nok pod Martinsk\u00fdmi ho\u013eami<\/p>    <\/div>\n  <\/div>\n<div class=\"item\">\n  <a href=\"\/gastronomia\/#pivovar\" target=\"_self\" class=\"link-image\" title=\"Pivovar\"><img loading=\"lazy\" decoding=\"async\" width=\"750\" height=\"501\" src=\"https:\/\/hotelvictoria.sk\/wp-content\/uploads\/2018\/02\/5-1024x684.jpg\" class=\"attachment-large size-large\" alt=\"\" srcset=\"https:\/\/hotelvictoria.sk\/wp-content\/uploads\/2018\/02\/5-1024x684.jpg 1024w, https:\/\/hotelvictoria.sk\/wp-content\/uploads\/2018\/02\/5-300x200.jpg 300w, https:\/\/hotelvictoria.sk\/wp-content\/uploads\/2018\/02\/5-768x513.jpg 768w, https:\/\/hotelvictoria.sk\/wp-content\/uploads\/2018\/02\/5.jpg 1200w\" sizes=\"auto, (max-width: 750px) 100vw, 750px\" \/><\/a>      <div class=\"item-content\">\n      <h4><a href=\"\/gastronomia\/#pivovar\" target=\"_self\" >Pivovar<\/a><\/h4>      <p>Ochutnajte na\u0161e dom\u00e1ce pivo, tur\u010dianske pivo s viac ako 100 ro\u010dnou trad\u00edciou<\/p>    <\/div>\n  <\/div>\n<div class=\"item\">\n  <a href=\"\/gastronomia\/\" target=\"_self\" class=\"link-image\" title=\"Gastron\u00f3mia\"><img loading=\"lazy\" decoding=\"async\" width=\"750\" height=\"422\" src=\"https:\/\/hotelvictoria.sk\/wp-content\/uploads\/2018\/02\/prosciotto-det-1024x576.jpg\" class=\"attachment-large size-large\" alt=\"\" srcset=\"https:\/\/hotelvictoria.sk\/wp-content\/uploads\/2018\/02\/prosciotto-det-1024x576.jpg 1024w, https:\/\/hotelvictoria.sk\/wp-content\/uploads\/2018\/02\/prosciotto-det-300x169.jpg 300w, https:\/\/hotelvictoria.sk\/wp-content\/uploads\/2018\/02\/prosciotto-det-768x432.jpg 768w, https:\/\/hotelvictoria.sk\/wp-content\/uploads\/2018\/02\/prosciotto-det.jpg 1200w\" sizes=\"auto, (max-width: 750px) 100vw, 750px\" \/><\/a>      <div class=\"item-content\">\n      <h4><a href=\"\/gastronomia\/\" target=\"_self\" >Gastron\u00f3mia<\/a><\/h4>      <p>Pivovar a prav\u00e9 farm\u00e1rske \u0161peciality zo slovenskej kuchyne, vyu\u017e\u00edvame dom\u00e1ce suroviny<\/p>    <\/div>\n  <\/div>\n<div class=\"item\">\n  <a href=\"\/kongresy-svadby\/\" target=\"_self\" class=\"link-image\" title=\"Svadba\"><img loading=\"lazy\" decoding=\"async\" width=\"750\" height=\"500\" src=\"https:\/\/hotelvictoria.sk\/wp-content\/uploads\/2018\/02\/988597_1144128672279421_4986738076036379611_n.jpg\" class=\"attachment-large size-large\" alt=\"\" srcset=\"https:\/\/hotelvictoria.sk\/wp-content\/uploads\/2018\/02\/988597_1144128672279421_4986738076036379611_n.jpg 960w, https:\/\/hotelvictoria.sk\/wp-content\/uploads\/2018\/02\/988597_1144128672279421_4986738076036379611_n-300x200.jpg 300w, https:\/\/hotelvictoria.sk\/wp-content\/uploads\/2018\/02\/988597_1144128672279421_4986738076036379611_n-768x512.jpg 768w\" sizes=\"auto, (max-width: 750px) 100vw, 750px\" \/><\/a>      <div class=\"item-content\">\n      <h4><a href=\"\/kongresy-svadby\/\" target=\"_self\" >Svadba<\/a><\/h4>      <p>Priprav\u00edme pre V\u00e1s jedine\u010dn\u00fd a nezabudnute\u013en\u00fd z\u00e1\u017eitok<\/p>    <\/div>\n  <\/div>\n<div class=\"item\">\n  <a href=\"\/kongresy-svadby\/\" target=\"_self\" class=\"link-image\" title=\"Kongres\"><img loading=\"lazy\" decoding=\"async\" width=\"750\" height=\"557\" src=\"https:\/\/hotelvictoria.sk\/wp-content\/uploads\/2018\/02\/Panorama31-1024x761.jpg\" class=\"attachment-large size-large\" alt=\"\" srcset=\"https:\/\/hotelvictoria.sk\/wp-content\/uploads\/2018\/02\/Panorama31-1024x761.jpg 1024w, https:\/\/hotelvictoria.sk\/wp-content\/uploads\/2018\/02\/Panorama31-300x223.jpg 300w, https:\/\/hotelvictoria.sk\/wp-content\/uploads\/2018\/02\/Panorama31-768x571.jpg 768w, https:\/\/hotelvictoria.sk\/wp-content\/uploads\/2018\/02\/Panorama31.jpg 1200w\" sizes=\"auto, (max-width: 750px) 100vw, 750px\" \/><\/a>      <div class=\"item-content\">\n      <h4><a href=\"\/kongresy-svadby\/\" target=\"_self\" >Kongres<\/a><\/h4>      <p>Pon\u00fakame modern\u00e9 a priestrann\u00e9 kongresov\u00e9 centrum s kompletn\u00fdm vybaven\u00edm<\/p>    <\/div>\n  <\/div>\n<div class=\"item\">\n  <a href=\"\/aktivity\/#turiec\" target=\"_self\" class=\"link-image\" title=\"Ly\u017eovanie\"><img loading=\"lazy\" decoding=\"async\" width=\"743\" height=\"372\" src=\"https:\/\/hotelvictoria.sk\/wp-content\/uploads\/2018\/02\/gallery_snowland-valcianska-dolina_12.jpg\" class=\"attachment-large size-large\" alt=\"\" srcset=\"https:\/\/hotelvictoria.sk\/wp-content\/uploads\/2018\/02\/gallery_snowland-valcianska-dolina_12.jpg 743w, https:\/\/hotelvictoria.sk\/wp-content\/uploads\/2018\/02\/gallery_snowland-valcianska-dolina_12-300x150.jpg 300w\" sizes=\"auto, (max-width: 743px) 100vw, 743px\" \/><\/a>      <div class=\"item-content\">\n      <h4><a href=\"\/aktivity\/#turiec\" target=\"_self\" >Ly\u017eovanie<\/a><\/h4>      <p>Pohorie Malej a Ve\u013ekej Fatry poskytuje dostatok kapac\u00edt pre bohat\u00e9 zimn\u00e9 aktivity a radov\u00e1nky<\/p>    <\/div>\n  <\/div>\n<div class=\"item\">\n  <a href=\"\/aktivity\/#turiec\" target=\"_self\" class=\"link-image\" title=\"Cykloturistika\"><img loading=\"lazy\" decoding=\"async\" width=\"546\" height=\"397\" src=\"https:\/\/hotelvictoria.sk\/wp-content\/uploads\/2018\/02\/leto-slide-960x397.jpg\" class=\"attachment-large size-large\" alt=\"\" srcset=\"https:\/\/hotelvictoria.sk\/wp-content\/uploads\/2018\/02\/leto-slide-960x397.jpg 546w, https:\/\/hotelvictoria.sk\/wp-content\/uploads\/2018\/02\/leto-slide-960x397-300x218.jpg 300w\" sizes=\"auto, (max-width: 546px) 100vw, 546px\" \/><\/a>      <div class=\"item-content\">\n      <h4><a href=\"\/aktivity\/#turiec\" target=\"_self\" >Cykloturistika<\/a><\/h4>      <p>Okolit\u00e1 pr\u00edroda u\u010daruje v\u0161etk\u00fdm n\u00e1v\u0161tevn\u00edkom, pe\u0161i i na bicykli str\u00e1vite n\u00e1dhern\u00e9 chv\u00edle<\/p>    <\/div>\n  <\/div>\n<\/div>[\/vc_column][\/vc_row]\n<\/div>","protected":false},"excerpt":{"rendered":"<p>[vc_row][vc_column width=&#8221;2\/3&#8243; offset=&#8221;vc_col-sm-offset-2&#8243;][vc_column_text] \u010cas na pr\u00edjemn\u00e9 chv\u00edle!HOTEL VICTORIA U\u017eite si pr\u00edjemn\u00fd pobyt v hoteli Victoria**** a vysk\u00fa\u0161ajte \u0161peciality na\u0161ej re\u0161taur\u00e1cie, farm\u00e1rske\u00a0 m\u00e4sov\u00e9 a mlie\u010dne v\u00fdrobky, v\u00fdborn\u00e9 pivo z vlastn\u00e9ho pivovaru, relaxa\u010dn\u00e9 mas\u00e1\u017ee, baz\u00e9n, sauny a unik\u00e1tne pivn\u00e9 k\u00fapele. Vychutnajte si neprekonate\u013en\u00e9 kr\u00e1sy Turca a okolitej pr\u00edrody ne\u010faleko Martinsk\u00fdch hol\u00ed, Val\u010dianskej, Jasenskej doliny v in\u0161piruj\u00facom prostred\u00ed mesta Martin. [\/vc_column_text][vc_row_inner equal_height=&#8221;yes&#8221;][vc_column_inner width=&#8221;1\/3&#8243;][vc_hoverbox [&hellip;]<\/p>\n","protected":false},"author":1,"featured_media":0,"parent":0,"menu_order":0,"comment_status":"closed","ping_status":"closed","template":"","meta":{"footnotes":""},"class_list":["post-8","page","type-page","status-publish","hentry"],"_links":{"self":[{"href":"https:\/\/hotelvictoria.sk\/en\/wp-json\/wp\/v2\/pages\/8","targetHints":{"allow":["GET"]}}],"collection":[{"href":"https:\/\/hotelvictoria.sk\/en\/wp-json\/wp\/v2\/pages"}],"about":[{"href":"https:\/\/hotelvictoria.sk\/en\/wp-json\/wp\/v2\/types\/page"}],"author":[{"embeddable":true,"href":"https:\/\/hotelvictoria.sk\/en\/wp-json\/wp\/v2\/users\/1"}],"replies":[{"embeddable":true,"href":"https:\/\/hotelvictoria.sk\/en\/wp-json\/wp\/v2\/comments?post=8"}],"version-history":[{"count":85,"href":"https:\/\/hotelvictoria.sk\/en\/wp-json\/wp\/v2\/pages\/8\/revisions"}],"predecessor-version":[{"id":9634,"href":"https:\/\/hotelvictoria.sk\/en\/wp-json\/wp\/v2\/pages\/8\/revisions\/9634"}],"wp:attachment":[{"href":"https:\/\/hotelvictoria.sk\/en\/wp-json\/wp\/v2\/media?parent=8"}],"curies":[{"name":"wp","href":"https:\/\/api.w.org\/{rel}","templated":true}]}}